{"id":85,"date":"2016-07-15T11:51:39","date_gmt":"2016-07-15T10:51:39","guid":{"rendered":"\/?page_id=85"},"modified":"2021-07-20T16:42:22","modified_gmt":"2021-07-20T15:42:22","slug":"gondozoknak-szoloinformaciok","status":"publish","type":"page","link":"https:\/\/www.livingwithnets.com\/hu\/egyutteles-a-net-tel\/gondozoknak-szoloinformaciok\/","title":{"rendered":"Information For Caregivers"},"content":{"rendered":"","protected":false},"excerpt":{"rendered":"","protected":false},"author":1,"featured_media":0,"parent":10,"menu_order":6,"comment_status":"closed","ping_status":"closed","template":"template-general-content.php","meta":{"_acf_changed":false,"_monsterinsights_skip_tracking":false,"_monsterinsights_sitenote_active":false,"_monsterinsights_sitenote_note":"","_monsterinsights_sitenote_category":0,"footnotes":""},"class_list":["post-85","page","type-page","status-publish","hentry"],"yoast_head":"<!-- This site is optimized with the Yoast SEO plugin v25.9 - https:\/\/yoast.com\/wordpress\/plugins\/seo\/ -->\n<title>Gondoz\u00f3i inform\u00e1ci\u00f3k: A neuroendokrin tumorral val\u00f3 egy\u00fctt\u00e9l\u00e9s (NET)<\/title>\n<meta name=\"description\" content=\"Tan\u00e1csad\u00e1s \u00e9s t\u00e1mogat\u00e1s a neuroendokrin tumorokkal (NET) rendelkez\u0151 betegeket ell\u00e1t\u00f3 emberek sz\u00e1m\u00e1ra, bele\u00e9rtve a fizikai \u00e9s \u00e9rzelmi stressz kezel\u00e9s\u00e9re szolg\u00e1l\u00f3 gyakorlati megold\u00e1sokat is.\" \/>\n<meta name=\"robots\" content=\"index, follow, max-snippet:-1, max-image-preview:large, max-video-preview:-1\" \/>\n<link rel=\"canonical\" href=\"https:\/\/www.livingwithnets.com\/hu\/egyutteles-a-net-tel\/gondozoknak-szoloinformaciok\/\" \/>\n<meta property=\"og:locale\" content=\"hu_HU\" \/>\n<meta property=\"og:type\" content=\"article\" \/>\n<meta property=\"og:title\" content=\"Gondoz\u00f3i inform\u00e1ci\u00f3k: A neuroendokrin tumorral val\u00f3 egy\u00fctt\u00e9l\u00e9s (NET)\" \/>\n<meta property=\"og:description\" content=\"Tan\u00e1csad\u00e1s \u00e9s t\u00e1mogat\u00e1s a neuroendokrin tumorokkal (NET) rendelkez\u0151 betegeket ell\u00e1t\u00f3 emberek sz\u00e1m\u00e1ra, bele\u00e9rtve a fizikai \u00e9s \u00e9rzelmi stressz kezel\u00e9s\u00e9re szolg\u00e1l\u00f3 gyakorlati megold\u00e1sokat is.\" \/>\n<meta property=\"og:url\" content=\"https:\/\/www.livingwithnets.com\/hu\/egyutteles-a-net-tel\/gondozoknak-szoloinformaciok\/\" \/>\n<meta property=\"og:site_name\" content=\"Living with NETS\" \/>\n<meta property=\"article:modified_time\" content=\"2021-07-20T15:42:22+00:00\" \/>\n<meta name=\"twitter:card\" content=\"summary_large_image\" \/>\n<script type=\"application\/ld+json\" class=\"yoast-schema-graph\">{\"@context\":\"https:\/\/schema.org\",\"@graph\":[{\"@type\":\"WebPage\",\"@id\":\"https:\/\/www.livingwithnets.com\/hu\/egyutteles-a-net-tel\/gondozoknak-szoloinformaciok\/\",\"url\":\"https:\/\/www.livingwithnets.com\/hu\/egyutteles-a-net-tel\/gondozoknak-szoloinformaciok\/\",\"name\":\"Gondoz\u00f3i inform\u00e1ci\u00f3k: A neuroendokrin tumorral val\u00f3 egy\u00fctt\u00e9l\u00e9s (NET)\",\"isPartOf\":{\"@id\":\"https:\/\/www.livingwithnets.com\/hu\/#website\"},\"datePublished\":\"2016-07-15T10:51:39+00:00\",\"dateModified\":\"2021-07-20T15:42:22+00:00\",\"description\":\"Tan\u00e1csad\u00e1s \u00e9s t\u00e1mogat\u00e1s a neuroendokrin tumorokkal (NET) rendelkez\u0151 betegeket ell\u00e1t\u00f3 emberek sz\u00e1m\u00e1ra, bele\u00e9rtve a fizikai \u00e9s \u00e9rzelmi stressz kezel\u00e9s\u00e9re szolg\u00e1l\u00f3 gyakorlati megold\u00e1sokat is.\",\"breadcrumb\":{\"@id\":\"https:\/\/www.livingwithnets.com\/hu\/egyutteles-a-net-tel\/gondozoknak-szoloinformaciok\/#breadcrumb\"},\"inLanguage\":\"hu\",\"potentialAction\":[{\"@type\":\"ReadAction\",\"target\":[\"https:\/\/www.livingwithnets.com\/hu\/egyutteles-a-net-tel\/gondozoknak-szoloinformaciok\/\"]}]},{\"@type\":\"BreadcrumbList\",\"@id\":\"https:\/\/www.livingwithnets.com\/hu\/egyutteles-a-net-tel\/gondozoknak-szoloinformaciok\/#breadcrumb\",\"itemListElement\":[{\"@type\":\"ListItem\",\"position\":1,\"name\":\"Home\",\"item\":\"https:\/\/www.livingwithnets.com\/hu\/\"},{\"@type\":\"ListItem\",\"position\":2,\"name\":\"Living With NETs\",\"item\":\"https:\/\/www.livingwithnets.com\/hu\/egyutteles-a-net-tel\/\"},{\"@type\":\"ListItem\",\"position\":3,\"name\":\"Information For Caregivers\"}]},{\"@type\":\"WebSite\",\"@id\":\"https:\/\/www.livingwithnets.com\/hu\/#website\",\"url\":\"https:\/\/www.livingwithnets.com\/hu\/\",\"name\":\"Living with NETS\",\"description\":\"Living with NETs - the home of neuroendocrine tumour information and support\",\"potentialAction\":[{\"@type\":\"SearchAction\",\"target\":{\"@type\":\"EntryPoint\",\"urlTemplate\":\"https:\/\/www.livingwithnets.com\/hu\/?s={search_term_string}\"},\"query-input\":{\"@type\":\"PropertyValueSpecification\",\"valueRequired\":true,\"valueName\":\"search_term_string\"}}],\"inLanguage\":\"hu\"}]}<\/script>\n<!-- \/ Yoast SEO plugin. -->","yoast_head_json":{"title":"Gondoz\u00f3i inform\u00e1ci\u00f3k: A neuroendokrin tumorral val\u00f3 egy\u00fctt\u00e9l\u00e9s (NET)","description":"Tan\u00e1csad\u00e1s \u00e9s t\u00e1mogat\u00e1s a neuroendokrin tumorokkal (NET) rendelkez\u0151 betegeket ell\u00e1t\u00f3 emberek sz\u00e1m\u00e1ra, bele\u00e9rtve a fizikai \u00e9s \u00e9rzelmi stressz kezel\u00e9s\u00e9re szolg\u00e1l\u00f3 gyakorlati megold\u00e1sokat is.","robots":{"index":"index","follow":"follow","max-snippet":"max-snippet:-1","max-image-preview":"max-image-preview:large","max-video-preview":"max-video-preview:-1"},"canonical":"https:\/\/www.livingwithnets.com\/hu\/egyutteles-a-net-tel\/gondozoknak-szoloinformaciok\/","og_locale":"hu_HU","og_type":"article","og_title":"Gondoz\u00f3i inform\u00e1ci\u00f3k: A neuroendokrin tumorral val\u00f3 egy\u00fctt\u00e9l\u00e9s (NET)","og_description":"Tan\u00e1csad\u00e1s \u00e9s t\u00e1mogat\u00e1s a neuroendokrin tumorokkal (NET) rendelkez\u0151 betegeket ell\u00e1t\u00f3 emberek sz\u00e1m\u00e1ra, bele\u00e9rtve a fizikai \u00e9s \u00e9rzelmi stressz kezel\u00e9s\u00e9re szolg\u00e1l\u00f3 gyakorlati megold\u00e1sokat is.","og_url":"https:\/\/www.livingwithnets.com\/hu\/egyutteles-a-net-tel\/gondozoknak-szoloinformaciok\/","og_site_name":"Living with NETS","article_modified_time":"2021-07-20T15:42:22+00:00","twitter_card":"summary_large_image","schema":{"@context":"https:\/\/schema.org","@graph":[{"@type":"WebPage","@id":"https:\/\/www.livingwithnets.com\/hu\/egyutteles-a-net-tel\/gondozoknak-szoloinformaciok\/","url":"https:\/\/www.livingwithnets.com\/hu\/egyutteles-a-net-tel\/gondozoknak-szoloinformaciok\/","name":"Gondoz\u00f3i inform\u00e1ci\u00f3k: A neuroendokrin tumorral val\u00f3 egy\u00fctt\u00e9l\u00e9s (NET)","isPartOf":{"@id":"https:\/\/www.livingwithnets.com\/hu\/#website"},"datePublished":"2016-07-15T10:51:39+00:00","dateModified":"2021-07-20T15:42:22+00:00","description":"Tan\u00e1csad\u00e1s \u00e9s t\u00e1mogat\u00e1s a neuroendokrin tumorokkal (NET) rendelkez\u0151 betegeket ell\u00e1t\u00f3 emberek sz\u00e1m\u00e1ra, bele\u00e9rtve a fizikai \u00e9s \u00e9rzelmi stressz kezel\u00e9s\u00e9re szolg\u00e1l\u00f3 gyakorlati megold\u00e1sokat is.","breadcrumb":{"@id":"https:\/\/www.livingwithnets.com\/hu\/egyutteles-a-net-tel\/gondozoknak-szoloinformaciok\/#breadcrumb"},"inLanguage":"hu","potentialAction":[{"@type":"ReadAction","target":["https:\/\/www.livingwithnets.com\/hu\/egyutteles-a-net-tel\/gondozoknak-szoloinformaciok\/"]}]},{"@type":"BreadcrumbList","@id":"https:\/\/www.livingwithnets.com\/hu\/egyutteles-a-net-tel\/gondozoknak-szoloinformaciok\/#breadcrumb","itemListElement":[{"@type":"ListItem","position":1,"name":"Home","item":"https:\/\/www.livingwithnets.com\/hu\/"},{"@type":"ListItem","position":2,"name":"Living With NETs","item":"https:\/\/www.livingwithnets.com\/hu\/egyutteles-a-net-tel\/"},{"@type":"ListItem","position":3,"name":"Information For Caregivers"}]},{"@type":"WebSite","@id":"https:\/\/www.livingwithnets.com\/hu\/#website","url":"https:\/\/www.livingwithnets.com\/hu\/","name":"Living with NETS","description":"Living with NETs - the home of neuroendocrine tumour information and support","potentialAction":[{"@type":"SearchAction","target":{"@type":"EntryPoint","urlTemplate":"https:\/\/www.livingwithnets.com\/hu\/?s={search_term_string}"},"query-input":{"@type":"PropertyValueSpecification","valueRequired":true,"valueName":"search_term_string"}}],"inLanguage":"hu"}]}},"acf":[],"_links":{"self":[{"href":"https:\/\/www.livingwithnets.com\/hu\/wp-json\/wp\/v2\/pages\/85","targetHints":{"allow":["GET"]}}],"collection":[{"href":"https:\/\/www.livingwithnets.com\/hu\/wp-json\/wp\/v2\/pages"}],"about":[{"href":"https:\/\/www.livingwithnets.com\/hu\/wp-json\/wp\/v2\/types\/page"}],"author":[{"embeddable":true,"href":"https:\/\/www.livingwithnets.com\/hu\/wp-json\/wp\/v2\/users\/1"}],"replies":[{"embeddable":true,"href":"https:\/\/www.livingwithnets.com\/hu\/wp-json\/wp\/v2\/comments?post=85"}],"version-history":[{"count":4,"href":"https:\/\/www.livingwithnets.com\/hu\/wp-json\/wp\/v2\/pages\/85\/revisions"}],"predecessor-version":[{"id":4589,"href":"https:\/\/www.livingwithnets.com\/hu\/wp-json\/wp\/v2\/pages\/85\/revisions\/4589"}],"up":[{"embeddable":true,"href":"https:\/\/www.livingwithnets.com\/hu\/wp-json\/wp\/v2\/pages\/10"}],"wp:attachment":[{"href":"https:\/\/www.livingwithnets.com\/hu\/wp-json\/wp\/v2\/media?parent=85"}],"curies":[{"name":"wp","href":"https:\/\/api.w.org\/{rel}","templated":true}]}}