{"id":83,"date":"2016-07-15T11:47:07","date_gmt":"2016-07-15T10:47:07","guid":{"rendered":"\/?page_id=83"},"modified":"2021-07-20T16:41:48","modified_gmt":"2021-07-20T15:41:48","slug":"net-es-munka","status":"publish","type":"page","link":"https:\/\/www.livingwithnets.com\/hu\/egyutteles-a-net-tel\/net-es-munka\/","title":{"rendered":"NETs And Work"},"content":{"rendered":"","protected":false},"excerpt":{"rendered":"","protected":false},"author":1,"featured_media":0,"parent":10,"menu_order":5,"comment_status":"closed","ping_status":"closed","template":"template-general-content.php","meta":{"_acf_changed":false,"_monsterinsights_skip_tracking":false,"_monsterinsights_sitenote_active":false,"_monsterinsights_sitenote_note":"","_monsterinsights_sitenote_category":0,"footnotes":""},"class_list":["post-83","page","type-page","status-publish","hentry"],"yoast_head":"<!-- This site is optimized with the Yoast SEO plugin v25.9 - https:\/\/yoast.com\/wordpress\/plugins\/seo\/ -->\n<title>Munka \u00e9s NET: A neuroendokrin tumorral val\u00f3 egy\u00fctt\u00e9l\u00e9s (NET)<\/title>\n<meta name=\"description\" content=\"Tudjon meg t\u00f6bbet a munka folytat\u00e1s\u00e1r\u00f3l a NET-tel bele\u00e9rtve a foglalkoztat\u00e1si \u00e9s egy\u00e9b munkalehet\u0151s\u00e9geket a NET diagn\u00f3zisa ut\u00e1n \u00e9s t\u00e1j\u00e9koztassa munk\u00e1ltat\u00f3j\u00e1t a NET betegs\u00e9g\u00e9r\u0151l.\" \/>\n<meta name=\"robots\" content=\"index, follow, max-snippet:-1, max-image-preview:large, max-video-preview:-1\" \/>\n<link rel=\"canonical\" href=\"https:\/\/www.livingwithnets.com\/hu\/egyutteles-a-net-tel\/net-es-munka\/\" \/>\n<meta property=\"og:locale\" content=\"hu_HU\" \/>\n<meta property=\"og:type\" content=\"article\" \/>\n<meta property=\"og:title\" content=\"Munka \u00e9s NET: A neuroendokrin tumorral val\u00f3 egy\u00fctt\u00e9l\u00e9s (NET)\" \/>\n<meta property=\"og:description\" content=\"Tudjon meg t\u00f6bbet a munka folytat\u00e1s\u00e1r\u00f3l a NET-tel bele\u00e9rtve a foglalkoztat\u00e1si \u00e9s egy\u00e9b munkalehet\u0151s\u00e9geket a NET diagn\u00f3zisa ut\u00e1n \u00e9s t\u00e1j\u00e9koztassa munk\u00e1ltat\u00f3j\u00e1t a NET betegs\u00e9g\u00e9r\u0151l.\" \/>\n<meta property=\"og:url\" content=\"https:\/\/www.livingwithnets.com\/hu\/egyutteles-a-net-tel\/net-es-munka\/\" \/>\n<meta property=\"og:site_name\" content=\"Living with NETS\" \/>\n<meta property=\"article:modified_time\" content=\"2021-07-20T15:41:48+00:00\" \/>\n<meta name=\"twitter:card\" content=\"summary_large_image\" \/>\n<script type=\"application\/ld+json\" class=\"yoast-schema-graph\">{\"@context\":\"https:\/\/schema.org\",\"@graph\":[{\"@type\":\"WebPage\",\"@id\":\"https:\/\/www.livingwithnets.com\/hu\/egyutteles-a-net-tel\/net-es-munka\/\",\"url\":\"https:\/\/www.livingwithnets.com\/hu\/egyutteles-a-net-tel\/net-es-munka\/\",\"name\":\"Munka \u00e9s NET: A neuroendokrin tumorral val\u00f3 egy\u00fctt\u00e9l\u00e9s (NET)\",\"isPartOf\":{\"@id\":\"https:\/\/www.livingwithnets.com\/hu\/#website\"},\"datePublished\":\"2016-07-15T10:47:07+00:00\",\"dateModified\":\"2021-07-20T15:41:48+00:00\",\"description\":\"Tudjon meg t\u00f6bbet a munka folytat\u00e1s\u00e1r\u00f3l a NET-tel bele\u00e9rtve a foglalkoztat\u00e1si \u00e9s egy\u00e9b munkalehet\u0151s\u00e9geket a NET diagn\u00f3zisa ut\u00e1n \u00e9s t\u00e1j\u00e9koztassa munk\u00e1ltat\u00f3j\u00e1t a NET betegs\u00e9g\u00e9r\u0151l.\",\"breadcrumb\":{\"@id\":\"https:\/\/www.livingwithnets.com\/hu\/egyutteles-a-net-tel\/net-es-munka\/#breadcrumb\"},\"inLanguage\":\"hu\",\"potentialAction\":[{\"@type\":\"ReadAction\",\"target\":[\"https:\/\/www.livingwithnets.com\/hu\/egyutteles-a-net-tel\/net-es-munka\/\"]}]},{\"@type\":\"BreadcrumbList\",\"@id\":\"https:\/\/www.livingwithnets.com\/hu\/egyutteles-a-net-tel\/net-es-munka\/#breadcrumb\",\"itemListElement\":[{\"@type\":\"ListItem\",\"position\":1,\"name\":\"Home\",\"item\":\"https:\/\/www.livingwithnets.com\/hu\/\"},{\"@type\":\"ListItem\",\"position\":2,\"name\":\"Living With NETs\",\"item\":\"https:\/\/www.livingwithnets.com\/hu\/egyutteles-a-net-tel\/\"},{\"@type\":\"ListItem\",\"position\":3,\"name\":\"NETs And Work\"}]},{\"@type\":\"WebSite\",\"@id\":\"https:\/\/www.livingwithnets.com\/hu\/#website\",\"url\":\"https:\/\/www.livingwithnets.com\/hu\/\",\"name\":\"Living with NETS\",\"description\":\"Living with NETs - the home of neuroendocrine tumour information and support\",\"potentialAction\":[{\"@type\":\"SearchAction\",\"target\":{\"@type\":\"EntryPoint\",\"urlTemplate\":\"https:\/\/www.livingwithnets.com\/hu\/?s={search_term_string}\"},\"query-input\":{\"@type\":\"PropertyValueSpecification\",\"valueRequired\":true,\"valueName\":\"search_term_string\"}}],\"inLanguage\":\"hu\"}]}<\/script>\n<!-- \/ Yoast SEO plugin. -->","yoast_head_json":{"title":"Munka \u00e9s NET: A neuroendokrin tumorral val\u00f3 egy\u00fctt\u00e9l\u00e9s (NET)","description":"Tudjon meg t\u00f6bbet a munka folytat\u00e1s\u00e1r\u00f3l a NET-tel bele\u00e9rtve a foglalkoztat\u00e1si \u00e9s egy\u00e9b munkalehet\u0151s\u00e9geket a NET diagn\u00f3zisa ut\u00e1n \u00e9s t\u00e1j\u00e9koztassa munk\u00e1ltat\u00f3j\u00e1t a NET betegs\u00e9g\u00e9r\u0151l.","robots":{"index":"index","follow":"follow","max-snippet":"max-snippet:-1","max-image-preview":"max-image-preview:large","max-video-preview":"max-video-preview:-1"},"canonical":"https:\/\/www.livingwithnets.com\/hu\/egyutteles-a-net-tel\/net-es-munka\/","og_locale":"hu_HU","og_type":"article","og_title":"Munka \u00e9s NET: A neuroendokrin tumorral val\u00f3 egy\u00fctt\u00e9l\u00e9s (NET)","og_description":"Tudjon meg t\u00f6bbet a munka folytat\u00e1s\u00e1r\u00f3l a NET-tel bele\u00e9rtve a foglalkoztat\u00e1si \u00e9s egy\u00e9b munkalehet\u0151s\u00e9geket a NET diagn\u00f3zisa ut\u00e1n \u00e9s t\u00e1j\u00e9koztassa munk\u00e1ltat\u00f3j\u00e1t a NET betegs\u00e9g\u00e9r\u0151l.","og_url":"https:\/\/www.livingwithnets.com\/hu\/egyutteles-a-net-tel\/net-es-munka\/","og_site_name":"Living with NETS","article_modified_time":"2021-07-20T15:41:48+00:00","twitter_card":"summary_large_image","schema":{"@context":"https:\/\/schema.org","@graph":[{"@type":"WebPage","@id":"https:\/\/www.livingwithnets.com\/hu\/egyutteles-a-net-tel\/net-es-munka\/","url":"https:\/\/www.livingwithnets.com\/hu\/egyutteles-a-net-tel\/net-es-munka\/","name":"Munka \u00e9s NET: A neuroendokrin tumorral val\u00f3 egy\u00fctt\u00e9l\u00e9s (NET)","isPartOf":{"@id":"https:\/\/www.livingwithnets.com\/hu\/#website"},"datePublished":"2016-07-15T10:47:07+00:00","dateModified":"2021-07-20T15:41:48+00:00","description":"Tudjon meg t\u00f6bbet a munka folytat\u00e1s\u00e1r\u00f3l a NET-tel bele\u00e9rtve a foglalkoztat\u00e1si \u00e9s egy\u00e9b munkalehet\u0151s\u00e9geket a NET diagn\u00f3zisa ut\u00e1n \u00e9s t\u00e1j\u00e9koztassa munk\u00e1ltat\u00f3j\u00e1t a NET betegs\u00e9g\u00e9r\u0151l.","breadcrumb":{"@id":"https:\/\/www.livingwithnets.com\/hu\/egyutteles-a-net-tel\/net-es-munka\/#breadcrumb"},"inLanguage":"hu","potentialAction":[{"@type":"ReadAction","target":["https:\/\/www.livingwithnets.com\/hu\/egyutteles-a-net-tel\/net-es-munka\/"]}]},{"@type":"BreadcrumbList","@id":"https:\/\/www.livingwithnets.com\/hu\/egyutteles-a-net-tel\/net-es-munka\/#breadcrumb","itemListElement":[{"@type":"ListItem","position":1,"name":"Home","item":"https:\/\/www.livingwithnets.com\/hu\/"},{"@type":"ListItem","position":2,"name":"Living With NETs","item":"https:\/\/www.livingwithnets.com\/hu\/egyutteles-a-net-tel\/"},{"@type":"ListItem","position":3,"name":"NETs And Work"}]},{"@type":"WebSite","@id":"https:\/\/www.livingwithnets.com\/hu\/#website","url":"https:\/\/www.livingwithnets.com\/hu\/","name":"Living with NETS","description":"Living with NETs - the home of neuroendocrine tumour information and support","potentialAction":[{"@type":"SearchAction","target":{"@type":"EntryPoint","urlTemplate":"https:\/\/www.livingwithnets.com\/hu\/?s={search_term_string}"},"query-input":{"@type":"PropertyValueSpecification","valueRequired":true,"valueName":"search_term_string"}}],"inLanguage":"hu"}]}},"acf":[],"_links":{"self":[{"href":"https:\/\/www.livingwithnets.com\/hu\/wp-json\/wp\/v2\/pages\/83","targetHints":{"allow":["GET"]}}],"collection":[{"href":"https:\/\/www.livingwithnets.com\/hu\/wp-json\/wp\/v2\/pages"}],"about":[{"href":"https:\/\/www.livingwithnets.com\/hu\/wp-json\/wp\/v2\/types\/page"}],"author":[{"embeddable":true,"href":"https:\/\/www.livingwithnets.com\/hu\/wp-json\/wp\/v2\/users\/1"}],"replies":[{"embeddable":true,"href":"https:\/\/www.livingwithnets.com\/hu\/wp-json\/wp\/v2\/comments?post=83"}],"version-history":[{"count":5,"href":"https:\/\/www.livingwithnets.com\/hu\/wp-json\/wp\/v2\/pages\/83\/revisions"}],"predecessor-version":[{"id":4588,"href":"https:\/\/www.livingwithnets.com\/hu\/wp-json\/wp\/v2\/pages\/83\/revisions\/4588"}],"up":[{"embeddable":true,"href":"https:\/\/www.livingwithnets.com\/hu\/wp-json\/wp\/v2\/pages\/10"}],"wp:attachment":[{"href":"https:\/\/www.livingwithnets.com\/hu\/wp-json\/wp\/v2\/media?parent=83"}],"curies":[{"name":"wp","href":"https:\/\/api.w.org\/{rel}","templated":true}]}}