{"id":79,"date":"2016-07-15T11:46:21","date_gmt":"2016-07-15T10:46:21","guid":{"rendered":"\/?page_id=79"},"modified":"2021-07-20T16:38:46","modified_gmt":"2021-07-20T15:38:46","slug":"hogyan-gyujtson-informaciot-anet-rol","status":"publish","type":"page","link":"https:\/\/www.livingwithnets.com\/hu\/egyutteles-a-net-tel\/hogyan-gyujtson-informaciot-anet-rol\/","title":{"rendered":"Gathering Information About NETs"},"content":{"rendered":"","protected":false},"excerpt":{"rendered":"","protected":false},"author":1,"featured_media":0,"parent":10,"menu_order":3,"comment_status":"closed","ping_status":"closed","template":"template-general-content.php","meta":{"_acf_changed":false,"_monsterinsights_skip_tracking":false,"_monsterinsights_sitenote_active":false,"_monsterinsights_sitenote_note":"","_monsterinsights_sitenote_category":0,"footnotes":""},"class_list":["post-79","page","type-page","status-publish","hentry"],"yoast_head":"<!-- This site is optimized with the Yoast SEO plugin v25.9 - https:\/\/yoast.com\/wordpress\/plugins\/seo\/ -->\n<title>Inform\u00e1ci\u00f3k \u00f6sszegy\u0171jt\u00e9se: A neuroendokrin tumorral val\u00f3 egy\u00fctt\u00e9l\u00e9s (NET)<\/title>\n<meta name=\"description\" content=\"\u00datmutat\u00f3, hogyan tudjon meg t\u00f6bbet a neuroendokrin tumorokr\u00f3l (NET), a NET-ek kezel\u00e9s\u00e9re szakosodott orvosokr\u00f3l \u00e9s egy\u00e9b NET-tel kapcsolatos k\u00e9rd\u00e9sekr\u0151l.\" \/>\n<meta name=\"robots\" content=\"index, follow, max-snippet:-1, max-image-preview:large, max-video-preview:-1\" \/>\n<link rel=\"canonical\" href=\"https:\/\/www.livingwithnets.com\/hu\/egyutteles-a-net-tel\/hogyan-gyujtson-informaciot-anet-rol\/\" \/>\n<meta property=\"og:locale\" content=\"hu_HU\" \/>\n<meta property=\"og:type\" content=\"article\" \/>\n<meta property=\"og:title\" content=\"Inform\u00e1ci\u00f3k \u00f6sszegy\u0171jt\u00e9se: A neuroendokrin tumorral val\u00f3 egy\u00fctt\u00e9l\u00e9s (NET)\" \/>\n<meta property=\"og:description\" content=\"\u00datmutat\u00f3, hogyan tudjon meg t\u00f6bbet a neuroendokrin tumorokr\u00f3l (NET), a NET-ek kezel\u00e9s\u00e9re szakosodott orvosokr\u00f3l \u00e9s egy\u00e9b NET-tel kapcsolatos k\u00e9rd\u00e9sekr\u0151l.\" \/>\n<meta property=\"og:url\" content=\"https:\/\/www.livingwithnets.com\/hu\/egyutteles-a-net-tel\/hogyan-gyujtson-informaciot-anet-rol\/\" \/>\n<meta property=\"og:site_name\" content=\"Living with NETS\" \/>\n<meta property=\"article:modified_time\" content=\"2021-07-20T15:38:46+00:00\" \/>\n<meta name=\"twitter:card\" content=\"summary_large_image\" \/>\n<script type=\"application\/ld+json\" class=\"yoast-schema-graph\">{\"@context\":\"https:\/\/schema.org\",\"@graph\":[{\"@type\":\"WebPage\",\"@id\":\"https:\/\/www.livingwithnets.com\/hu\/egyutteles-a-net-tel\/hogyan-gyujtson-informaciot-anet-rol\/\",\"url\":\"https:\/\/www.livingwithnets.com\/hu\/egyutteles-a-net-tel\/hogyan-gyujtson-informaciot-anet-rol\/\",\"name\":\"Inform\u00e1ci\u00f3k \u00f6sszegy\u0171jt\u00e9se: A neuroendokrin tumorral val\u00f3 egy\u00fctt\u00e9l\u00e9s (NET)\",\"isPartOf\":{\"@id\":\"https:\/\/www.livingwithnets.com\/hu\/#website\"},\"datePublished\":\"2016-07-15T10:46:21+00:00\",\"dateModified\":\"2021-07-20T15:38:46+00:00\",\"description\":\"\u00datmutat\u00f3, hogyan tudjon meg t\u00f6bbet a neuroendokrin tumorokr\u00f3l (NET), a NET-ek kezel\u00e9s\u00e9re szakosodott orvosokr\u00f3l \u00e9s egy\u00e9b NET-tel kapcsolatos k\u00e9rd\u00e9sekr\u0151l.\",\"breadcrumb\":{\"@id\":\"https:\/\/www.livingwithnets.com\/hu\/egyutteles-a-net-tel\/hogyan-gyujtson-informaciot-anet-rol\/#breadcrumb\"},\"inLanguage\":\"hu\",\"potentialAction\":[{\"@type\":\"ReadAction\",\"target\":[\"https:\/\/www.livingwithnets.com\/hu\/egyutteles-a-net-tel\/hogyan-gyujtson-informaciot-anet-rol\/\"]}]},{\"@type\":\"BreadcrumbList\",\"@id\":\"https:\/\/www.livingwithnets.com\/hu\/egyutteles-a-net-tel\/hogyan-gyujtson-informaciot-anet-rol\/#breadcrumb\",\"itemListElement\":[{\"@type\":\"ListItem\",\"position\":1,\"name\":\"Home\",\"item\":\"https:\/\/www.livingwithnets.com\/hu\/\"},{\"@type\":\"ListItem\",\"position\":2,\"name\":\"Living With NETs\",\"item\":\"https:\/\/www.livingwithnets.com\/hu\/egyutteles-a-net-tel\/\"},{\"@type\":\"ListItem\",\"position\":3,\"name\":\"Gathering Information About NETs\"}]},{\"@type\":\"WebSite\",\"@id\":\"https:\/\/www.livingwithnets.com\/hu\/#website\",\"url\":\"https:\/\/www.livingwithnets.com\/hu\/\",\"name\":\"Living with NETS\",\"description\":\"Living with NETs - the home of neuroendocrine tumour information and support\",\"potentialAction\":[{\"@type\":\"SearchAction\",\"target\":{\"@type\":\"EntryPoint\",\"urlTemplate\":\"https:\/\/www.livingwithnets.com\/hu\/?s={search_term_string}\"},\"query-input\":{\"@type\":\"PropertyValueSpecification\",\"valueRequired\":true,\"valueName\":\"search_term_string\"}}],\"inLanguage\":\"hu\"}]}<\/script>\n<!-- \/ Yoast SEO plugin. -->","yoast_head_json":{"title":"Inform\u00e1ci\u00f3k \u00f6sszegy\u0171jt\u00e9se: A neuroendokrin tumorral val\u00f3 egy\u00fctt\u00e9l\u00e9s (NET)","description":"\u00datmutat\u00f3, hogyan tudjon meg t\u00f6bbet a neuroendokrin tumorokr\u00f3l (NET), a NET-ek kezel\u00e9s\u00e9re szakosodott orvosokr\u00f3l \u00e9s egy\u00e9b NET-tel kapcsolatos k\u00e9rd\u00e9sekr\u0151l.","robots":{"index":"index","follow":"follow","max-snippet":"max-snippet:-1","max-image-preview":"max-image-preview:large","max-video-preview":"max-video-preview:-1"},"canonical":"https:\/\/www.livingwithnets.com\/hu\/egyutteles-a-net-tel\/hogyan-gyujtson-informaciot-anet-rol\/","og_locale":"hu_HU","og_type":"article","og_title":"Inform\u00e1ci\u00f3k \u00f6sszegy\u0171jt\u00e9se: A neuroendokrin tumorral val\u00f3 egy\u00fctt\u00e9l\u00e9s (NET)","og_description":"\u00datmutat\u00f3, hogyan tudjon meg t\u00f6bbet a neuroendokrin tumorokr\u00f3l (NET), a NET-ek kezel\u00e9s\u00e9re szakosodott orvosokr\u00f3l \u00e9s egy\u00e9b NET-tel kapcsolatos k\u00e9rd\u00e9sekr\u0151l.","og_url":"https:\/\/www.livingwithnets.com\/hu\/egyutteles-a-net-tel\/hogyan-gyujtson-informaciot-anet-rol\/","og_site_name":"Living with NETS","article_modified_time":"2021-07-20T15:38:46+00:00","twitter_card":"summary_large_image","schema":{"@context":"https:\/\/schema.org","@graph":[{"@type":"WebPage","@id":"https:\/\/www.livingwithnets.com\/hu\/egyutteles-a-net-tel\/hogyan-gyujtson-informaciot-anet-rol\/","url":"https:\/\/www.livingwithnets.com\/hu\/egyutteles-a-net-tel\/hogyan-gyujtson-informaciot-anet-rol\/","name":"Inform\u00e1ci\u00f3k \u00f6sszegy\u0171jt\u00e9se: A neuroendokrin tumorral val\u00f3 egy\u00fctt\u00e9l\u00e9s (NET)","isPartOf":{"@id":"https:\/\/www.livingwithnets.com\/hu\/#website"},"datePublished":"2016-07-15T10:46:21+00:00","dateModified":"2021-07-20T15:38:46+00:00","description":"\u00datmutat\u00f3, hogyan tudjon meg t\u00f6bbet a neuroendokrin tumorokr\u00f3l (NET), a NET-ek kezel\u00e9s\u00e9re szakosodott orvosokr\u00f3l \u00e9s egy\u00e9b NET-tel kapcsolatos k\u00e9rd\u00e9sekr\u0151l.","breadcrumb":{"@id":"https:\/\/www.livingwithnets.com\/hu\/egyutteles-a-net-tel\/hogyan-gyujtson-informaciot-anet-rol\/#breadcrumb"},"inLanguage":"hu","potentialAction":[{"@type":"ReadAction","target":["https:\/\/www.livingwithnets.com\/hu\/egyutteles-a-net-tel\/hogyan-gyujtson-informaciot-anet-rol\/"]}]},{"@type":"BreadcrumbList","@id":"https:\/\/www.livingwithnets.com\/hu\/egyutteles-a-net-tel\/hogyan-gyujtson-informaciot-anet-rol\/#breadcrumb","itemListElement":[{"@type":"ListItem","position":1,"name":"Home","item":"https:\/\/www.livingwithnets.com\/hu\/"},{"@type":"ListItem","position":2,"name":"Living With NETs","item":"https:\/\/www.livingwithnets.com\/hu\/egyutteles-a-net-tel\/"},{"@type":"ListItem","position":3,"name":"Gathering Information About NETs"}]},{"@type":"WebSite","@id":"https:\/\/www.livingwithnets.com\/hu\/#website","url":"https:\/\/www.livingwithnets.com\/hu\/","name":"Living with NETS","description":"Living with NETs - the home of neuroendocrine tumour information and support","potentialAction":[{"@type":"SearchAction","target":{"@type":"EntryPoint","urlTemplate":"https:\/\/www.livingwithnets.com\/hu\/?s={search_term_string}"},"query-input":{"@type":"PropertyValueSpecification","valueRequired":true,"valueName":"search_term_string"}}],"inLanguage":"hu"}]}},"acf":[],"_links":{"self":[{"href":"https:\/\/www.livingwithnets.com\/hu\/wp-json\/wp\/v2\/pages\/79","targetHints":{"allow":["GET"]}}],"collection":[{"href":"https:\/\/www.livingwithnets.com\/hu\/wp-json\/wp\/v2\/pages"}],"about":[{"href":"https:\/\/www.livingwithnets.com\/hu\/wp-json\/wp\/v2\/types\/page"}],"author":[{"embeddable":true,"href":"https:\/\/www.livingwithnets.com\/hu\/wp-json\/wp\/v2\/users\/1"}],"replies":[{"embeddable":true,"href":"https:\/\/www.livingwithnets.com\/hu\/wp-json\/wp\/v2\/comments?post=79"}],"version-history":[{"count":5,"href":"https:\/\/www.livingwithnets.com\/hu\/wp-json\/wp\/v2\/pages\/79\/revisions"}],"predecessor-version":[{"id":4585,"href":"https:\/\/www.livingwithnets.com\/hu\/wp-json\/wp\/v2\/pages\/79\/revisions\/4585"}],"up":[{"embeddable":true,"href":"https:\/\/www.livingwithnets.com\/hu\/wp-json\/wp\/v2\/pages\/10"}],"wp:attachment":[{"href":"https:\/\/www.livingwithnets.com\/hu\/wp-json\/wp\/v2\/media?parent=79"}],"curies":[{"name":"wp","href":"https:\/\/api.w.org\/{rel}","templated":true}]}}