{"id":775,"date":"2016-08-15T12:51:37","date_gmt":"2016-08-15T11:51:37","guid":{"rendered":"\/?page_id=775"},"modified":"2020-08-05T12:43:30","modified_gmt":"2020-08-05T11:43:30","slug":"helen","status":"publish","type":"page","link":"https:\/\/www.livingwithnets.com\/hu\/net-betegek-tortenetei\/helen\/","title":{"rendered":"Helen"},"content":{"rendered":"","protected":false},"excerpt":{"rendered":"","protected":false},"author":1,"featured_media":0,"parent":13,"menu_order":3,"comment_status":"closed","ping_status":"closed","template":"template-patient-story.php","meta":{"_acf_changed":false,"_monsterinsights_skip_tracking":false,"_monsterinsights_sitenote_active":false,"_monsterinsights_sitenote_note":"","_monsterinsights_sitenote_category":0,"footnotes":""},"class_list":["post-775","page","type-page","status-publish","hentry"],"yoast_head":"<!-- This site is optimized with the Yoast SEO plugin v23.8 - https:\/\/yoast.com\/wordpress\/plugins\/seo\/ -->\n<title>A NET-tel val\u00f3 \u00e9let: Helen a neuroendokrin tumorokr\u00f3l (NET) besz\u00e9l<\/title>\n<meta name=\"description\" content=\"Helen a karcinoid tumorokkal, a neuroendokrin daganatok (NET) egyik fajt\u00e1j\u00e1val kapcsolatos tapasztalatait \u00edrja le.\" \/>\n<meta name=\"robots\" content=\"index, follow, max-snippet:-1, max-image-preview:large, max-video-preview:-1\" \/>\n<link rel=\"canonical\" href=\"https:\/\/www.livingwithnets.com\/hu\/net-betegek-tortenetei\/helen\/\" \/>\n<meta property=\"og:locale\" content=\"hu_HU\" \/>\n<meta property=\"og:type\" content=\"article\" \/>\n<meta property=\"og:title\" content=\"A NET-tel val\u00f3 \u00e9let: Helen a neuroendokrin tumorokr\u00f3l (NET) besz\u00e9l\" \/>\n<meta property=\"og:description\" content=\"Helen a karcinoid tumorokkal, a neuroendokrin daganatok (NET) egyik fajt\u00e1j\u00e1val kapcsolatos tapasztalatait \u00edrja le.\" \/>\n<meta property=\"og:url\" content=\"https:\/\/www.livingwithnets.com\/hu\/net-betegek-tortenetei\/helen\/\" \/>\n<meta property=\"og:site_name\" content=\"Living with NETS\" \/>\n<meta property=\"article:modified_time\" content=\"2020-08-05T11:43:30+00:00\" \/>\n<meta name=\"twitter:card\" content=\"summary_large_image\" \/>\n<script type=\"application\/ld+json\" class=\"yoast-schema-graph\">{\"@context\":\"https:\/\/schema.org\",\"@graph\":[{\"@type\":\"WebPage\",\"@id\":\"https:\/\/www.livingwithnets.com\/hu\/net-betegek-tortenetei\/helen\/\",\"url\":\"https:\/\/www.livingwithnets.com\/hu\/net-betegek-tortenetei\/helen\/\",\"name\":\"A NET-tel val\u00f3 \u00e9let: Helen a neuroendokrin tumorokr\u00f3l (NET) besz\u00e9l\",\"isPartOf\":{\"@id\":\"https:\/\/www.livingwithnets.com\/hu\/#website\"},\"datePublished\":\"2016-08-15T11:51:37+00:00\",\"dateModified\":\"2020-08-05T11:43:30+00:00\",\"description\":\"Helen a karcinoid tumorokkal, a neuroendokrin daganatok (NET) egyik fajt\u00e1j\u00e1val kapcsolatos tapasztalatait \u00edrja le.\",\"breadcrumb\":{\"@id\":\"https:\/\/www.livingwithnets.com\/hu\/net-betegek-tortenetei\/helen\/#breadcrumb\"},\"inLanguage\":\"hu\",\"potentialAction\":[{\"@type\":\"ReadAction\",\"target\":[\"https:\/\/www.livingwithnets.com\/hu\/net-betegek-tortenetei\/helen\/\"]}]},{\"@type\":\"BreadcrumbList\",\"@id\":\"https:\/\/www.livingwithnets.com\/hu\/net-betegek-tortenetei\/helen\/#breadcrumb\",\"itemListElement\":[{\"@type\":\"ListItem\",\"position\":1,\"name\":\"Home\",\"item\":\"https:\/\/www.livingwithnets.com\/hu\/\"},{\"@type\":\"ListItem\",\"position\":2,\"name\":\"Patient Stories\",\"item\":\"https:\/\/www.livingwithnets.com\/hu\/net-betegek-tortenetei\/\"},{\"@type\":\"ListItem\",\"position\":3,\"name\":\"Helen\"}]},{\"@type\":\"WebSite\",\"@id\":\"https:\/\/www.livingwithnets.com\/hu\/#website\",\"url\":\"https:\/\/www.livingwithnets.com\/hu\/\",\"name\":\"Living with NETS\",\"description\":\"Living with NETs - the home of neuroendocrine tumour information and support\",\"potentialAction\":[{\"@type\":\"SearchAction\",\"target\":{\"@type\":\"EntryPoint\",\"urlTemplate\":\"https:\/\/www.livingwithnets.com\/hu\/?s={search_term_string}\"},\"query-input\":{\"@type\":\"PropertyValueSpecification\",\"valueRequired\":true,\"valueName\":\"search_term_string\"}}],\"inLanguage\":\"hu\"}]}<\/script>\n<!-- \/ Yoast SEO plugin. -->","yoast_head_json":{"title":"A NET-tel val\u00f3 \u00e9let: Helen a neuroendokrin tumorokr\u00f3l (NET) besz\u00e9l","description":"Helen a karcinoid tumorokkal, a neuroendokrin daganatok (NET) egyik fajt\u00e1j\u00e1val kapcsolatos tapasztalatait \u00edrja le.","robots":{"index":"index","follow":"follow","max-snippet":"max-snippet:-1","max-image-preview":"max-image-preview:large","max-video-preview":"max-video-preview:-1"},"canonical":"https:\/\/www.livingwithnets.com\/hu\/net-betegek-tortenetei\/helen\/","og_locale":"hu_HU","og_type":"article","og_title":"A NET-tel val\u00f3 \u00e9let: Helen a neuroendokrin tumorokr\u00f3l (NET) besz\u00e9l","og_description":"Helen a karcinoid tumorokkal, a neuroendokrin daganatok (NET) egyik fajt\u00e1j\u00e1val kapcsolatos tapasztalatait \u00edrja le.","og_url":"https:\/\/www.livingwithnets.com\/hu\/net-betegek-tortenetei\/helen\/","og_site_name":"Living with NETS","article_modified_time":"2020-08-05T11:43:30+00:00","twitter_card":"summary_large_image","schema":{"@context":"https:\/\/schema.org","@graph":[{"@type":"WebPage","@id":"https:\/\/www.livingwithnets.com\/hu\/net-betegek-tortenetei\/helen\/","url":"https:\/\/www.livingwithnets.com\/hu\/net-betegek-tortenetei\/helen\/","name":"A NET-tel val\u00f3 \u00e9let: Helen a neuroendokrin tumorokr\u00f3l (NET) besz\u00e9l","isPartOf":{"@id":"https:\/\/www.livingwithnets.com\/hu\/#website"},"datePublished":"2016-08-15T11:51:37+00:00","dateModified":"2020-08-05T11:43:30+00:00","description":"Helen a karcinoid tumorokkal, a neuroendokrin daganatok (NET) egyik fajt\u00e1j\u00e1val kapcsolatos tapasztalatait \u00edrja le.","breadcrumb":{"@id":"https:\/\/www.livingwithnets.com\/hu\/net-betegek-tortenetei\/helen\/#breadcrumb"},"inLanguage":"hu","potentialAction":[{"@type":"ReadAction","target":["https:\/\/www.livingwithnets.com\/hu\/net-betegek-tortenetei\/helen\/"]}]},{"@type":"BreadcrumbList","@id":"https:\/\/www.livingwithnets.com\/hu\/net-betegek-tortenetei\/helen\/#breadcrumb","itemListElement":[{"@type":"ListItem","position":1,"name":"Home","item":"https:\/\/www.livingwithnets.com\/hu\/"},{"@type":"ListItem","position":2,"name":"Patient Stories","item":"https:\/\/www.livingwithnets.com\/hu\/net-betegek-tortenetei\/"},{"@type":"ListItem","position":3,"name":"Helen"}]},{"@type":"WebSite","@id":"https:\/\/www.livingwithnets.com\/hu\/#website","url":"https:\/\/www.livingwithnets.com\/hu\/","name":"Living with NETS","description":"Living with NETs - the home of neuroendocrine tumour information and support","potentialAction":[{"@type":"SearchAction","target":{"@type":"EntryPoint","urlTemplate":"https:\/\/www.livingwithnets.com\/hu\/?s={search_term_string}"},"query-input":{"@type":"PropertyValueSpecification","valueRequired":true,"valueName":"search_term_string"}}],"inLanguage":"hu"}]}},"acf":[],"_links":{"self":[{"href":"https:\/\/www.livingwithnets.com\/hu\/wp-json\/wp\/v2\/pages\/775","targetHints":{"allow":["GET"]}}],"collection":[{"href":"https:\/\/www.livingwithnets.com\/hu\/wp-json\/wp\/v2\/pages"}],"about":[{"href":"https:\/\/www.livingwithnets.com\/hu\/wp-json\/wp\/v2\/types\/page"}],"author":[{"embeddable":true,"href":"https:\/\/www.livingwithnets.com\/hu\/wp-json\/wp\/v2\/users\/1"}],"replies":[{"embeddable":true,"href":"https:\/\/www.livingwithnets.com\/hu\/wp-json\/wp\/v2\/comments?post=775"}],"version-history":[{"count":5,"href":"https:\/\/www.livingwithnets.com\/hu\/wp-json\/wp\/v2\/pages\/775\/revisions"}],"predecessor-version":[{"id":4539,"href":"https:\/\/www.livingwithnets.com\/hu\/wp-json\/wp\/v2\/pages\/775\/revisions\/4539"}],"up":[{"embeddable":true,"href":"https:\/\/www.livingwithnets.com\/hu\/wp-json\/wp\/v2\/pages\/13"}],"wp:attachment":[{"href":"https:\/\/www.livingwithnets.com\/hu\/wp-json\/wp\/v2\/media?parent=775"}],"curies":[{"name":"wp","href":"https:\/\/api.w.org\/{rel}","templated":true}]}}