{"id":73,"date":"2016-07-15T11:18:44","date_gmt":"2016-07-15T10:18:44","guid":{"rendered":"\/?page_id=73"},"modified":"2021-08-31T12:05:16","modified_gmt":"2021-08-31T11:05:16","slug":"beszelgetes-a-net-rol","status":"publish","type":"page","link":"https:\/\/www.livingwithnets.com\/hu\/egyutteles-a-net-tel\/beszelgetes-a-net-rol\/","title":{"rendered":"Talking About NETs"},"content":{"rendered":"","protected":false},"excerpt":{"rendered":"","protected":false},"author":1,"featured_media":0,"parent":10,"menu_order":2,"comment_status":"closed","ping_status":"closed","template":"template-general-content.php","meta":{"_acf_changed":false,"_monsterinsights_skip_tracking":false,"_monsterinsights_sitenote_active":false,"_monsterinsights_sitenote_note":"","_monsterinsights_sitenote_category":0,"footnotes":""},"class_list":["post-73","page","type-page","status-publish","hentry"],"yoast_head":"<!-- This site is optimized with the Yoast SEO plugin v25.9 - https:\/\/yoast.com\/wordpress\/plugins\/seo\/ -->\n<title>Besz\u00e9lget\u00e9s a NET-r\u0151l: A neuroendokrin tumorokkal val\u00f3 egy\u00fctt\u00e9l\u00e9s (NET)<\/title>\n<meta name=\"description\" content=\"Olvassa el a tan\u00e1csokat a neuroendokrin tumor (NET) diagnosztiz\u00e1l\u00e1s\u00e1val kapcsolatban, besz\u00e9ljen bar\u00e1taival \u00e9s csal\u00e1dj\u00e1val a NET-r\u0151nl!\" \/>\n<meta name=\"robots\" content=\"index, follow, max-snippet:-1, max-image-preview:large, max-video-preview:-1\" \/>\n<link rel=\"canonical\" href=\"https:\/\/www.livingwithnets.com\/hu\/egyutteles-a-net-tel\/beszelgetes-a-net-rol\/\" \/>\n<meta property=\"og:locale\" content=\"hu_HU\" \/>\n<meta property=\"og:type\" content=\"article\" \/>\n<meta property=\"og:title\" content=\"Besz\u00e9lget\u00e9s a NET-r\u0151l: A neuroendokrin tumorokkal val\u00f3 egy\u00fctt\u00e9l\u00e9s (NET)\" \/>\n<meta property=\"og:description\" content=\"Olvassa el a tan\u00e1csokat a neuroendokrin tumor (NET) diagnosztiz\u00e1l\u00e1s\u00e1val kapcsolatban, besz\u00e9ljen bar\u00e1taival \u00e9s csal\u00e1dj\u00e1val a NET-r\u0151nl!\" \/>\n<meta property=\"og:url\" content=\"https:\/\/www.livingwithnets.com\/hu\/egyutteles-a-net-tel\/beszelgetes-a-net-rol\/\" \/>\n<meta property=\"og:site_name\" content=\"Living with NETS\" \/>\n<meta property=\"article:modified_time\" content=\"2021-08-31T11:05:16+00:00\" \/>\n<meta name=\"twitter:card\" content=\"summary_large_image\" \/>\n<script type=\"application\/ld+json\" class=\"yoast-schema-graph\">{\"@context\":\"https:\/\/schema.org\",\"@graph\":[{\"@type\":\"WebPage\",\"@id\":\"https:\/\/www.livingwithnets.com\/hu\/egyutteles-a-net-tel\/beszelgetes-a-net-rol\/\",\"url\":\"https:\/\/www.livingwithnets.com\/hu\/egyutteles-a-net-tel\/beszelgetes-a-net-rol\/\",\"name\":\"Besz\u00e9lget\u00e9s a NET-r\u0151l: A neuroendokrin tumorokkal val\u00f3 egy\u00fctt\u00e9l\u00e9s (NET)\",\"isPartOf\":{\"@id\":\"https:\/\/www.livingwithnets.com\/hu\/#website\"},\"datePublished\":\"2016-07-15T10:18:44+00:00\",\"dateModified\":\"2021-08-31T11:05:16+00:00\",\"description\":\"Olvassa el a tan\u00e1csokat a neuroendokrin tumor (NET) diagnosztiz\u00e1l\u00e1s\u00e1val kapcsolatban, besz\u00e9ljen bar\u00e1taival \u00e9s csal\u00e1dj\u00e1val a NET-r\u0151nl!\",\"breadcrumb\":{\"@id\":\"https:\/\/www.livingwithnets.com\/hu\/egyutteles-a-net-tel\/beszelgetes-a-net-rol\/#breadcrumb\"},\"inLanguage\":\"hu\",\"potentialAction\":[{\"@type\":\"ReadAction\",\"target\":[\"https:\/\/www.livingwithnets.com\/hu\/egyutteles-a-net-tel\/beszelgetes-a-net-rol\/\"]}]},{\"@type\":\"BreadcrumbList\",\"@id\":\"https:\/\/www.livingwithnets.com\/hu\/egyutteles-a-net-tel\/beszelgetes-a-net-rol\/#breadcrumb\",\"itemListElement\":[{\"@type\":\"ListItem\",\"position\":1,\"name\":\"Home\",\"item\":\"https:\/\/www.livingwithnets.com\/hu\/\"},{\"@type\":\"ListItem\",\"position\":2,\"name\":\"Living With NETs\",\"item\":\"https:\/\/www.livingwithnets.com\/hu\/egyutteles-a-net-tel\/\"},{\"@type\":\"ListItem\",\"position\":3,\"name\":\"Talking About NETs\"}]},{\"@type\":\"WebSite\",\"@id\":\"https:\/\/www.livingwithnets.com\/hu\/#website\",\"url\":\"https:\/\/www.livingwithnets.com\/hu\/\",\"name\":\"Living with NETS\",\"description\":\"Living with NETs - the home of neuroendocrine tumour information and support\",\"potentialAction\":[{\"@type\":\"SearchAction\",\"target\":{\"@type\":\"EntryPoint\",\"urlTemplate\":\"https:\/\/www.livingwithnets.com\/hu\/?s={search_term_string}\"},\"query-input\":{\"@type\":\"PropertyValueSpecification\",\"valueRequired\":true,\"valueName\":\"search_term_string\"}}],\"inLanguage\":\"hu\"}]}<\/script>\n<!-- \/ Yoast SEO plugin. -->","yoast_head_json":{"title":"Besz\u00e9lget\u00e9s a NET-r\u0151l: A neuroendokrin tumorokkal val\u00f3 egy\u00fctt\u00e9l\u00e9s (NET)","description":"Olvassa el a tan\u00e1csokat a neuroendokrin tumor (NET) diagnosztiz\u00e1l\u00e1s\u00e1val kapcsolatban, besz\u00e9ljen bar\u00e1taival \u00e9s csal\u00e1dj\u00e1val a NET-r\u0151nl!","robots":{"index":"index","follow":"follow","max-snippet":"max-snippet:-1","max-image-preview":"max-image-preview:large","max-video-preview":"max-video-preview:-1"},"canonical":"https:\/\/www.livingwithnets.com\/hu\/egyutteles-a-net-tel\/beszelgetes-a-net-rol\/","og_locale":"hu_HU","og_type":"article","og_title":"Besz\u00e9lget\u00e9s a NET-r\u0151l: A neuroendokrin tumorokkal val\u00f3 egy\u00fctt\u00e9l\u00e9s (NET)","og_description":"Olvassa el a tan\u00e1csokat a neuroendokrin tumor (NET) diagnosztiz\u00e1l\u00e1s\u00e1val kapcsolatban, besz\u00e9ljen bar\u00e1taival \u00e9s csal\u00e1dj\u00e1val a NET-r\u0151nl!","og_url":"https:\/\/www.livingwithnets.com\/hu\/egyutteles-a-net-tel\/beszelgetes-a-net-rol\/","og_site_name":"Living with NETS","article_modified_time":"2021-08-31T11:05:16+00:00","twitter_card":"summary_large_image","schema":{"@context":"https:\/\/schema.org","@graph":[{"@type":"WebPage","@id":"https:\/\/www.livingwithnets.com\/hu\/egyutteles-a-net-tel\/beszelgetes-a-net-rol\/","url":"https:\/\/www.livingwithnets.com\/hu\/egyutteles-a-net-tel\/beszelgetes-a-net-rol\/","name":"Besz\u00e9lget\u00e9s a NET-r\u0151l: A neuroendokrin tumorokkal val\u00f3 egy\u00fctt\u00e9l\u00e9s (NET)","isPartOf":{"@id":"https:\/\/www.livingwithnets.com\/hu\/#website"},"datePublished":"2016-07-15T10:18:44+00:00","dateModified":"2021-08-31T11:05:16+00:00","description":"Olvassa el a tan\u00e1csokat a neuroendokrin tumor (NET) diagnosztiz\u00e1l\u00e1s\u00e1val kapcsolatban, besz\u00e9ljen bar\u00e1taival \u00e9s csal\u00e1dj\u00e1val a NET-r\u0151nl!","breadcrumb":{"@id":"https:\/\/www.livingwithnets.com\/hu\/egyutteles-a-net-tel\/beszelgetes-a-net-rol\/#breadcrumb"},"inLanguage":"hu","potentialAction":[{"@type":"ReadAction","target":["https:\/\/www.livingwithnets.com\/hu\/egyutteles-a-net-tel\/beszelgetes-a-net-rol\/"]}]},{"@type":"BreadcrumbList","@id":"https:\/\/www.livingwithnets.com\/hu\/egyutteles-a-net-tel\/beszelgetes-a-net-rol\/#breadcrumb","itemListElement":[{"@type":"ListItem","position":1,"name":"Home","item":"https:\/\/www.livingwithnets.com\/hu\/"},{"@type":"ListItem","position":2,"name":"Living With NETs","item":"https:\/\/www.livingwithnets.com\/hu\/egyutteles-a-net-tel\/"},{"@type":"ListItem","position":3,"name":"Talking About NETs"}]},{"@type":"WebSite","@id":"https:\/\/www.livingwithnets.com\/hu\/#website","url":"https:\/\/www.livingwithnets.com\/hu\/","name":"Living with NETS","description":"Living with NETs - the home of neuroendocrine tumour information and support","potentialAction":[{"@type":"SearchAction","target":{"@type":"EntryPoint","urlTemplate":"https:\/\/www.livingwithnets.com\/hu\/?s={search_term_string}"},"query-input":{"@type":"PropertyValueSpecification","valueRequired":true,"valueName":"search_term_string"}}],"inLanguage":"hu"}]}},"acf":[],"_links":{"self":[{"href":"https:\/\/www.livingwithnets.com\/hu\/wp-json\/wp\/v2\/pages\/73","targetHints":{"allow":["GET"]}}],"collection":[{"href":"https:\/\/www.livingwithnets.com\/hu\/wp-json\/wp\/v2\/pages"}],"about":[{"href":"https:\/\/www.livingwithnets.com\/hu\/wp-json\/wp\/v2\/types\/page"}],"author":[{"embeddable":true,"href":"https:\/\/www.livingwithnets.com\/hu\/wp-json\/wp\/v2\/users\/1"}],"replies":[{"embeddable":true,"href":"https:\/\/www.livingwithnets.com\/hu\/wp-json\/wp\/v2\/comments?post=73"}],"version-history":[{"count":5,"href":"https:\/\/www.livingwithnets.com\/hu\/wp-json\/wp\/v2\/pages\/73\/revisions"}],"predecessor-version":[{"id":4624,"href":"https:\/\/www.livingwithnets.com\/hu\/wp-json\/wp\/v2\/pages\/73\/revisions\/4624"}],"up":[{"embeddable":true,"href":"https:\/\/www.livingwithnets.com\/hu\/wp-json\/wp\/v2\/pages\/10"}],"wp:attachment":[{"href":"https:\/\/www.livingwithnets.com\/hu\/wp-json\/wp\/v2\/media?parent=73"}],"curies":[{"name":"wp","href":"https:\/\/api.w.org\/{rel}","templated":true}]}}