{"id":71,"date":"2016-07-15T11:18:25","date_gmt":"2016-07-15T10:18:25","guid":{"rendered":"\/?page_id=71"},"modified":"2021-07-20T16:38:03","modified_gmt":"2021-07-20T15:38:03","slug":"megkuzdes-az-erzelmekkel","status":"publish","type":"page","link":"https:\/\/www.livingwithnets.com\/hu\/egyutteles-a-net-tel\/megkuzdes-az-erzelmekkel\/","title":{"rendered":"Coping With Emotions"},"content":{"rendered":"","protected":false},"excerpt":{"rendered":"","protected":false},"author":1,"featured_media":0,"parent":10,"menu_order":1,"comment_status":"closed","ping_status":"closed","template":"template-general-content.php","meta":{"_acf_changed":false,"_monsterinsights_skip_tracking":false,"_monsterinsights_sitenote_active":false,"_monsterinsights_sitenote_note":"","_monsterinsights_sitenote_category":0,"footnotes":""},"class_list":["post-71","page","type-page","status-publish","hentry"],"yoast_head":"<!-- This site is optimized with the Yoast SEO plugin v25.9 - https:\/\/yoast.com\/wordpress\/plugins\/seo\/ -->\n<title>Az \u00e9rzelmekkel val\u00f3 megk\u00fczd\u00e9s Egy\u00fctt\u00e9l\u00e9s a neuroendokrin tumorral (NET):<\/title>\n<meta name=\"description\" content=\"Hallgassa meg, hogy m\u00e1sok hogyan birk\u00f3ztak meg a neuroendokrin tumorral (NET) vagy neuroendokrin r\u00e1kkal (karcinoid r\u00e1k), \u00e9s hogyan alkalmazkodtak hozz\u00e1!\" \/>\n<meta name=\"robots\" content=\"index, follow, max-snippet:-1, max-image-preview:large, max-video-preview:-1\" \/>\n<link rel=\"canonical\" href=\"https:\/\/www.livingwithnets.com\/hu\/egyutteles-a-net-tel\/megkuzdes-az-erzelmekkel\/\" \/>\n<meta property=\"og:locale\" content=\"hu_HU\" \/>\n<meta property=\"og:type\" content=\"article\" \/>\n<meta property=\"og:title\" content=\"Az \u00e9rzelmekkel val\u00f3 megk\u00fczd\u00e9s Egy\u00fctt\u00e9l\u00e9s a neuroendokrin tumorral (NET):\" \/>\n<meta property=\"og:description\" content=\"Hallgassa meg, hogy m\u00e1sok hogyan birk\u00f3ztak meg a neuroendokrin tumorral (NET) vagy neuroendokrin r\u00e1kkal (karcinoid r\u00e1k), \u00e9s hogyan alkalmazkodtak hozz\u00e1!\" \/>\n<meta property=\"og:url\" content=\"https:\/\/www.livingwithnets.com\/hu\/egyutteles-a-net-tel\/megkuzdes-az-erzelmekkel\/\" \/>\n<meta property=\"og:site_name\" content=\"Living with NETS\" \/>\n<meta property=\"article:modified_time\" content=\"2021-07-20T15:38:03+00:00\" \/>\n<meta name=\"twitter:card\" content=\"summary_large_image\" \/>\n<script type=\"application\/ld+json\" class=\"yoast-schema-graph\">{\"@context\":\"https:\/\/schema.org\",\"@graph\":[{\"@type\":\"WebPage\",\"@id\":\"https:\/\/www.livingwithnets.com\/hu\/egyutteles-a-net-tel\/megkuzdes-az-erzelmekkel\/\",\"url\":\"https:\/\/www.livingwithnets.com\/hu\/egyutteles-a-net-tel\/megkuzdes-az-erzelmekkel\/\",\"name\":\"Az \u00e9rzelmekkel val\u00f3 megk\u00fczd\u00e9s Egy\u00fctt\u00e9l\u00e9s a neuroendokrin tumorral (NET):\",\"isPartOf\":{\"@id\":\"https:\/\/www.livingwithnets.com\/hu\/#website\"},\"datePublished\":\"2016-07-15T10:18:25+00:00\",\"dateModified\":\"2021-07-20T15:38:03+00:00\",\"description\":\"Hallgassa meg, hogy m\u00e1sok hogyan birk\u00f3ztak meg a neuroendokrin tumorral (NET) vagy neuroendokrin r\u00e1kkal (karcinoid r\u00e1k), \u00e9s hogyan alkalmazkodtak hozz\u00e1!\",\"breadcrumb\":{\"@id\":\"https:\/\/www.livingwithnets.com\/hu\/egyutteles-a-net-tel\/megkuzdes-az-erzelmekkel\/#breadcrumb\"},\"inLanguage\":\"hu\",\"potentialAction\":[{\"@type\":\"ReadAction\",\"target\":[\"https:\/\/www.livingwithnets.com\/hu\/egyutteles-a-net-tel\/megkuzdes-az-erzelmekkel\/\"]}]},{\"@type\":\"BreadcrumbList\",\"@id\":\"https:\/\/www.livingwithnets.com\/hu\/egyutteles-a-net-tel\/megkuzdes-az-erzelmekkel\/#breadcrumb\",\"itemListElement\":[{\"@type\":\"ListItem\",\"position\":1,\"name\":\"Home\",\"item\":\"https:\/\/www.livingwithnets.com\/hu\/\"},{\"@type\":\"ListItem\",\"position\":2,\"name\":\"Living With NETs\",\"item\":\"https:\/\/www.livingwithnets.com\/hu\/egyutteles-a-net-tel\/\"},{\"@type\":\"ListItem\",\"position\":3,\"name\":\"Coping With Emotions\"}]},{\"@type\":\"WebSite\",\"@id\":\"https:\/\/www.livingwithnets.com\/hu\/#website\",\"url\":\"https:\/\/www.livingwithnets.com\/hu\/\",\"name\":\"Living with NETS\",\"description\":\"Living with NETs - the home of neuroendocrine tumour information and support\",\"potentialAction\":[{\"@type\":\"SearchAction\",\"target\":{\"@type\":\"EntryPoint\",\"urlTemplate\":\"https:\/\/www.livingwithnets.com\/hu\/?s={search_term_string}\"},\"query-input\":{\"@type\":\"PropertyValueSpecification\",\"valueRequired\":true,\"valueName\":\"search_term_string\"}}],\"inLanguage\":\"hu\"}]}<\/script>\n<!-- \/ Yoast SEO plugin. -->","yoast_head_json":{"title":"Az \u00e9rzelmekkel val\u00f3 megk\u00fczd\u00e9s Egy\u00fctt\u00e9l\u00e9s a neuroendokrin tumorral (NET):","description":"Hallgassa meg, hogy m\u00e1sok hogyan birk\u00f3ztak meg a neuroendokrin tumorral (NET) vagy neuroendokrin r\u00e1kkal (karcinoid r\u00e1k), \u00e9s hogyan alkalmazkodtak hozz\u00e1!","robots":{"index":"index","follow":"follow","max-snippet":"max-snippet:-1","max-image-preview":"max-image-preview:large","max-video-preview":"max-video-preview:-1"},"canonical":"https:\/\/www.livingwithnets.com\/hu\/egyutteles-a-net-tel\/megkuzdes-az-erzelmekkel\/","og_locale":"hu_HU","og_type":"article","og_title":"Az \u00e9rzelmekkel val\u00f3 megk\u00fczd\u00e9s Egy\u00fctt\u00e9l\u00e9s a neuroendokrin tumorral (NET):","og_description":"Hallgassa meg, hogy m\u00e1sok hogyan birk\u00f3ztak meg a neuroendokrin tumorral (NET) vagy neuroendokrin r\u00e1kkal (karcinoid r\u00e1k), \u00e9s hogyan alkalmazkodtak hozz\u00e1!","og_url":"https:\/\/www.livingwithnets.com\/hu\/egyutteles-a-net-tel\/megkuzdes-az-erzelmekkel\/","og_site_name":"Living with NETS","article_modified_time":"2021-07-20T15:38:03+00:00","twitter_card":"summary_large_image","schema":{"@context":"https:\/\/schema.org","@graph":[{"@type":"WebPage","@id":"https:\/\/www.livingwithnets.com\/hu\/egyutteles-a-net-tel\/megkuzdes-az-erzelmekkel\/","url":"https:\/\/www.livingwithnets.com\/hu\/egyutteles-a-net-tel\/megkuzdes-az-erzelmekkel\/","name":"Az \u00e9rzelmekkel val\u00f3 megk\u00fczd\u00e9s Egy\u00fctt\u00e9l\u00e9s a neuroendokrin tumorral (NET):","isPartOf":{"@id":"https:\/\/www.livingwithnets.com\/hu\/#website"},"datePublished":"2016-07-15T10:18:25+00:00","dateModified":"2021-07-20T15:38:03+00:00","description":"Hallgassa meg, hogy m\u00e1sok hogyan birk\u00f3ztak meg a neuroendokrin tumorral (NET) vagy neuroendokrin r\u00e1kkal (karcinoid r\u00e1k), \u00e9s hogyan alkalmazkodtak hozz\u00e1!","breadcrumb":{"@id":"https:\/\/www.livingwithnets.com\/hu\/egyutteles-a-net-tel\/megkuzdes-az-erzelmekkel\/#breadcrumb"},"inLanguage":"hu","potentialAction":[{"@type":"ReadAction","target":["https:\/\/www.livingwithnets.com\/hu\/egyutteles-a-net-tel\/megkuzdes-az-erzelmekkel\/"]}]},{"@type":"BreadcrumbList","@id":"https:\/\/www.livingwithnets.com\/hu\/egyutteles-a-net-tel\/megkuzdes-az-erzelmekkel\/#breadcrumb","itemListElement":[{"@type":"ListItem","position":1,"name":"Home","item":"https:\/\/www.livingwithnets.com\/hu\/"},{"@type":"ListItem","position":2,"name":"Living With NETs","item":"https:\/\/www.livingwithnets.com\/hu\/egyutteles-a-net-tel\/"},{"@type":"ListItem","position":3,"name":"Coping With Emotions"}]},{"@type":"WebSite","@id":"https:\/\/www.livingwithnets.com\/hu\/#website","url":"https:\/\/www.livingwithnets.com\/hu\/","name":"Living with NETS","description":"Living with NETs - the home of neuroendocrine tumour information and support","potentialAction":[{"@type":"SearchAction","target":{"@type":"EntryPoint","urlTemplate":"https:\/\/www.livingwithnets.com\/hu\/?s={search_term_string}"},"query-input":{"@type":"PropertyValueSpecification","valueRequired":true,"valueName":"search_term_string"}}],"inLanguage":"hu"}]}},"acf":[],"_links":{"self":[{"href":"https:\/\/www.livingwithnets.com\/hu\/wp-json\/wp\/v2\/pages\/71","targetHints":{"allow":["GET"]}}],"collection":[{"href":"https:\/\/www.livingwithnets.com\/hu\/wp-json\/wp\/v2\/pages"}],"about":[{"href":"https:\/\/www.livingwithnets.com\/hu\/wp-json\/wp\/v2\/types\/page"}],"author":[{"embeddable":true,"href":"https:\/\/www.livingwithnets.com\/hu\/wp-json\/wp\/v2\/users\/1"}],"replies":[{"embeddable":true,"href":"https:\/\/www.livingwithnets.com\/hu\/wp-json\/wp\/v2\/comments?post=71"}],"version-history":[{"count":5,"href":"https:\/\/www.livingwithnets.com\/hu\/wp-json\/wp\/v2\/pages\/71\/revisions"}],"predecessor-version":[{"id":4584,"href":"https:\/\/www.livingwithnets.com\/hu\/wp-json\/wp\/v2\/pages\/71\/revisions\/4584"}],"up":[{"embeddable":true,"href":"https:\/\/www.livingwithnets.com\/hu\/wp-json\/wp\/v2\/pages\/10"}],"wp:attachment":[{"href":"https:\/\/www.livingwithnets.com\/hu\/wp-json\/wp\/v2\/media?parent=71"}],"curies":[{"name":"wp","href":"https:\/\/api.w.org\/{rel}","templated":true}]}}