{"id":6,"date":"2016-07-14T16:00:11","date_gmt":"2016-07-14T15:00:11","guid":{"rendered":"\/?page_id=6"},"modified":"2020-06-18T21:07:44","modified_gmt":"2020-06-18T20:07:44","slug":"home","status":"publish","type":"page","link":"https:\/\/www.livingwithnets.com\/hu\/","title":{"rendered":"Home"},"content":{"rendered":"","protected":false},"excerpt":{"rendered":"","protected":false},"author":1,"featured_media":0,"parent":0,"menu_order":1,"comment_status":"closed","ping_status":"closed","template":"template-home.php","meta":{"_acf_changed":false,"_monsterinsights_skip_tracking":false,"_monsterinsights_sitenote_active":false,"_monsterinsights_sitenote_note":"","_monsterinsights_sitenote_category":0,"footnotes":""},"class_list":["post-6","page","type-page","status-publish","hentry"],"yoast_head":"<!-- This site is optimized with the Yoast SEO plugin v23.8 - https:\/\/yoast.com\/wordpress\/plugins\/seo\/ -->\n<title>A \u201enettelelek.hu\u201d: A neuroendokrin tumorokkal \u00e9l\u0151knek<\/title>\n<meta name=\"description\" content=\"A \u201enettelelek.hu\u201d inform\u00e1ci\u00f3t \u00e9s seg\u00edts\u00e9get ny\u00fajt a neuroendokrin tumorral (NET) k\u00fczd\u0151knek a diagn\u00f3zist\u00f3l a kezel\u00e9sig, valamint a NET-tel val\u00f3 hossz\u00fa t\u00e1v\u00fa egy\u00fctt\u00e9l\u00e9shez\" \/>\n<meta name=\"robots\" content=\"index, follow, max-snippet:-1, max-image-preview:large, max-video-preview:-1\" \/>\n<link rel=\"canonical\" href=\"https:\/\/www.livingwithnets.com\/hu\/\" \/>\n<meta property=\"og:locale\" content=\"hu_HU\" \/>\n<meta property=\"og:type\" content=\"article\" \/>\n<meta property=\"og:title\" content=\"A \u201enettelelek.hu\u201d: A neuroendokrin tumorokkal \u00e9l\u0151knek\" \/>\n<meta property=\"og:description\" content=\"A \u201enettelelek.hu\u201d inform\u00e1ci\u00f3t \u00e9s seg\u00edts\u00e9get ny\u00fajt a neuroendokrin tumorral (NET) k\u00fczd\u0151knek a diagn\u00f3zist\u00f3l a kezel\u00e9sig, valamint a NET-tel val\u00f3 hossz\u00fa t\u00e1v\u00fa egy\u00fctt\u00e9l\u00e9shez\" \/>\n<meta property=\"og:url\" content=\"https:\/\/www.livingwithnets.com\/hu\/\" \/>\n<meta property=\"og:site_name\" content=\"Living with NETS\" \/>\n<meta property=\"article:modified_time\" content=\"2020-06-18T20:07:44+00:00\" \/>\n<meta name=\"twitter:card\" content=\"summary_large_image\" \/>\n<script type=\"application\/ld+json\" class=\"yoast-schema-graph\">{\"@context\":\"https:\/\/schema.org\",\"@graph\":[{\"@type\":\"WebPage\",\"@id\":\"https:\/\/www.livingwithnets.com\/hu\/\",\"url\":\"https:\/\/www.livingwithnets.com\/hu\/\",\"name\":\"A \u201enettelelek.hu\u201d: A neuroendokrin tumorokkal \u00e9l\u0151knek\",\"isPartOf\":{\"@id\":\"https:\/\/www.livingwithnets.com\/hu\/#website\"},\"datePublished\":\"2016-07-14T15:00:11+00:00\",\"dateModified\":\"2020-06-18T20:07:44+00:00\",\"description\":\"A \u201enettelelek.hu\u201d inform\u00e1ci\u00f3t \u00e9s seg\u00edts\u00e9get ny\u00fajt a neuroendokrin tumorral (NET) k\u00fczd\u0151knek a diagn\u00f3zist\u00f3l a kezel\u00e9sig, valamint a NET-tel val\u00f3 hossz\u00fa t\u00e1v\u00fa egy\u00fctt\u00e9l\u00e9shez\",\"breadcrumb\":{\"@id\":\"https:\/\/www.livingwithnets.com\/hu\/#breadcrumb\"},\"inLanguage\":\"hu\",\"potentialAction\":[{\"@type\":\"ReadAction\",\"target\":[\"https:\/\/www.livingwithnets.com\/hu\/\"]}]},{\"@type\":\"BreadcrumbList\",\"@id\":\"https:\/\/www.livingwithnets.com\/hu\/#breadcrumb\",\"itemListElement\":[{\"@type\":\"ListItem\",\"position\":1,\"name\":\"Home\",\"item\":\"https:\/\/www.livingwithnets.com\/hu\/\"},{\"@type\":\"ListItem\",\"position\":2,\"name\":\"Home\"}]},{\"@type\":\"WebSite\",\"@id\":\"https:\/\/www.livingwithnets.com\/hu\/#website\",\"url\":\"https:\/\/www.livingwithnets.com\/hu\/\",\"name\":\"Living with NETS\",\"description\":\"Living with NETs - the home of neuroendocrine tumour information and support\",\"potentialAction\":[{\"@type\":\"SearchAction\",\"target\":{\"@type\":\"EntryPoint\",\"urlTemplate\":\"https:\/\/www.livingwithnets.com\/hu\/?s={search_term_string}\"},\"query-input\":{\"@type\":\"PropertyValueSpecification\",\"valueRequired\":true,\"valueName\":\"search_term_string\"}}],\"inLanguage\":\"hu\"}]}<\/script>\n<!-- \/ Yoast SEO plugin. -->","yoast_head_json":{"title":"A \u201enettelelek.hu\u201d: A neuroendokrin tumorokkal \u00e9l\u0151knek","description":"A \u201enettelelek.hu\u201d inform\u00e1ci\u00f3t \u00e9s seg\u00edts\u00e9get ny\u00fajt a neuroendokrin tumorral (NET) k\u00fczd\u0151knek a diagn\u00f3zist\u00f3l a kezel\u00e9sig, valamint a NET-tel val\u00f3 hossz\u00fa t\u00e1v\u00fa egy\u00fctt\u00e9l\u00e9shez","robots":{"index":"index","follow":"follow","max-snippet":"max-snippet:-1","max-image-preview":"max-image-preview:large","max-video-preview":"max-video-preview:-1"},"canonical":"https:\/\/www.livingwithnets.com\/hu\/","og_locale":"hu_HU","og_type":"article","og_title":"A \u201enettelelek.hu\u201d: A neuroendokrin tumorokkal \u00e9l\u0151knek","og_description":"A \u201enettelelek.hu\u201d inform\u00e1ci\u00f3t \u00e9s seg\u00edts\u00e9get ny\u00fajt a neuroendokrin tumorral (NET) k\u00fczd\u0151knek a diagn\u00f3zist\u00f3l a kezel\u00e9sig, valamint a NET-tel val\u00f3 hossz\u00fa t\u00e1v\u00fa egy\u00fctt\u00e9l\u00e9shez","og_url":"https:\/\/www.livingwithnets.com\/hu\/","og_site_name":"Living with NETS","article_modified_time":"2020-06-18T20:07:44+00:00","twitter_card":"summary_large_image","schema":{"@context":"https:\/\/schema.org","@graph":[{"@type":"WebPage","@id":"https:\/\/www.livingwithnets.com\/hu\/","url":"https:\/\/www.livingwithnets.com\/hu\/","name":"A \u201enettelelek.hu\u201d: A neuroendokrin tumorokkal \u00e9l\u0151knek","isPartOf":{"@id":"https:\/\/www.livingwithnets.com\/hu\/#website"},"datePublished":"2016-07-14T15:00:11+00:00","dateModified":"2020-06-18T20:07:44+00:00","description":"A \u201enettelelek.hu\u201d inform\u00e1ci\u00f3t \u00e9s seg\u00edts\u00e9get ny\u00fajt a neuroendokrin tumorral (NET) k\u00fczd\u0151knek a diagn\u00f3zist\u00f3l a kezel\u00e9sig, valamint a NET-tel val\u00f3 hossz\u00fa t\u00e1v\u00fa egy\u00fctt\u00e9l\u00e9shez","breadcrumb":{"@id":"https:\/\/www.livingwithnets.com\/hu\/#breadcrumb"},"inLanguage":"hu","potentialAction":[{"@type":"ReadAction","target":["https:\/\/www.livingwithnets.com\/hu\/"]}]},{"@type":"BreadcrumbList","@id":"https:\/\/www.livingwithnets.com\/hu\/#breadcrumb","itemListElement":[{"@type":"ListItem","position":1,"name":"Home","item":"https:\/\/www.livingwithnets.com\/hu\/"},{"@type":"ListItem","position":2,"name":"Home"}]},{"@type":"WebSite","@id":"https:\/\/www.livingwithnets.com\/hu\/#website","url":"https:\/\/www.livingwithnets.com\/hu\/","name":"Living with NETS","description":"Living with NETs - the home of neuroendocrine tumour information and support","potentialAction":[{"@type":"SearchAction","target":{"@type":"EntryPoint","urlTemplate":"https:\/\/www.livingwithnets.com\/hu\/?s={search_term_string}"},"query-input":{"@type":"PropertyValueSpecification","valueRequired":true,"valueName":"search_term_string"}}],"inLanguage":"hu"}]}},"acf":[],"_links":{"self":[{"href":"https:\/\/www.livingwithnets.com\/hu\/wp-json\/wp\/v2\/pages\/6","targetHints":{"allow":["GET"]}}],"collection":[{"href":"https:\/\/www.livingwithnets.com\/hu\/wp-json\/wp\/v2\/pages"}],"about":[{"href":"https:\/\/www.livingwithnets.com\/hu\/wp-json\/wp\/v2\/types\/page"}],"author":[{"embeddable":true,"href":"https:\/\/www.livingwithnets.com\/hu\/wp-json\/wp\/v2\/users\/1"}],"replies":[{"embeddable":true,"href":"https:\/\/www.livingwithnets.com\/hu\/wp-json\/wp\/v2\/comments?post=6"}],"version-history":[{"count":5,"href":"https:\/\/www.livingwithnets.com\/hu\/wp-json\/wp\/v2\/pages\/6\/revisions"}],"predecessor-version":[{"id":4153,"href":"https:\/\/www.livingwithnets.com\/hu\/wp-json\/wp\/v2\/pages\/6\/revisions\/4153"}],"wp:attachment":[{"href":"https:\/\/www.livingwithnets.com\/hu\/wp-json\/wp\/v2\/media?parent=6"}],"curies":[{"name":"wp","href":"https:\/\/api.w.org\/{rel}","templated":true}]}}