{"id":41,"date":"2016-07-14T16:52:42","date_gmt":"2016-07-14T15:52:42","guid":{"rendered":"\/?page_id=41"},"modified":"2020-08-05T13:05:15","modified_gmt":"2020-08-05T12:05:15","slug":"diagnosztikai-vizsgalatok","status":"publish","type":"page","link":"https:\/\/www.livingwithnets.com\/hu\/a-net-rol\/a-net-diagnosztizalasa\/diagnosztikai-vizsgalatok\/","title":{"rendered":"Diagnostic Tests"},"content":{"rendered":"","protected":false},"excerpt":{"rendered":"","protected":false},"author":1,"featured_media":0,"parent":19,"menu_order":1,"comment_status":"closed","ping_status":"closed","template":"template-general-content.php","meta":{"_acf_changed":false,"_monsterinsights_skip_tracking":false,"_monsterinsights_sitenote_active":false,"_monsterinsights_sitenote_note":"","_monsterinsights_sitenote_category":0,"footnotes":""},"class_list":["post-41","page","type-page","status-publish","hentry"],"yoast_head":"<!-- This site is optimized with the Yoast SEO plugin v25.9 - https:\/\/yoast.com\/wordpress\/plugins\/seo\/ -->\n<title>NET diagnosztikai vizsg\u00e1latok: A neuroendokrin tumorok (NET) diagnosztiz\u00e1l\u00e1sa<\/title>\n<meta name=\"description\" content=\"A neuroendokrin r\u00e1k t\u00fcnetei mellett labor- \u00e9s k\u00e9palkot\u00f3 vizsg\u00e1latok kombin\u00e1ci\u00f3ja sz\u00fcks\u00e9ges a neuroendokrin tumorok (NET) diagnosztiz\u00e1l\u00e1s\u00e1hoz \u00e9s kezel\u00e9s\u00e9nek ellen\u0151rz\u00e9s\u00e9hez.\" \/>\n<meta name=\"robots\" content=\"index, follow, max-snippet:-1, max-image-preview:large, max-video-preview:-1\" \/>\n<link rel=\"canonical\" href=\"https:\/\/www.livingwithnets.com\/hu\/a-net-rol\/a-net-diagnosztizalasa\/diagnosztikai-vizsgalatok\/\" \/>\n<meta property=\"og:locale\" content=\"hu_HU\" \/>\n<meta property=\"og:type\" content=\"article\" \/>\n<meta property=\"og:title\" content=\"NET diagnosztikai vizsg\u00e1latok: A neuroendokrin tumorok (NET) diagnosztiz\u00e1l\u00e1sa\" \/>\n<meta property=\"og:description\" content=\"A neuroendokrin r\u00e1k t\u00fcnetei mellett labor- \u00e9s k\u00e9palkot\u00f3 vizsg\u00e1latok kombin\u00e1ci\u00f3ja sz\u00fcks\u00e9ges a neuroendokrin tumorok (NET) diagnosztiz\u00e1l\u00e1s\u00e1hoz \u00e9s kezel\u00e9s\u00e9nek ellen\u0151rz\u00e9s\u00e9hez.\" \/>\n<meta property=\"og:url\" content=\"https:\/\/www.livingwithnets.com\/hu\/a-net-rol\/a-net-diagnosztizalasa\/diagnosztikai-vizsgalatok\/\" \/>\n<meta property=\"og:site_name\" content=\"Living with NETS\" \/>\n<meta property=\"article:modified_time\" content=\"2020-08-05T12:05:15+00:00\" \/>\n<meta name=\"twitter:card\" content=\"summary_large_image\" \/>\n<script type=\"application\/ld+json\" class=\"yoast-schema-graph\">{\"@context\":\"https:\/\/schema.org\",\"@graph\":[{\"@type\":\"WebPage\",\"@id\":\"https:\/\/www.livingwithnets.com\/hu\/a-net-rol\/a-net-diagnosztizalasa\/diagnosztikai-vizsgalatok\/\",\"url\":\"https:\/\/www.livingwithnets.com\/hu\/a-net-rol\/a-net-diagnosztizalasa\/diagnosztikai-vizsgalatok\/\",\"name\":\"NET diagnosztikai vizsg\u00e1latok: A neuroendokrin tumorok (NET) diagnosztiz\u00e1l\u00e1sa\",\"isPartOf\":{\"@id\":\"https:\/\/www.livingwithnets.com\/hu\/#website\"},\"datePublished\":\"2016-07-14T15:52:42+00:00\",\"dateModified\":\"2020-08-05T12:05:15+00:00\",\"description\":\"A neuroendokrin r\u00e1k t\u00fcnetei mellett labor- \u00e9s k\u00e9palkot\u00f3 vizsg\u00e1latok kombin\u00e1ci\u00f3ja sz\u00fcks\u00e9ges a neuroendokrin tumorok (NET) diagnosztiz\u00e1l\u00e1s\u00e1hoz \u00e9s kezel\u00e9s\u00e9nek ellen\u0151rz\u00e9s\u00e9hez.\",\"breadcrumb\":{\"@id\":\"https:\/\/www.livingwithnets.com\/hu\/a-net-rol\/a-net-diagnosztizalasa\/diagnosztikai-vizsgalatok\/#breadcrumb\"},\"inLanguage\":\"hu\",\"potentialAction\":[{\"@type\":\"ReadAction\",\"target\":[\"https:\/\/www.livingwithnets.com\/hu\/a-net-rol\/a-net-diagnosztizalasa\/diagnosztikai-vizsgalatok\/\"]}]},{\"@type\":\"BreadcrumbList\",\"@id\":\"https:\/\/www.livingwithnets.com\/hu\/a-net-rol\/a-net-diagnosztizalasa\/diagnosztikai-vizsgalatok\/#breadcrumb\",\"itemListElement\":[{\"@type\":\"ListItem\",\"position\":1,\"name\":\"Home\",\"item\":\"https:\/\/www.livingwithnets.com\/hu\/\"},{\"@type\":\"ListItem\",\"position\":2,\"name\":\"About NETs\",\"item\":\"https:\/\/www.livingwithnets.com\/hu\/a-net-rol\/\"},{\"@type\":\"ListItem\",\"position\":3,\"name\":\"Diagnosing NETs\",\"item\":\"https:\/\/www.livingwithnets.com\/hu\/a-net-rol\/a-net-diagnosztizalasa\/\"},{\"@type\":\"ListItem\",\"position\":4,\"name\":\"Diagnostic Tests\"}]},{\"@type\":\"WebSite\",\"@id\":\"https:\/\/www.livingwithnets.com\/hu\/#website\",\"url\":\"https:\/\/www.livingwithnets.com\/hu\/\",\"name\":\"Living with NETS\",\"description\":\"Living with NETs - the home of neuroendocrine tumour information and support\",\"potentialAction\":[{\"@type\":\"SearchAction\",\"target\":{\"@type\":\"EntryPoint\",\"urlTemplate\":\"https:\/\/www.livingwithnets.com\/hu\/?s={search_term_string}\"},\"query-input\":{\"@type\":\"PropertyValueSpecification\",\"valueRequired\":true,\"valueName\":\"search_term_string\"}}],\"inLanguage\":\"hu\"}]}<\/script>\n<!-- \/ Yoast SEO plugin. -->","yoast_head_json":{"title":"NET diagnosztikai vizsg\u00e1latok: A neuroendokrin tumorok (NET) diagnosztiz\u00e1l\u00e1sa","description":"A neuroendokrin r\u00e1k t\u00fcnetei mellett labor- \u00e9s k\u00e9palkot\u00f3 vizsg\u00e1latok kombin\u00e1ci\u00f3ja sz\u00fcks\u00e9ges a neuroendokrin tumorok (NET) diagnosztiz\u00e1l\u00e1s\u00e1hoz \u00e9s kezel\u00e9s\u00e9nek ellen\u0151rz\u00e9s\u00e9hez.","robots":{"index":"index","follow":"follow","max-snippet":"max-snippet:-1","max-image-preview":"max-image-preview:large","max-video-preview":"max-video-preview:-1"},"canonical":"https:\/\/www.livingwithnets.com\/hu\/a-net-rol\/a-net-diagnosztizalasa\/diagnosztikai-vizsgalatok\/","og_locale":"hu_HU","og_type":"article","og_title":"NET diagnosztikai vizsg\u00e1latok: A neuroendokrin tumorok (NET) diagnosztiz\u00e1l\u00e1sa","og_description":"A neuroendokrin r\u00e1k t\u00fcnetei mellett labor- \u00e9s k\u00e9palkot\u00f3 vizsg\u00e1latok kombin\u00e1ci\u00f3ja sz\u00fcks\u00e9ges a neuroendokrin tumorok (NET) diagnosztiz\u00e1l\u00e1s\u00e1hoz \u00e9s kezel\u00e9s\u00e9nek ellen\u0151rz\u00e9s\u00e9hez.","og_url":"https:\/\/www.livingwithnets.com\/hu\/a-net-rol\/a-net-diagnosztizalasa\/diagnosztikai-vizsgalatok\/","og_site_name":"Living with NETS","article_modified_time":"2020-08-05T12:05:15+00:00","twitter_card":"summary_large_image","schema":{"@context":"https:\/\/schema.org","@graph":[{"@type":"WebPage","@id":"https:\/\/www.livingwithnets.com\/hu\/a-net-rol\/a-net-diagnosztizalasa\/diagnosztikai-vizsgalatok\/","url":"https:\/\/www.livingwithnets.com\/hu\/a-net-rol\/a-net-diagnosztizalasa\/diagnosztikai-vizsgalatok\/","name":"NET diagnosztikai vizsg\u00e1latok: A neuroendokrin tumorok (NET) diagnosztiz\u00e1l\u00e1sa","isPartOf":{"@id":"https:\/\/www.livingwithnets.com\/hu\/#website"},"datePublished":"2016-07-14T15:52:42+00:00","dateModified":"2020-08-05T12:05:15+00:00","description":"A neuroendokrin r\u00e1k t\u00fcnetei mellett labor- \u00e9s k\u00e9palkot\u00f3 vizsg\u00e1latok kombin\u00e1ci\u00f3ja sz\u00fcks\u00e9ges a neuroendokrin tumorok (NET) diagnosztiz\u00e1l\u00e1s\u00e1hoz \u00e9s kezel\u00e9s\u00e9nek ellen\u0151rz\u00e9s\u00e9hez.","breadcrumb":{"@id":"https:\/\/www.livingwithnets.com\/hu\/a-net-rol\/a-net-diagnosztizalasa\/diagnosztikai-vizsgalatok\/#breadcrumb"},"inLanguage":"hu","potentialAction":[{"@type":"ReadAction","target":["https:\/\/www.livingwithnets.com\/hu\/a-net-rol\/a-net-diagnosztizalasa\/diagnosztikai-vizsgalatok\/"]}]},{"@type":"BreadcrumbList","@id":"https:\/\/www.livingwithnets.com\/hu\/a-net-rol\/a-net-diagnosztizalasa\/diagnosztikai-vizsgalatok\/#breadcrumb","itemListElement":[{"@type":"ListItem","position":1,"name":"Home","item":"https:\/\/www.livingwithnets.com\/hu\/"},{"@type":"ListItem","position":2,"name":"About NETs","item":"https:\/\/www.livingwithnets.com\/hu\/a-net-rol\/"},{"@type":"ListItem","position":3,"name":"Diagnosing NETs","item":"https:\/\/www.livingwithnets.com\/hu\/a-net-rol\/a-net-diagnosztizalasa\/"},{"@type":"ListItem","position":4,"name":"Diagnostic Tests"}]},{"@type":"WebSite","@id":"https:\/\/www.livingwithnets.com\/hu\/#website","url":"https:\/\/www.livingwithnets.com\/hu\/","name":"Living with NETS","description":"Living with NETs - the home of neuroendocrine tumour information and support","potentialAction":[{"@type":"SearchAction","target":{"@type":"EntryPoint","urlTemplate":"https:\/\/www.livingwithnets.com\/hu\/?s={search_term_string}"},"query-input":{"@type":"PropertyValueSpecification","valueRequired":true,"valueName":"search_term_string"}}],"inLanguage":"hu"}]}},"acf":[],"_links":{"self":[{"href":"https:\/\/www.livingwithnets.com\/hu\/wp-json\/wp\/v2\/pages\/41","targetHints":{"allow":["GET"]}}],"collection":[{"href":"https:\/\/www.livingwithnets.com\/hu\/wp-json\/wp\/v2\/pages"}],"about":[{"href":"https:\/\/www.livingwithnets.com\/hu\/wp-json\/wp\/v2\/types\/page"}],"author":[{"embeddable":true,"href":"https:\/\/www.livingwithnets.com\/hu\/wp-json\/wp\/v2\/users\/1"}],"replies":[{"embeddable":true,"href":"https:\/\/www.livingwithnets.com\/hu\/wp-json\/wp\/v2\/comments?post=41"}],"version-history":[{"count":5,"href":"https:\/\/www.livingwithnets.com\/hu\/wp-json\/wp\/v2\/pages\/41\/revisions"}],"predecessor-version":[{"id":4547,"href":"https:\/\/www.livingwithnets.com\/hu\/wp-json\/wp\/v2\/pages\/41\/revisions\/4547"}],"up":[{"embeddable":true,"href":"https:\/\/www.livingwithnets.com\/hu\/wp-json\/wp\/v2\/pages\/19"}],"wp:attachment":[{"href":"https:\/\/www.livingwithnets.com\/hu\/wp-json\/wp\/v2\/media?parent=41"}],"curies":[{"name":"wp","href":"https:\/\/api.w.org\/{rel}","templated":true}]}}