{"id":2448,"date":"2016-09-07T17:50:31","date_gmt":"2016-09-07T16:50:31","guid":{"rendered":"\/?page_id=2448"},"modified":"2021-08-31T11:56:00","modified_gmt":"2021-08-31T10:56:00","slug":"betegtamogato-csoportok","status":"publish","type":"page","link":"https:\/\/www.livingwithnets.com\/hu\/tamogatast-kapni\/betegtamogato-csoportok\/","title":{"rendered":"Patient Support Groups"},"content":{"rendered":"","protected":false},"excerpt":{"rendered":"","protected":false},"author":3,"featured_media":0,"parent":15,"menu_order":0,"comment_status":"closed","ping_status":"closed","template":"template-general-content.php","meta":{"_acf_changed":false,"_monsterinsights_skip_tracking":false,"_monsterinsights_sitenote_active":false,"_monsterinsights_sitenote_note":"","_monsterinsights_sitenote_category":0,"footnotes":""},"class_list":["post-2448","page","type-page","status-publish","hentry"],"yoast_head":"<!-- This site is optimized with the Yoast SEO plugin v23.8 - https:\/\/yoast.com\/wordpress\/plugins\/seo\/ -->\n<title>NET-tel val\u00f3 egy\u00fctt\u00e9l\u00e9s: NET betegt\u00e1mogat\u00f3 csoportok<\/title>\n<meta name=\"description\" content=\"L\u00e1sd a betegt\u00e1mogat\u00f3 csoportok list\u00e1j\u00e1t Magyarorsz\u00e1gon, akik seg\u00edthetnek a neuroendokrin daganatok (NET), a neuroendokrin r\u00e1k vagy a karcinoid r\u00e1k megismer\u00e9s\u00e9ben: Gy\u00f3gyulj Vel\u00fcnk Egyes\u00fclet www.gyve.hu, Magyar R\u00e1kellenes Liga www.rakliga.hu.\" \/>\n<meta name=\"robots\" content=\"index, follow, max-snippet:-1, max-image-preview:large, max-video-preview:-1\" \/>\n<link rel=\"canonical\" href=\"https:\/\/www.livingwithnets.com\/hu\/tamogatast-kapni\/betegtamogato-csoportok\/\" \/>\n<meta property=\"og:locale\" content=\"hu_HU\" \/>\n<meta property=\"og:type\" content=\"article\" \/>\n<meta property=\"og:title\" content=\"NET-tel val\u00f3 egy\u00fctt\u00e9l\u00e9s: NET betegt\u00e1mogat\u00f3 csoportok\" \/>\n<meta property=\"og:description\" content=\"L\u00e1sd a betegt\u00e1mogat\u00f3 csoportok list\u00e1j\u00e1t Magyarorsz\u00e1gon, akik seg\u00edthetnek a neuroendokrin daganatok (NET), a neuroendokrin r\u00e1k vagy a karcinoid r\u00e1k megismer\u00e9s\u00e9ben: Gy\u00f3gyulj Vel\u00fcnk Egyes\u00fclet www.gyve.hu, Magyar R\u00e1kellenes Liga www.rakliga.hu.\" \/>\n<meta property=\"og:url\" content=\"https:\/\/www.livingwithnets.com\/hu\/tamogatast-kapni\/betegtamogato-csoportok\/\" \/>\n<meta property=\"og:site_name\" content=\"Living with NETS\" \/>\n<meta property=\"article:modified_time\" content=\"2021-08-31T10:56:00+00:00\" \/>\n<meta name=\"twitter:card\" content=\"summary_large_image\" \/>\n<script type=\"application\/ld+json\" class=\"yoast-schema-graph\">{\"@context\":\"https:\/\/schema.org\",\"@graph\":[{\"@type\":\"WebPage\",\"@id\":\"https:\/\/www.livingwithnets.com\/hu\/tamogatast-kapni\/betegtamogato-csoportok\/\",\"url\":\"https:\/\/www.livingwithnets.com\/hu\/tamogatast-kapni\/betegtamogato-csoportok\/\",\"name\":\"NET-tel val\u00f3 egy\u00fctt\u00e9l\u00e9s: NET betegt\u00e1mogat\u00f3 csoportok\",\"isPartOf\":{\"@id\":\"https:\/\/www.livingwithnets.com\/hu\/#website\"},\"datePublished\":\"2016-09-07T16:50:31+00:00\",\"dateModified\":\"2021-08-31T10:56:00+00:00\",\"description\":\"L\u00e1sd a betegt\u00e1mogat\u00f3 csoportok list\u00e1j\u00e1t Magyarorsz\u00e1gon, akik seg\u00edthetnek a neuroendokrin daganatok (NET), a neuroendokrin r\u00e1k vagy a karcinoid r\u00e1k megismer\u00e9s\u00e9ben: Gy\u00f3gyulj Vel\u00fcnk Egyes\u00fclet www.gyve.hu, Magyar R\u00e1kellenes Liga www.rakliga.hu.\",\"breadcrumb\":{\"@id\":\"https:\/\/www.livingwithnets.com\/hu\/tamogatast-kapni\/betegtamogato-csoportok\/#breadcrumb\"},\"inLanguage\":\"hu\",\"potentialAction\":[{\"@type\":\"ReadAction\",\"target\":[\"https:\/\/www.livingwithnets.com\/hu\/tamogatast-kapni\/betegtamogato-csoportok\/\"]}]},{\"@type\":\"BreadcrumbList\",\"@id\":\"https:\/\/www.livingwithnets.com\/hu\/tamogatast-kapni\/betegtamogato-csoportok\/#breadcrumb\",\"itemListElement\":[{\"@type\":\"ListItem\",\"position\":1,\"name\":\"Home\",\"item\":\"https:\/\/www.livingwithnets.com\/hu\/\"},{\"@type\":\"ListItem\",\"position\":2,\"name\":\"Get Support\",\"item\":\"https:\/\/www.livingwithnets.com\/hu\/tamogatast-kapni\/\"},{\"@type\":\"ListItem\",\"position\":3,\"name\":\"Patient Support Groups\"}]},{\"@type\":\"WebSite\",\"@id\":\"https:\/\/www.livingwithnets.com\/hu\/#website\",\"url\":\"https:\/\/www.livingwithnets.com\/hu\/\",\"name\":\"Living with NETS\",\"description\":\"Living with NETs - the home of neuroendocrine tumour information and support\",\"potentialAction\":[{\"@type\":\"SearchAction\",\"target\":{\"@type\":\"EntryPoint\",\"urlTemplate\":\"https:\/\/www.livingwithnets.com\/hu\/?s={search_term_string}\"},\"query-input\":{\"@type\":\"PropertyValueSpecification\",\"valueRequired\":true,\"valueName\":\"search_term_string\"}}],\"inLanguage\":\"hu\"}]}<\/script>\n<!-- \/ Yoast SEO plugin. -->","yoast_head_json":{"title":"NET-tel val\u00f3 egy\u00fctt\u00e9l\u00e9s: NET betegt\u00e1mogat\u00f3 csoportok","description":"L\u00e1sd a betegt\u00e1mogat\u00f3 csoportok list\u00e1j\u00e1t Magyarorsz\u00e1gon, akik seg\u00edthetnek a neuroendokrin daganatok (NET), a neuroendokrin r\u00e1k vagy a karcinoid r\u00e1k megismer\u00e9s\u00e9ben: Gy\u00f3gyulj Vel\u00fcnk Egyes\u00fclet www.gyve.hu, Magyar R\u00e1kellenes Liga www.rakliga.hu.","robots":{"index":"index","follow":"follow","max-snippet":"max-snippet:-1","max-image-preview":"max-image-preview:large","max-video-preview":"max-video-preview:-1"},"canonical":"https:\/\/www.livingwithnets.com\/hu\/tamogatast-kapni\/betegtamogato-csoportok\/","og_locale":"hu_HU","og_type":"article","og_title":"NET-tel val\u00f3 egy\u00fctt\u00e9l\u00e9s: NET betegt\u00e1mogat\u00f3 csoportok","og_description":"L\u00e1sd a betegt\u00e1mogat\u00f3 csoportok list\u00e1j\u00e1t Magyarorsz\u00e1gon, akik seg\u00edthetnek a neuroendokrin daganatok (NET), a neuroendokrin r\u00e1k vagy a karcinoid r\u00e1k megismer\u00e9s\u00e9ben: Gy\u00f3gyulj Vel\u00fcnk Egyes\u00fclet www.gyve.hu, Magyar R\u00e1kellenes Liga www.rakliga.hu.","og_url":"https:\/\/www.livingwithnets.com\/hu\/tamogatast-kapni\/betegtamogato-csoportok\/","og_site_name":"Living with NETS","article_modified_time":"2021-08-31T10:56:00+00:00","twitter_card":"summary_large_image","schema":{"@context":"https:\/\/schema.org","@graph":[{"@type":"WebPage","@id":"https:\/\/www.livingwithnets.com\/hu\/tamogatast-kapni\/betegtamogato-csoportok\/","url":"https:\/\/www.livingwithnets.com\/hu\/tamogatast-kapni\/betegtamogato-csoportok\/","name":"NET-tel val\u00f3 egy\u00fctt\u00e9l\u00e9s: NET betegt\u00e1mogat\u00f3 csoportok","isPartOf":{"@id":"https:\/\/www.livingwithnets.com\/hu\/#website"},"datePublished":"2016-09-07T16:50:31+00:00","dateModified":"2021-08-31T10:56:00+00:00","description":"L\u00e1sd a betegt\u00e1mogat\u00f3 csoportok list\u00e1j\u00e1t Magyarorsz\u00e1gon, akik seg\u00edthetnek a neuroendokrin daganatok (NET), a neuroendokrin r\u00e1k vagy a karcinoid r\u00e1k megismer\u00e9s\u00e9ben: Gy\u00f3gyulj Vel\u00fcnk Egyes\u00fclet www.gyve.hu, Magyar R\u00e1kellenes Liga www.rakliga.hu.","breadcrumb":{"@id":"https:\/\/www.livingwithnets.com\/hu\/tamogatast-kapni\/betegtamogato-csoportok\/#breadcrumb"},"inLanguage":"hu","potentialAction":[{"@type":"ReadAction","target":["https:\/\/www.livingwithnets.com\/hu\/tamogatast-kapni\/betegtamogato-csoportok\/"]}]},{"@type":"BreadcrumbList","@id":"https:\/\/www.livingwithnets.com\/hu\/tamogatast-kapni\/betegtamogato-csoportok\/#breadcrumb","itemListElement":[{"@type":"ListItem","position":1,"name":"Home","item":"https:\/\/www.livingwithnets.com\/hu\/"},{"@type":"ListItem","position":2,"name":"Get Support","item":"https:\/\/www.livingwithnets.com\/hu\/tamogatast-kapni\/"},{"@type":"ListItem","position":3,"name":"Patient Support Groups"}]},{"@type":"WebSite","@id":"https:\/\/www.livingwithnets.com\/hu\/#website","url":"https:\/\/www.livingwithnets.com\/hu\/","name":"Living with NETS","description":"Living with NETs - the home of neuroendocrine tumour information and support","potentialAction":[{"@type":"SearchAction","target":{"@type":"EntryPoint","urlTemplate":"https:\/\/www.livingwithnets.com\/hu\/?s={search_term_string}"},"query-input":{"@type":"PropertyValueSpecification","valueRequired":true,"valueName":"search_term_string"}}],"inLanguage":"hu"}]}},"acf":[],"_links":{"self":[{"href":"https:\/\/www.livingwithnets.com\/hu\/wp-json\/wp\/v2\/pages\/2448","targetHints":{"allow":["GET"]}}],"collection":[{"href":"https:\/\/www.livingwithnets.com\/hu\/wp-json\/wp\/v2\/pages"}],"about":[{"href":"https:\/\/www.livingwithnets.com\/hu\/wp-json\/wp\/v2\/types\/page"}],"author":[{"embeddable":true,"href":"https:\/\/www.livingwithnets.com\/hu\/wp-json\/wp\/v2\/users\/3"}],"replies":[{"embeddable":true,"href":"https:\/\/www.livingwithnets.com\/hu\/wp-json\/wp\/v2\/comments?post=2448"}],"version-history":[{"count":5,"href":"https:\/\/www.livingwithnets.com\/hu\/wp-json\/wp\/v2\/pages\/2448\/revisions"}],"predecessor-version":[{"id":4619,"href":"https:\/\/www.livingwithnets.com\/hu\/wp-json\/wp\/v2\/pages\/2448\/revisions\/4619"}],"up":[{"embeddable":true,"href":"https:\/\/www.livingwithnets.com\/hu\/wp-json\/wp\/v2\/pages\/15"}],"wp:attachment":[{"href":"https:\/\/www.livingwithnets.com\/hu\/wp-json\/wp\/v2\/media?parent=2448"}],"curies":[{"name":"wp","href":"https:\/\/api.w.org\/{rel}","templated":true}]}}