{"id":2367,"date":"2016-09-06T19:39:54","date_gmt":"2016-09-06T18:39:54","guid":{"rendered":"\/?page_id=2367"},"modified":"2020-08-05T12:34:50","modified_gmt":"2020-08-05T11:34:50","slug":"eszkozok-gyakorlati-tippek","status":"publish","type":"page","link":"https:\/\/www.livingwithnets.com\/hu\/egyutteles-a-net-tel\/gyakorlati-tippek-es-eszkozok\/eszkozok-gyakorlati-tippek\/","title":{"rendered":"Resources &#8211; Practical Tips"},"content":{"rendered":"","protected":false},"excerpt":{"rendered":"","protected":false},"author":3,"featured_media":0,"parent":87,"menu_order":6,"comment_status":"closed","ping_status":"closed","template":"template-general-content.php","meta":{"_acf_changed":false,"_monsterinsights_skip_tracking":false,"_monsterinsights_sitenote_active":false,"_monsterinsights_sitenote_note":"","_monsterinsights_sitenote_category":0,"footnotes":""},"class_list":["post-2367","page","type-page","status-publish","hentry"],"yoast_head":"<!-- This site is optimized with the Yoast SEO plugin v23.8 - https:\/\/yoast.com\/wordpress\/plugins\/seo\/ -->\n<title>Resources - Practical Tips - Living with NETS<\/title>\n<meta name=\"description\" content=\"Gyakorlati tan\u00e1csok \u00e9s eszk\u00f6z\u00f6k - forr\u00e1sok \u00e9s tov\u00e1bbi olvasm\u00e1nyok\" \/>\n<meta name=\"robots\" content=\"index, follow, max-snippet:-1, max-image-preview:large, max-video-preview:-1\" \/>\n<link rel=\"canonical\" href=\"https:\/\/www.livingwithnets.com\/hu\/egyutteles-a-net-tel\/gyakorlati-tippek-es-eszkozok\/eszkozok-gyakorlati-tippek\/\" \/>\n<meta property=\"og:locale\" content=\"hu_HU\" \/>\n<meta property=\"og:type\" content=\"article\" \/>\n<meta property=\"og:title\" content=\"Resources - Practical Tips - Living with NETS\" \/>\n<meta property=\"og:description\" content=\"Gyakorlati tan\u00e1csok \u00e9s eszk\u00f6z\u00f6k - forr\u00e1sok \u00e9s tov\u00e1bbi olvasm\u00e1nyok\" \/>\n<meta property=\"og:url\" content=\"https:\/\/www.livingwithnets.com\/hu\/egyutteles-a-net-tel\/gyakorlati-tippek-es-eszkozok\/eszkozok-gyakorlati-tippek\/\" \/>\n<meta property=\"og:site_name\" content=\"Living with NETS\" \/>\n<meta property=\"article:modified_time\" content=\"2020-08-05T11:34:50+00:00\" \/>\n<meta name=\"twitter:card\" content=\"summary_large_image\" \/>\n<script type=\"application\/ld+json\" class=\"yoast-schema-graph\">{\"@context\":\"https:\/\/schema.org\",\"@graph\":[{\"@type\":\"WebPage\",\"@id\":\"https:\/\/www.livingwithnets.com\/hu\/egyutteles-a-net-tel\/gyakorlati-tippek-es-eszkozok\/eszkozok-gyakorlati-tippek\/\",\"url\":\"https:\/\/www.livingwithnets.com\/hu\/egyutteles-a-net-tel\/gyakorlati-tippek-es-eszkozok\/eszkozok-gyakorlati-tippek\/\",\"name\":\"Resources - Practical Tips - Living with NETS\",\"isPartOf\":{\"@id\":\"https:\/\/www.livingwithnets.com\/hu\/#website\"},\"datePublished\":\"2016-09-06T18:39:54+00:00\",\"dateModified\":\"2020-08-05T11:34:50+00:00\",\"description\":\"Gyakorlati tan\u00e1csok \u00e9s eszk\u00f6z\u00f6k - forr\u00e1sok \u00e9s tov\u00e1bbi olvasm\u00e1nyok\",\"breadcrumb\":{\"@id\":\"https:\/\/www.livingwithnets.com\/hu\/egyutteles-a-net-tel\/gyakorlati-tippek-es-eszkozok\/eszkozok-gyakorlati-tippek\/#breadcrumb\"},\"inLanguage\":\"hu\",\"potentialAction\":[{\"@type\":\"ReadAction\",\"target\":[\"https:\/\/www.livingwithnets.com\/hu\/egyutteles-a-net-tel\/gyakorlati-tippek-es-eszkozok\/eszkozok-gyakorlati-tippek\/\"]}]},{\"@type\":\"BreadcrumbList\",\"@id\":\"https:\/\/www.livingwithnets.com\/hu\/egyutteles-a-net-tel\/gyakorlati-tippek-es-eszkozok\/eszkozok-gyakorlati-tippek\/#breadcrumb\",\"itemListElement\":[{\"@type\":\"ListItem\",\"position\":1,\"name\":\"Home\",\"item\":\"https:\/\/www.livingwithnets.com\/hu\/\"},{\"@type\":\"ListItem\",\"position\":2,\"name\":\"Living With NETs\",\"item\":\"https:\/\/www.livingwithnets.com\/hu\/egyutteles-a-net-tel\/\"},{\"@type\":\"ListItem\",\"position\":3,\"name\":\"Practical Tips and Tools\",\"item\":\"https:\/\/www.livingwithnets.com\/hu\/egyutteles-a-net-tel\/gyakorlati-tippek-es-eszkozok\/\"},{\"@type\":\"ListItem\",\"position\":4,\"name\":\"Resources &#8211; Practical Tips\"}]},{\"@type\":\"WebSite\",\"@id\":\"https:\/\/www.livingwithnets.com\/hu\/#website\",\"url\":\"https:\/\/www.livingwithnets.com\/hu\/\",\"name\":\"Living with NETS\",\"description\":\"Living with NETs - the home of neuroendocrine tumour information and support\",\"potentialAction\":[{\"@type\":\"SearchAction\",\"target\":{\"@type\":\"EntryPoint\",\"urlTemplate\":\"https:\/\/www.livingwithnets.com\/hu\/?s={search_term_string}\"},\"query-input\":{\"@type\":\"PropertyValueSpecification\",\"valueRequired\":true,\"valueName\":\"search_term_string\"}}],\"inLanguage\":\"hu\"}]}<\/script>\n<!-- \/ Yoast SEO plugin. -->","yoast_head_json":{"title":"Resources - Practical Tips - Living with NETS","description":"Gyakorlati tan\u00e1csok \u00e9s eszk\u00f6z\u00f6k - forr\u00e1sok \u00e9s tov\u00e1bbi olvasm\u00e1nyok","robots":{"index":"index","follow":"follow","max-snippet":"max-snippet:-1","max-image-preview":"max-image-preview:large","max-video-preview":"max-video-preview:-1"},"canonical":"https:\/\/www.livingwithnets.com\/hu\/egyutteles-a-net-tel\/gyakorlati-tippek-es-eszkozok\/eszkozok-gyakorlati-tippek\/","og_locale":"hu_HU","og_type":"article","og_title":"Resources - Practical Tips - Living with NETS","og_description":"Gyakorlati tan\u00e1csok \u00e9s eszk\u00f6z\u00f6k - forr\u00e1sok \u00e9s tov\u00e1bbi olvasm\u00e1nyok","og_url":"https:\/\/www.livingwithnets.com\/hu\/egyutteles-a-net-tel\/gyakorlati-tippek-es-eszkozok\/eszkozok-gyakorlati-tippek\/","og_site_name":"Living with NETS","article_modified_time":"2020-08-05T11:34:50+00:00","twitter_card":"summary_large_image","schema":{"@context":"https:\/\/schema.org","@graph":[{"@type":"WebPage","@id":"https:\/\/www.livingwithnets.com\/hu\/egyutteles-a-net-tel\/gyakorlati-tippek-es-eszkozok\/eszkozok-gyakorlati-tippek\/","url":"https:\/\/www.livingwithnets.com\/hu\/egyutteles-a-net-tel\/gyakorlati-tippek-es-eszkozok\/eszkozok-gyakorlati-tippek\/","name":"Resources - Practical Tips - Living with NETS","isPartOf":{"@id":"https:\/\/www.livingwithnets.com\/hu\/#website"},"datePublished":"2016-09-06T18:39:54+00:00","dateModified":"2020-08-05T11:34:50+00:00","description":"Gyakorlati tan\u00e1csok \u00e9s eszk\u00f6z\u00f6k - forr\u00e1sok \u00e9s tov\u00e1bbi olvasm\u00e1nyok","breadcrumb":{"@id":"https:\/\/www.livingwithnets.com\/hu\/egyutteles-a-net-tel\/gyakorlati-tippek-es-eszkozok\/eszkozok-gyakorlati-tippek\/#breadcrumb"},"inLanguage":"hu","potentialAction":[{"@type":"ReadAction","target":["https:\/\/www.livingwithnets.com\/hu\/egyutteles-a-net-tel\/gyakorlati-tippek-es-eszkozok\/eszkozok-gyakorlati-tippek\/"]}]},{"@type":"BreadcrumbList","@id":"https:\/\/www.livingwithnets.com\/hu\/egyutteles-a-net-tel\/gyakorlati-tippek-es-eszkozok\/eszkozok-gyakorlati-tippek\/#breadcrumb","itemListElement":[{"@type":"ListItem","position":1,"name":"Home","item":"https:\/\/www.livingwithnets.com\/hu\/"},{"@type":"ListItem","position":2,"name":"Living With NETs","item":"https:\/\/www.livingwithnets.com\/hu\/egyutteles-a-net-tel\/"},{"@type":"ListItem","position":3,"name":"Practical Tips and Tools","item":"https:\/\/www.livingwithnets.com\/hu\/egyutteles-a-net-tel\/gyakorlati-tippek-es-eszkozok\/"},{"@type":"ListItem","position":4,"name":"Resources &#8211; Practical Tips"}]},{"@type":"WebSite","@id":"https:\/\/www.livingwithnets.com\/hu\/#website","url":"https:\/\/www.livingwithnets.com\/hu\/","name":"Living with NETS","description":"Living with NETs - the home of neuroendocrine tumour information and support","potentialAction":[{"@type":"SearchAction","target":{"@type":"EntryPoint","urlTemplate":"https:\/\/www.livingwithnets.com\/hu\/?s={search_term_string}"},"query-input":{"@type":"PropertyValueSpecification","valueRequired":true,"valueName":"search_term_string"}}],"inLanguage":"hu"}]}},"acf":[],"_links":{"self":[{"href":"https:\/\/www.livingwithnets.com\/hu\/wp-json\/wp\/v2\/pages\/2367","targetHints":{"allow":["GET"]}}],"collection":[{"href":"https:\/\/www.livingwithnets.com\/hu\/wp-json\/wp\/v2\/pages"}],"about":[{"href":"https:\/\/www.livingwithnets.com\/hu\/wp-json\/wp\/v2\/types\/page"}],"author":[{"embeddable":true,"href":"https:\/\/www.livingwithnets.com\/hu\/wp-json\/wp\/v2\/users\/3"}],"replies":[{"embeddable":true,"href":"https:\/\/www.livingwithnets.com\/hu\/wp-json\/wp\/v2\/comments?post=2367"}],"version-history":[{"count":3,"href":"https:\/\/www.livingwithnets.com\/hu\/wp-json\/wp\/v2\/pages\/2367\/revisions"}],"predecessor-version":[{"id":4537,"href":"https:\/\/www.livingwithnets.com\/hu\/wp-json\/wp\/v2\/pages\/2367\/revisions\/4537"}],"up":[{"embeddable":true,"href":"https:\/\/www.livingwithnets.com\/hu\/wp-json\/wp\/v2\/pages\/87"}],"wp:attachment":[{"href":"https:\/\/www.livingwithnets.com\/hu\/wp-json\/wp\/v2\/media?parent=2367"}],"curies":[{"name":"wp","href":"https:\/\/api.w.org\/{rel}","templated":true}]}}