{"id":2361,"date":"2016-09-06T17:52:18","date_gmt":"2016-09-06T16:52:18","guid":{"rendered":"\/?page_id=2361"},"modified":"2021-08-31T12:00:19","modified_gmt":"2021-08-31T11:00:19","slug":"felkeszules-a-kepalkoto-vizsgalatra","status":"publish","type":"page","link":"https:\/\/www.livingwithnets.com\/hu\/egyutteles-a-net-tel\/gyakorlati-tippek-es-eszkozok\/felkeszules-a-kepalkoto-vizsgalatra\/","title":{"rendered":"Preparing For Imaging Scans"},"content":{"rendered":"","protected":false},"excerpt":{"rendered":"","protected":false},"author":3,"featured_media":0,"parent":87,"menu_order":1,"comment_status":"closed","ping_status":"closed","template":"template-general-content.php","meta":{"_acf_changed":false,"_monsterinsights_skip_tracking":false,"_monsterinsights_sitenote_active":false,"_monsterinsights_sitenote_note":"","_monsterinsights_sitenote_category":0,"footnotes":""},"class_list":["post-2361","page","type-page","status-publish","hentry"],"yoast_head":"<!-- This site is optimized with the Yoast SEO plugin v23.8 - https:\/\/yoast.com\/wordpress\/plugins\/seo\/ -->\n<title>Felk\u00e9sz\u00fcl\u00e9s a k\u00e9palkot\u00f3 vizsg\u00e1latokra: Gyakorlati tippek a neuroendokrin tumorokr\u00f3l (NET)<\/title>\n<meta name=\"description\" content=\"Gyakorlati tan\u00e1csok a neuroendokrin tumorok (NET) diagnosztiz\u00e1l\u00e1s\u00e1hoz haszn\u00e1lt k\u00e9palkot\u00f3 vizsg\u00e1latokhoz, mint p\u00e9ld\u00e1ul az MRI-vizsg\u00e1latok, a CT-vizsg\u00e1lat \u00e9s a PET-vizsg\u00e1latok.\" \/>\n<meta name=\"robots\" content=\"index, follow, max-snippet:-1, max-image-preview:large, max-video-preview:-1\" \/>\n<link rel=\"canonical\" href=\"https:\/\/www.livingwithnets.com\/hu\/egyutteles-a-net-tel\/gyakorlati-tippek-es-eszkozok\/felkeszules-a-kepalkoto-vizsgalatra\/\" \/>\n<meta property=\"og:locale\" content=\"hu_HU\" \/>\n<meta property=\"og:type\" content=\"article\" \/>\n<meta property=\"og:title\" content=\"Felk\u00e9sz\u00fcl\u00e9s a k\u00e9palkot\u00f3 vizsg\u00e1latokra: Gyakorlati tippek a neuroendokrin tumorokr\u00f3l (NET)\" \/>\n<meta property=\"og:description\" content=\"Gyakorlati tan\u00e1csok a neuroendokrin tumorok (NET) diagnosztiz\u00e1l\u00e1s\u00e1hoz haszn\u00e1lt k\u00e9palkot\u00f3 vizsg\u00e1latokhoz, mint p\u00e9ld\u00e1ul az MRI-vizsg\u00e1latok, a CT-vizsg\u00e1lat \u00e9s a PET-vizsg\u00e1latok.\" \/>\n<meta property=\"og:url\" content=\"https:\/\/www.livingwithnets.com\/hu\/egyutteles-a-net-tel\/gyakorlati-tippek-es-eszkozok\/felkeszules-a-kepalkoto-vizsgalatra\/\" \/>\n<meta property=\"og:site_name\" content=\"Living with NETS\" \/>\n<meta property=\"article:modified_time\" content=\"2021-08-31T11:00:19+00:00\" \/>\n<meta name=\"twitter:card\" content=\"summary_large_image\" \/>\n<script type=\"application\/ld+json\" class=\"yoast-schema-graph\">{\"@context\":\"https:\/\/schema.org\",\"@graph\":[{\"@type\":\"WebPage\",\"@id\":\"https:\/\/www.livingwithnets.com\/hu\/egyutteles-a-net-tel\/gyakorlati-tippek-es-eszkozok\/felkeszules-a-kepalkoto-vizsgalatra\/\",\"url\":\"https:\/\/www.livingwithnets.com\/hu\/egyutteles-a-net-tel\/gyakorlati-tippek-es-eszkozok\/felkeszules-a-kepalkoto-vizsgalatra\/\",\"name\":\"Felk\u00e9sz\u00fcl\u00e9s a k\u00e9palkot\u00f3 vizsg\u00e1latokra: Gyakorlati tippek a neuroendokrin tumorokr\u00f3l (NET)\",\"isPartOf\":{\"@id\":\"https:\/\/www.livingwithnets.com\/hu\/#website\"},\"datePublished\":\"2016-09-06T16:52:18+00:00\",\"dateModified\":\"2021-08-31T11:00:19+00:00\",\"description\":\"Gyakorlati tan\u00e1csok a neuroendokrin tumorok (NET) diagnosztiz\u00e1l\u00e1s\u00e1hoz haszn\u00e1lt k\u00e9palkot\u00f3 vizsg\u00e1latokhoz, mint p\u00e9ld\u00e1ul az MRI-vizsg\u00e1latok, a CT-vizsg\u00e1lat \u00e9s a PET-vizsg\u00e1latok.\",\"breadcrumb\":{\"@id\":\"https:\/\/www.livingwithnets.com\/hu\/egyutteles-a-net-tel\/gyakorlati-tippek-es-eszkozok\/felkeszules-a-kepalkoto-vizsgalatra\/#breadcrumb\"},\"inLanguage\":\"hu\",\"potentialAction\":[{\"@type\":\"ReadAction\",\"target\":[\"https:\/\/www.livingwithnets.com\/hu\/egyutteles-a-net-tel\/gyakorlati-tippek-es-eszkozok\/felkeszules-a-kepalkoto-vizsgalatra\/\"]}]},{\"@type\":\"BreadcrumbList\",\"@id\":\"https:\/\/www.livingwithnets.com\/hu\/egyutteles-a-net-tel\/gyakorlati-tippek-es-eszkozok\/felkeszules-a-kepalkoto-vizsgalatra\/#breadcrumb\",\"itemListElement\":[{\"@type\":\"ListItem\",\"position\":1,\"name\":\"Home\",\"item\":\"https:\/\/www.livingwithnets.com\/hu\/\"},{\"@type\":\"ListItem\",\"position\":2,\"name\":\"Living With NETs\",\"item\":\"https:\/\/www.livingwithnets.com\/hu\/egyutteles-a-net-tel\/\"},{\"@type\":\"ListItem\",\"position\":3,\"name\":\"Practical Tips and Tools\",\"item\":\"https:\/\/www.livingwithnets.com\/hu\/egyutteles-a-net-tel\/gyakorlati-tippek-es-eszkozok\/\"},{\"@type\":\"ListItem\",\"position\":4,\"name\":\"Preparing For Imaging Scans\"}]},{\"@type\":\"WebSite\",\"@id\":\"https:\/\/www.livingwithnets.com\/hu\/#website\",\"url\":\"https:\/\/www.livingwithnets.com\/hu\/\",\"name\":\"Living with NETS\",\"description\":\"Living with NETs - the home of neuroendocrine tumour information and support\",\"potentialAction\":[{\"@type\":\"SearchAction\",\"target\":{\"@type\":\"EntryPoint\",\"urlTemplate\":\"https:\/\/www.livingwithnets.com\/hu\/?s={search_term_string}\"},\"query-input\":{\"@type\":\"PropertyValueSpecification\",\"valueRequired\":true,\"valueName\":\"search_term_string\"}}],\"inLanguage\":\"hu\"}]}<\/script>\n<!-- \/ Yoast SEO plugin. -->","yoast_head_json":{"title":"Felk\u00e9sz\u00fcl\u00e9s a k\u00e9palkot\u00f3 vizsg\u00e1latokra: Gyakorlati tippek a neuroendokrin tumorokr\u00f3l (NET)","description":"Gyakorlati tan\u00e1csok a neuroendokrin tumorok (NET) diagnosztiz\u00e1l\u00e1s\u00e1hoz haszn\u00e1lt k\u00e9palkot\u00f3 vizsg\u00e1latokhoz, mint p\u00e9ld\u00e1ul az MRI-vizsg\u00e1latok, a CT-vizsg\u00e1lat \u00e9s a PET-vizsg\u00e1latok.","robots":{"index":"index","follow":"follow","max-snippet":"max-snippet:-1","max-image-preview":"max-image-preview:large","max-video-preview":"max-video-preview:-1"},"canonical":"https:\/\/www.livingwithnets.com\/hu\/egyutteles-a-net-tel\/gyakorlati-tippek-es-eszkozok\/felkeszules-a-kepalkoto-vizsgalatra\/","og_locale":"hu_HU","og_type":"article","og_title":"Felk\u00e9sz\u00fcl\u00e9s a k\u00e9palkot\u00f3 vizsg\u00e1latokra: Gyakorlati tippek a neuroendokrin tumorokr\u00f3l (NET)","og_description":"Gyakorlati tan\u00e1csok a neuroendokrin tumorok (NET) diagnosztiz\u00e1l\u00e1s\u00e1hoz haszn\u00e1lt k\u00e9palkot\u00f3 vizsg\u00e1latokhoz, mint p\u00e9ld\u00e1ul az MRI-vizsg\u00e1latok, a CT-vizsg\u00e1lat \u00e9s a PET-vizsg\u00e1latok.","og_url":"https:\/\/www.livingwithnets.com\/hu\/egyutteles-a-net-tel\/gyakorlati-tippek-es-eszkozok\/felkeszules-a-kepalkoto-vizsgalatra\/","og_site_name":"Living with NETS","article_modified_time":"2021-08-31T11:00:19+00:00","twitter_card":"summary_large_image","schema":{"@context":"https:\/\/schema.org","@graph":[{"@type":"WebPage","@id":"https:\/\/www.livingwithnets.com\/hu\/egyutteles-a-net-tel\/gyakorlati-tippek-es-eszkozok\/felkeszules-a-kepalkoto-vizsgalatra\/","url":"https:\/\/www.livingwithnets.com\/hu\/egyutteles-a-net-tel\/gyakorlati-tippek-es-eszkozok\/felkeszules-a-kepalkoto-vizsgalatra\/","name":"Felk\u00e9sz\u00fcl\u00e9s a k\u00e9palkot\u00f3 vizsg\u00e1latokra: Gyakorlati tippek a neuroendokrin tumorokr\u00f3l (NET)","isPartOf":{"@id":"https:\/\/www.livingwithnets.com\/hu\/#website"},"datePublished":"2016-09-06T16:52:18+00:00","dateModified":"2021-08-31T11:00:19+00:00","description":"Gyakorlati tan\u00e1csok a neuroendokrin tumorok (NET) diagnosztiz\u00e1l\u00e1s\u00e1hoz haszn\u00e1lt k\u00e9palkot\u00f3 vizsg\u00e1latokhoz, mint p\u00e9ld\u00e1ul az MRI-vizsg\u00e1latok, a CT-vizsg\u00e1lat \u00e9s a PET-vizsg\u00e1latok.","breadcrumb":{"@id":"https:\/\/www.livingwithnets.com\/hu\/egyutteles-a-net-tel\/gyakorlati-tippek-es-eszkozok\/felkeszules-a-kepalkoto-vizsgalatra\/#breadcrumb"},"inLanguage":"hu","potentialAction":[{"@type":"ReadAction","target":["https:\/\/www.livingwithnets.com\/hu\/egyutteles-a-net-tel\/gyakorlati-tippek-es-eszkozok\/felkeszules-a-kepalkoto-vizsgalatra\/"]}]},{"@type":"BreadcrumbList","@id":"https:\/\/www.livingwithnets.com\/hu\/egyutteles-a-net-tel\/gyakorlati-tippek-es-eszkozok\/felkeszules-a-kepalkoto-vizsgalatra\/#breadcrumb","itemListElement":[{"@type":"ListItem","position":1,"name":"Home","item":"https:\/\/www.livingwithnets.com\/hu\/"},{"@type":"ListItem","position":2,"name":"Living With NETs","item":"https:\/\/www.livingwithnets.com\/hu\/egyutteles-a-net-tel\/"},{"@type":"ListItem","position":3,"name":"Practical Tips and Tools","item":"https:\/\/www.livingwithnets.com\/hu\/egyutteles-a-net-tel\/gyakorlati-tippek-es-eszkozok\/"},{"@type":"ListItem","position":4,"name":"Preparing For Imaging Scans"}]},{"@type":"WebSite","@id":"https:\/\/www.livingwithnets.com\/hu\/#website","url":"https:\/\/www.livingwithnets.com\/hu\/","name":"Living with NETS","description":"Living with NETs - the home of neuroendocrine tumour information and support","potentialAction":[{"@type":"SearchAction","target":{"@type":"EntryPoint","urlTemplate":"https:\/\/www.livingwithnets.com\/hu\/?s={search_term_string}"},"query-input":{"@type":"PropertyValueSpecification","valueRequired":true,"valueName":"search_term_string"}}],"inLanguage":"hu"}]}},"acf":[],"_links":{"self":[{"href":"https:\/\/www.livingwithnets.com\/hu\/wp-json\/wp\/v2\/pages\/2361","targetHints":{"allow":["GET"]}}],"collection":[{"href":"https:\/\/www.livingwithnets.com\/hu\/wp-json\/wp\/v2\/pages"}],"about":[{"href":"https:\/\/www.livingwithnets.com\/hu\/wp-json\/wp\/v2\/types\/page"}],"author":[{"embeddable":true,"href":"https:\/\/www.livingwithnets.com\/hu\/wp-json\/wp\/v2\/users\/3"}],"replies":[{"embeddable":true,"href":"https:\/\/www.livingwithnets.com\/hu\/wp-json\/wp\/v2\/comments?post=2361"}],"version-history":[{"count":5,"href":"https:\/\/www.livingwithnets.com\/hu\/wp-json\/wp\/v2\/pages\/2361\/revisions"}],"predecessor-version":[{"id":4621,"href":"https:\/\/www.livingwithnets.com\/hu\/wp-json\/wp\/v2\/pages\/2361\/revisions\/4621"}],"up":[{"embeddable":true,"href":"https:\/\/www.livingwithnets.com\/hu\/wp-json\/wp\/v2\/pages\/87"}],"wp:attachment":[{"href":"https:\/\/www.livingwithnets.com\/hu\/wp-json\/wp\/v2\/media?parent=2361"}],"curies":[{"name":"wp","href":"https:\/\/api.w.org\/{rel}","templated":true}]}}