{"id":2337,"date":"2016-09-06T16:38:37","date_gmt":"2016-09-06T15:38:37","guid":{"rendered":"\/?page_id=2337"},"modified":"2021-07-20T16:47:22","modified_gmt":"2021-07-20T15:47:22","slug":"tunetek-es-mellekhatasok-kezelese","status":"publish","type":"page","link":"https:\/\/www.livingwithnets.com\/hu\/egyutteles-a-net-tel\/gyakorlati-tippek-es-eszkozok\/tunetek-es-mellekhatasok-kezelese\/","title":{"rendered":"Managing Symptoms And Side Effects"},"content":{"rendered":"","protected":false},"excerpt":{"rendered":"","protected":false},"author":3,"featured_media":0,"parent":87,"menu_order":4,"comment_status":"closed","ping_status":"closed","template":"template-general-content.php","meta":{"_acf_changed":false,"_monsterinsights_skip_tracking":false,"_monsterinsights_sitenote_active":false,"_monsterinsights_sitenote_note":"","_monsterinsights_sitenote_category":0,"footnotes":""},"class_list":["post-2337","page","type-page","status-publish","hentry"],"yoast_head":"<!-- This site is optimized with the Yoast SEO plugin v25.9 - https:\/\/yoast.com\/wordpress\/plugins\/seo\/ -->\n<title>NET t\u00fcnetek \u00e9s mell\u00e9khat\u00e1sok kezel\u00e9se: Gyakorlati tan\u00e1csok<\/title>\n<meta name=\"description\" content=\"Tan\u00e1csok a karcinoid szindr\u00f3ma \u00e9s egy\u00e9b NET t\u00fcnetek, valamint a neuroendokrin daganat kezel\u00e9s\u00e9nek mell\u00e9khat\u00e1sai enyh\u00edt\u00e9s\u00e9re.\" \/>\n<meta name=\"robots\" content=\"index, follow, max-snippet:-1, max-image-preview:large, max-video-preview:-1\" \/>\n<link rel=\"canonical\" href=\"https:\/\/www.livingwithnets.com\/hu\/egyutteles-a-net-tel\/gyakorlati-tippek-es-eszkozok\/tunetek-es-mellekhatasok-kezelese\/\" \/>\n<meta property=\"og:locale\" content=\"hu_HU\" \/>\n<meta property=\"og:type\" content=\"article\" \/>\n<meta property=\"og:title\" content=\"NET t\u00fcnetek \u00e9s mell\u00e9khat\u00e1sok kezel\u00e9se: Gyakorlati tan\u00e1csok\" \/>\n<meta property=\"og:description\" content=\"Tan\u00e1csok a karcinoid szindr\u00f3ma \u00e9s egy\u00e9b NET t\u00fcnetek, valamint a neuroendokrin daganat kezel\u00e9s\u00e9nek mell\u00e9khat\u00e1sai enyh\u00edt\u00e9s\u00e9re.\" \/>\n<meta property=\"og:url\" content=\"https:\/\/www.livingwithnets.com\/hu\/egyutteles-a-net-tel\/gyakorlati-tippek-es-eszkozok\/tunetek-es-mellekhatasok-kezelese\/\" \/>\n<meta property=\"og:site_name\" content=\"Living with NETS\" \/>\n<meta property=\"article:modified_time\" content=\"2021-07-20T15:47:22+00:00\" \/>\n<meta name=\"twitter:card\" content=\"summary_large_image\" \/>\n<script type=\"application\/ld+json\" class=\"yoast-schema-graph\">{\"@context\":\"https:\/\/schema.org\",\"@graph\":[{\"@type\":\"WebPage\",\"@id\":\"https:\/\/www.livingwithnets.com\/hu\/egyutteles-a-net-tel\/gyakorlati-tippek-es-eszkozok\/tunetek-es-mellekhatasok-kezelese\/\",\"url\":\"https:\/\/www.livingwithnets.com\/hu\/egyutteles-a-net-tel\/gyakorlati-tippek-es-eszkozok\/tunetek-es-mellekhatasok-kezelese\/\",\"name\":\"NET t\u00fcnetek \u00e9s mell\u00e9khat\u00e1sok kezel\u00e9se: Gyakorlati tan\u00e1csok\",\"isPartOf\":{\"@id\":\"https:\/\/www.livingwithnets.com\/hu\/#website\"},\"datePublished\":\"2016-09-06T15:38:37+00:00\",\"dateModified\":\"2021-07-20T15:47:22+00:00\",\"description\":\"Tan\u00e1csok a karcinoid szindr\u00f3ma \u00e9s egy\u00e9b NET t\u00fcnetek, valamint a neuroendokrin daganat kezel\u00e9s\u00e9nek mell\u00e9khat\u00e1sai enyh\u00edt\u00e9s\u00e9re.\",\"breadcrumb\":{\"@id\":\"https:\/\/www.livingwithnets.com\/hu\/egyutteles-a-net-tel\/gyakorlati-tippek-es-eszkozok\/tunetek-es-mellekhatasok-kezelese\/#breadcrumb\"},\"inLanguage\":\"hu\",\"potentialAction\":[{\"@type\":\"ReadAction\",\"target\":[\"https:\/\/www.livingwithnets.com\/hu\/egyutteles-a-net-tel\/gyakorlati-tippek-es-eszkozok\/tunetek-es-mellekhatasok-kezelese\/\"]}]},{\"@type\":\"BreadcrumbList\",\"@id\":\"https:\/\/www.livingwithnets.com\/hu\/egyutteles-a-net-tel\/gyakorlati-tippek-es-eszkozok\/tunetek-es-mellekhatasok-kezelese\/#breadcrumb\",\"itemListElement\":[{\"@type\":\"ListItem\",\"position\":1,\"name\":\"Home\",\"item\":\"https:\/\/www.livingwithnets.com\/hu\/\"},{\"@type\":\"ListItem\",\"position\":2,\"name\":\"Living With NETs\",\"item\":\"https:\/\/www.livingwithnets.com\/hu\/egyutteles-a-net-tel\/\"},{\"@type\":\"ListItem\",\"position\":3,\"name\":\"Practical Tips and Tools\",\"item\":\"https:\/\/www.livingwithnets.com\/hu\/egyutteles-a-net-tel\/gyakorlati-tippek-es-eszkozok\/\"},{\"@type\":\"ListItem\",\"position\":4,\"name\":\"Managing Symptoms And Side Effects\"}]},{\"@type\":\"WebSite\",\"@id\":\"https:\/\/www.livingwithnets.com\/hu\/#website\",\"url\":\"https:\/\/www.livingwithnets.com\/hu\/\",\"name\":\"Living with NETS\",\"description\":\"Living with NETs - the home of neuroendocrine tumour information and support\",\"potentialAction\":[{\"@type\":\"SearchAction\",\"target\":{\"@type\":\"EntryPoint\",\"urlTemplate\":\"https:\/\/www.livingwithnets.com\/hu\/?s={search_term_string}\"},\"query-input\":{\"@type\":\"PropertyValueSpecification\",\"valueRequired\":true,\"valueName\":\"search_term_string\"}}],\"inLanguage\":\"hu\"}]}<\/script>\n<!-- \/ Yoast SEO plugin. -->","yoast_head_json":{"title":"NET t\u00fcnetek \u00e9s mell\u00e9khat\u00e1sok kezel\u00e9se: Gyakorlati tan\u00e1csok","description":"Tan\u00e1csok a karcinoid szindr\u00f3ma \u00e9s egy\u00e9b NET t\u00fcnetek, valamint a neuroendokrin daganat kezel\u00e9s\u00e9nek mell\u00e9khat\u00e1sai enyh\u00edt\u00e9s\u00e9re.","robots":{"index":"index","follow":"follow","max-snippet":"max-snippet:-1","max-image-preview":"max-image-preview:large","max-video-preview":"max-video-preview:-1"},"canonical":"https:\/\/www.livingwithnets.com\/hu\/egyutteles-a-net-tel\/gyakorlati-tippek-es-eszkozok\/tunetek-es-mellekhatasok-kezelese\/","og_locale":"hu_HU","og_type":"article","og_title":"NET t\u00fcnetek \u00e9s mell\u00e9khat\u00e1sok kezel\u00e9se: Gyakorlati tan\u00e1csok","og_description":"Tan\u00e1csok a karcinoid szindr\u00f3ma \u00e9s egy\u00e9b NET t\u00fcnetek, valamint a neuroendokrin daganat kezel\u00e9s\u00e9nek mell\u00e9khat\u00e1sai enyh\u00edt\u00e9s\u00e9re.","og_url":"https:\/\/www.livingwithnets.com\/hu\/egyutteles-a-net-tel\/gyakorlati-tippek-es-eszkozok\/tunetek-es-mellekhatasok-kezelese\/","og_site_name":"Living with NETS","article_modified_time":"2021-07-20T15:47:22+00:00","twitter_card":"summary_large_image","schema":{"@context":"https:\/\/schema.org","@graph":[{"@type":"WebPage","@id":"https:\/\/www.livingwithnets.com\/hu\/egyutteles-a-net-tel\/gyakorlati-tippek-es-eszkozok\/tunetek-es-mellekhatasok-kezelese\/","url":"https:\/\/www.livingwithnets.com\/hu\/egyutteles-a-net-tel\/gyakorlati-tippek-es-eszkozok\/tunetek-es-mellekhatasok-kezelese\/","name":"NET t\u00fcnetek \u00e9s mell\u00e9khat\u00e1sok kezel\u00e9se: Gyakorlati tan\u00e1csok","isPartOf":{"@id":"https:\/\/www.livingwithnets.com\/hu\/#website"},"datePublished":"2016-09-06T15:38:37+00:00","dateModified":"2021-07-20T15:47:22+00:00","description":"Tan\u00e1csok a karcinoid szindr\u00f3ma \u00e9s egy\u00e9b NET t\u00fcnetek, valamint a neuroendokrin daganat kezel\u00e9s\u00e9nek mell\u00e9khat\u00e1sai enyh\u00edt\u00e9s\u00e9re.","breadcrumb":{"@id":"https:\/\/www.livingwithnets.com\/hu\/egyutteles-a-net-tel\/gyakorlati-tippek-es-eszkozok\/tunetek-es-mellekhatasok-kezelese\/#breadcrumb"},"inLanguage":"hu","potentialAction":[{"@type":"ReadAction","target":["https:\/\/www.livingwithnets.com\/hu\/egyutteles-a-net-tel\/gyakorlati-tippek-es-eszkozok\/tunetek-es-mellekhatasok-kezelese\/"]}]},{"@type":"BreadcrumbList","@id":"https:\/\/www.livingwithnets.com\/hu\/egyutteles-a-net-tel\/gyakorlati-tippek-es-eszkozok\/tunetek-es-mellekhatasok-kezelese\/#breadcrumb","itemListElement":[{"@type":"ListItem","position":1,"name":"Home","item":"https:\/\/www.livingwithnets.com\/hu\/"},{"@type":"ListItem","position":2,"name":"Living With NETs","item":"https:\/\/www.livingwithnets.com\/hu\/egyutteles-a-net-tel\/"},{"@type":"ListItem","position":3,"name":"Practical Tips and Tools","item":"https:\/\/www.livingwithnets.com\/hu\/egyutteles-a-net-tel\/gyakorlati-tippek-es-eszkozok\/"},{"@type":"ListItem","position":4,"name":"Managing Symptoms And Side Effects"}]},{"@type":"WebSite","@id":"https:\/\/www.livingwithnets.com\/hu\/#website","url":"https:\/\/www.livingwithnets.com\/hu\/","name":"Living with NETS","description":"Living with NETs - the home of neuroendocrine tumour information and support","potentialAction":[{"@type":"SearchAction","target":{"@type":"EntryPoint","urlTemplate":"https:\/\/www.livingwithnets.com\/hu\/?s={search_term_string}"},"query-input":{"@type":"PropertyValueSpecification","valueRequired":true,"valueName":"search_term_string"}}],"inLanguage":"hu"}]}},"acf":[],"_links":{"self":[{"href":"https:\/\/www.livingwithnets.com\/hu\/wp-json\/wp\/v2\/pages\/2337","targetHints":{"allow":["GET"]}}],"collection":[{"href":"https:\/\/www.livingwithnets.com\/hu\/wp-json\/wp\/v2\/pages"}],"about":[{"href":"https:\/\/www.livingwithnets.com\/hu\/wp-json\/wp\/v2\/types\/page"}],"author":[{"embeddable":true,"href":"https:\/\/www.livingwithnets.com\/hu\/wp-json\/wp\/v2\/users\/3"}],"replies":[{"embeddable":true,"href":"https:\/\/www.livingwithnets.com\/hu\/wp-json\/wp\/v2\/comments?post=2337"}],"version-history":[{"count":5,"href":"https:\/\/www.livingwithnets.com\/hu\/wp-json\/wp\/v2\/pages\/2337\/revisions"}],"predecessor-version":[{"id":4594,"href":"https:\/\/www.livingwithnets.com\/hu\/wp-json\/wp\/v2\/pages\/2337\/revisions\/4594"}],"up":[{"embeddable":true,"href":"https:\/\/www.livingwithnets.com\/hu\/wp-json\/wp\/v2\/pages\/87"}],"wp:attachment":[{"href":"https:\/\/www.livingwithnets.com\/hu\/wp-json\/wp\/v2\/media?parent=2337"}],"curies":[{"name":"wp","href":"https:\/\/api.w.org\/{rel}","templated":true}]}}