{"id":2156,"date":"2016-09-04T12:16:20","date_gmt":"2016-09-04T11:16:20","guid":{"rendered":"\/?page_id=2156"},"modified":"2021-07-20T16:40:30","modified_gmt":"2021-07-20T15:40:30","slug":"utazas-net-tel","status":"publish","type":"page","link":"https:\/\/www.livingwithnets.com\/hu\/egyutteles-a-net-tel\/utazas-net-tel\/","title":{"rendered":"Travelling With NETs"},"content":{"rendered":"","protected":false},"excerpt":{"rendered":"","protected":false},"author":3,"featured_media":0,"parent":10,"menu_order":4,"comment_status":"closed","ping_status":"closed","template":"template-general-content.php","meta":{"_acf_changed":false,"_monsterinsights_skip_tracking":false,"_monsterinsights_sitenote_active":false,"_monsterinsights_sitenote_note":"","_monsterinsights_sitenote_category":0,"footnotes":""},"class_list":["post-2156","page","type-page","status-publish","hentry"],"yoast_head":"<!-- This site is optimized with the Yoast SEO plugin v25.9 - https:\/\/yoast.com\/wordpress\/plugins\/seo\/ -->\n<title>Utaz\u00e1s NET-tel: A neuroendokrin tumorral val\u00f3 egy\u00fctt\u00e9l\u00e9s (NET)<\/title>\n<meta name=\"description\" content=\"Inform\u00e1ci\u00f3k az orvosi megbesz\u00e9l\u00e9sekre val\u00f3 utaz\u00e1sr\u00f3l, nyaral\u00e1sr\u00f3l, a NET kezel\u00e9se alatt t\u00f6rt\u00e9n\u0151 utaz\u00e1sr\u00f3l \u00e9s utaz\u00e1si biztos\u00edt\u00e1s megszerz\u00e9s\u00e9r\u0151l, ha NET-tel b\u00edr\" \/>\n<meta name=\"robots\" content=\"index, follow, max-snippet:-1, max-image-preview:large, max-video-preview:-1\" \/>\n<link rel=\"canonical\" href=\"https:\/\/www.livingwithnets.com\/hu\/egyutteles-a-net-tel\/utazas-net-tel\/\" \/>\n<meta property=\"og:locale\" content=\"hu_HU\" \/>\n<meta property=\"og:type\" content=\"article\" \/>\n<meta property=\"og:title\" content=\"Utaz\u00e1s NET-tel: A neuroendokrin tumorral val\u00f3 egy\u00fctt\u00e9l\u00e9s (NET)\" \/>\n<meta property=\"og:description\" content=\"Inform\u00e1ci\u00f3k az orvosi megbesz\u00e9l\u00e9sekre val\u00f3 utaz\u00e1sr\u00f3l, nyaral\u00e1sr\u00f3l, a NET kezel\u00e9se alatt t\u00f6rt\u00e9n\u0151 utaz\u00e1sr\u00f3l \u00e9s utaz\u00e1si biztos\u00edt\u00e1s megszerz\u00e9s\u00e9r\u0151l, ha NET-tel b\u00edr\" \/>\n<meta property=\"og:url\" content=\"https:\/\/www.livingwithnets.com\/hu\/egyutteles-a-net-tel\/utazas-net-tel\/\" \/>\n<meta property=\"og:site_name\" content=\"Living with NETS\" \/>\n<meta property=\"article:modified_time\" content=\"2021-07-20T15:40:30+00:00\" \/>\n<meta name=\"twitter:card\" content=\"summary_large_image\" \/>\n<script type=\"application\/ld+json\" class=\"yoast-schema-graph\">{\"@context\":\"https:\/\/schema.org\",\"@graph\":[{\"@type\":\"WebPage\",\"@id\":\"https:\/\/www.livingwithnets.com\/hu\/egyutteles-a-net-tel\/utazas-net-tel\/\",\"url\":\"https:\/\/www.livingwithnets.com\/hu\/egyutteles-a-net-tel\/utazas-net-tel\/\",\"name\":\"Utaz\u00e1s NET-tel: A neuroendokrin tumorral val\u00f3 egy\u00fctt\u00e9l\u00e9s (NET)\",\"isPartOf\":{\"@id\":\"https:\/\/www.livingwithnets.com\/hu\/#website\"},\"datePublished\":\"2016-09-04T11:16:20+00:00\",\"dateModified\":\"2021-07-20T15:40:30+00:00\",\"description\":\"Inform\u00e1ci\u00f3k az orvosi megbesz\u00e9l\u00e9sekre val\u00f3 utaz\u00e1sr\u00f3l, nyaral\u00e1sr\u00f3l, a NET kezel\u00e9se alatt t\u00f6rt\u00e9n\u0151 utaz\u00e1sr\u00f3l \u00e9s utaz\u00e1si biztos\u00edt\u00e1s megszerz\u00e9s\u00e9r\u0151l, ha NET-tel b\u00edr\",\"breadcrumb\":{\"@id\":\"https:\/\/www.livingwithnets.com\/hu\/egyutteles-a-net-tel\/utazas-net-tel\/#breadcrumb\"},\"inLanguage\":\"hu\",\"potentialAction\":[{\"@type\":\"ReadAction\",\"target\":[\"https:\/\/www.livingwithnets.com\/hu\/egyutteles-a-net-tel\/utazas-net-tel\/\"]}]},{\"@type\":\"BreadcrumbList\",\"@id\":\"https:\/\/www.livingwithnets.com\/hu\/egyutteles-a-net-tel\/utazas-net-tel\/#breadcrumb\",\"itemListElement\":[{\"@type\":\"ListItem\",\"position\":1,\"name\":\"Home\",\"item\":\"https:\/\/www.livingwithnets.com\/hu\/\"},{\"@type\":\"ListItem\",\"position\":2,\"name\":\"Living With NETs\",\"item\":\"https:\/\/www.livingwithnets.com\/hu\/egyutteles-a-net-tel\/\"},{\"@type\":\"ListItem\",\"position\":3,\"name\":\"Travelling With NETs\"}]},{\"@type\":\"WebSite\",\"@id\":\"https:\/\/www.livingwithnets.com\/hu\/#website\",\"url\":\"https:\/\/www.livingwithnets.com\/hu\/\",\"name\":\"Living with NETS\",\"description\":\"Living with NETs - the home of neuroendocrine tumour information and support\",\"potentialAction\":[{\"@type\":\"SearchAction\",\"target\":{\"@type\":\"EntryPoint\",\"urlTemplate\":\"https:\/\/www.livingwithnets.com\/hu\/?s={search_term_string}\"},\"query-input\":{\"@type\":\"PropertyValueSpecification\",\"valueRequired\":true,\"valueName\":\"search_term_string\"}}],\"inLanguage\":\"hu\"}]}<\/script>\n<!-- \/ Yoast SEO plugin. -->","yoast_head_json":{"title":"Utaz\u00e1s NET-tel: A neuroendokrin tumorral val\u00f3 egy\u00fctt\u00e9l\u00e9s (NET)","description":"Inform\u00e1ci\u00f3k az orvosi megbesz\u00e9l\u00e9sekre val\u00f3 utaz\u00e1sr\u00f3l, nyaral\u00e1sr\u00f3l, a NET kezel\u00e9se alatt t\u00f6rt\u00e9n\u0151 utaz\u00e1sr\u00f3l \u00e9s utaz\u00e1si biztos\u00edt\u00e1s megszerz\u00e9s\u00e9r\u0151l, ha NET-tel b\u00edr","robots":{"index":"index","follow":"follow","max-snippet":"max-snippet:-1","max-image-preview":"max-image-preview:large","max-video-preview":"max-video-preview:-1"},"canonical":"https:\/\/www.livingwithnets.com\/hu\/egyutteles-a-net-tel\/utazas-net-tel\/","og_locale":"hu_HU","og_type":"article","og_title":"Utaz\u00e1s NET-tel: A neuroendokrin tumorral val\u00f3 egy\u00fctt\u00e9l\u00e9s (NET)","og_description":"Inform\u00e1ci\u00f3k az orvosi megbesz\u00e9l\u00e9sekre val\u00f3 utaz\u00e1sr\u00f3l, nyaral\u00e1sr\u00f3l, a NET kezel\u00e9se alatt t\u00f6rt\u00e9n\u0151 utaz\u00e1sr\u00f3l \u00e9s utaz\u00e1si biztos\u00edt\u00e1s megszerz\u00e9s\u00e9r\u0151l, ha NET-tel b\u00edr","og_url":"https:\/\/www.livingwithnets.com\/hu\/egyutteles-a-net-tel\/utazas-net-tel\/","og_site_name":"Living with NETS","article_modified_time":"2021-07-20T15:40:30+00:00","twitter_card":"summary_large_image","schema":{"@context":"https:\/\/schema.org","@graph":[{"@type":"WebPage","@id":"https:\/\/www.livingwithnets.com\/hu\/egyutteles-a-net-tel\/utazas-net-tel\/","url":"https:\/\/www.livingwithnets.com\/hu\/egyutteles-a-net-tel\/utazas-net-tel\/","name":"Utaz\u00e1s NET-tel: A neuroendokrin tumorral val\u00f3 egy\u00fctt\u00e9l\u00e9s (NET)","isPartOf":{"@id":"https:\/\/www.livingwithnets.com\/hu\/#website"},"datePublished":"2016-09-04T11:16:20+00:00","dateModified":"2021-07-20T15:40:30+00:00","description":"Inform\u00e1ci\u00f3k az orvosi megbesz\u00e9l\u00e9sekre val\u00f3 utaz\u00e1sr\u00f3l, nyaral\u00e1sr\u00f3l, a NET kezel\u00e9se alatt t\u00f6rt\u00e9n\u0151 utaz\u00e1sr\u00f3l \u00e9s utaz\u00e1si biztos\u00edt\u00e1s megszerz\u00e9s\u00e9r\u0151l, ha NET-tel b\u00edr","breadcrumb":{"@id":"https:\/\/www.livingwithnets.com\/hu\/egyutteles-a-net-tel\/utazas-net-tel\/#breadcrumb"},"inLanguage":"hu","potentialAction":[{"@type":"ReadAction","target":["https:\/\/www.livingwithnets.com\/hu\/egyutteles-a-net-tel\/utazas-net-tel\/"]}]},{"@type":"BreadcrumbList","@id":"https:\/\/www.livingwithnets.com\/hu\/egyutteles-a-net-tel\/utazas-net-tel\/#breadcrumb","itemListElement":[{"@type":"ListItem","position":1,"name":"Home","item":"https:\/\/www.livingwithnets.com\/hu\/"},{"@type":"ListItem","position":2,"name":"Living With NETs","item":"https:\/\/www.livingwithnets.com\/hu\/egyutteles-a-net-tel\/"},{"@type":"ListItem","position":3,"name":"Travelling With NETs"}]},{"@type":"WebSite","@id":"https:\/\/www.livingwithnets.com\/hu\/#website","url":"https:\/\/www.livingwithnets.com\/hu\/","name":"Living with NETS","description":"Living with NETs - the home of neuroendocrine tumour information and support","potentialAction":[{"@type":"SearchAction","target":{"@type":"EntryPoint","urlTemplate":"https:\/\/www.livingwithnets.com\/hu\/?s={search_term_string}"},"query-input":{"@type":"PropertyValueSpecification","valueRequired":true,"valueName":"search_term_string"}}],"inLanguage":"hu"}]}},"acf":[],"_links":{"self":[{"href":"https:\/\/www.livingwithnets.com\/hu\/wp-json\/wp\/v2\/pages\/2156","targetHints":{"allow":["GET"]}}],"collection":[{"href":"https:\/\/www.livingwithnets.com\/hu\/wp-json\/wp\/v2\/pages"}],"about":[{"href":"https:\/\/www.livingwithnets.com\/hu\/wp-json\/wp\/v2\/types\/page"}],"author":[{"embeddable":true,"href":"https:\/\/www.livingwithnets.com\/hu\/wp-json\/wp\/v2\/users\/3"}],"replies":[{"embeddable":true,"href":"https:\/\/www.livingwithnets.com\/hu\/wp-json\/wp\/v2\/comments?post=2156"}],"version-history":[{"count":5,"href":"https:\/\/www.livingwithnets.com\/hu\/wp-json\/wp\/v2\/pages\/2156\/revisions"}],"predecessor-version":[{"id":4587,"href":"https:\/\/www.livingwithnets.com\/hu\/wp-json\/wp\/v2\/pages\/2156\/revisions\/4587"}],"up":[{"embeddable":true,"href":"https:\/\/www.livingwithnets.com\/hu\/wp-json\/wp\/v2\/pages\/10"}],"wp:attachment":[{"href":"https:\/\/www.livingwithnets.com\/hu\/wp-json\/wp\/v2\/media?parent=2156"}],"curies":[{"name":"wp","href":"https:\/\/api.w.org\/{rel}","templated":true}]}}