{"id":21,"date":"2016-07-14T16:14:25","date_gmt":"2016-07-14T15:14:25","guid":{"rendered":"\/?page_id=21"},"modified":"2020-07-22T11:37:08","modified_gmt":"2020-07-22T10:37:08","slug":"a-net-ek-kezelese","status":"publish","type":"page","link":"https:\/\/www.livingwithnets.com\/hu\/a-net-rol\/a-net-ek-kezelese\/","title":{"rendered":"Treating NETs"},"content":{"rendered":"","protected":false},"excerpt":{"rendered":"","protected":false},"author":1,"featured_media":0,"parent":8,"menu_order":4,"comment_status":"closed","ping_status":"closed","template":"template-about-nets-bridging-page.php","meta":{"_acf_changed":false,"_monsterinsights_skip_tracking":false,"_monsterinsights_sitenote_active":false,"_monsterinsights_sitenote_note":"","_monsterinsights_sitenote_category":0,"footnotes":""},"class_list":["post-21","page","type-page","status-publish","hentry"],"yoast_head":"<!-- This site is optimized with the Yoast SEO plugin v23.8 - https:\/\/yoast.com\/wordpress\/plugins\/seo\/ -->\n<title>A NET-ek kezel\u00e9se: Neuroendokrin tumorokkal kapcsolatos inform\u00e1ci\u00f3kNeuroendokrin tumorokkal kapcsolatos inform\u00e1ci\u00f3kNeuroendokrin tumorokkal kapcsolatos infrom\u00e1ci\u00f3k (NET)<\/title>\n<meta name=\"description\" content=\"Olvassa el a neuroendokrin tumorok (NET) \u00e9s a karcinoid szindr\u00f3ma t\u00fcneteit, a NET-kezel\u00e9sek mell\u00e9khat\u00e1sait \u00e9s a neuroendokrin daganatok klinikai vizsg\u00e1latait.\" \/>\n<meta name=\"robots\" content=\"index, follow, max-snippet:-1, max-image-preview:large, max-video-preview:-1\" \/>\n<link rel=\"canonical\" href=\"https:\/\/www.livingwithnets.com\/hu\/a-net-rol\/a-net-ek-kezelese\/\" \/>\n<meta property=\"og:locale\" content=\"hu_HU\" \/>\n<meta property=\"og:type\" content=\"article\" \/>\n<meta property=\"og:title\" content=\"A NET-ek kezel\u00e9se: Neuroendokrin tumorokkal kapcsolatos inform\u00e1ci\u00f3kNeuroendokrin tumorokkal kapcsolatos inform\u00e1ci\u00f3kNeuroendokrin tumorokkal kapcsolatos infrom\u00e1ci\u00f3k (NET)\" \/>\n<meta property=\"og:description\" content=\"Olvassa el a neuroendokrin tumorok (NET) \u00e9s a karcinoid szindr\u00f3ma t\u00fcneteit, a NET-kezel\u00e9sek mell\u00e9khat\u00e1sait \u00e9s a neuroendokrin daganatok klinikai vizsg\u00e1latait.\" \/>\n<meta property=\"og:url\" content=\"https:\/\/www.livingwithnets.com\/hu\/a-net-rol\/a-net-ek-kezelese\/\" \/>\n<meta property=\"og:site_name\" content=\"Living with NETS\" \/>\n<meta property=\"article:modified_time\" content=\"2020-07-22T10:37:08+00:00\" \/>\n<meta name=\"twitter:card\" content=\"summary_large_image\" \/>\n<script type=\"application\/ld+json\" class=\"yoast-schema-graph\">{\"@context\":\"https:\/\/schema.org\",\"@graph\":[{\"@type\":\"WebPage\",\"@id\":\"https:\/\/www.livingwithnets.com\/hu\/a-net-rol\/a-net-ek-kezelese\/\",\"url\":\"https:\/\/www.livingwithnets.com\/hu\/a-net-rol\/a-net-ek-kezelese\/\",\"name\":\"A NET-ek kezel\u00e9se: Neuroendokrin tumorokkal kapcsolatos inform\u00e1ci\u00f3kNeuroendokrin tumorokkal kapcsolatos inform\u00e1ci\u00f3kNeuroendokrin tumorokkal kapcsolatos infrom\u00e1ci\u00f3k (NET)\",\"isPartOf\":{\"@id\":\"https:\/\/www.livingwithnets.com\/hu\/#website\"},\"datePublished\":\"2016-07-14T15:14:25+00:00\",\"dateModified\":\"2020-07-22T10:37:08+00:00\",\"description\":\"Olvassa el a neuroendokrin tumorok (NET) \u00e9s a karcinoid szindr\u00f3ma t\u00fcneteit, a NET-kezel\u00e9sek mell\u00e9khat\u00e1sait \u00e9s a neuroendokrin daganatok klinikai vizsg\u00e1latait.\",\"breadcrumb\":{\"@id\":\"https:\/\/www.livingwithnets.com\/hu\/a-net-rol\/a-net-ek-kezelese\/#breadcrumb\"},\"inLanguage\":\"hu\",\"potentialAction\":[{\"@type\":\"ReadAction\",\"target\":[\"https:\/\/www.livingwithnets.com\/hu\/a-net-rol\/a-net-ek-kezelese\/\"]}]},{\"@type\":\"BreadcrumbList\",\"@id\":\"https:\/\/www.livingwithnets.com\/hu\/a-net-rol\/a-net-ek-kezelese\/#breadcrumb\",\"itemListElement\":[{\"@type\":\"ListItem\",\"position\":1,\"name\":\"Home\",\"item\":\"https:\/\/www.livingwithnets.com\/hu\/\"},{\"@type\":\"ListItem\",\"position\":2,\"name\":\"About NETs\",\"item\":\"https:\/\/www.livingwithnets.com\/hu\/a-net-rol\/\"},{\"@type\":\"ListItem\",\"position\":3,\"name\":\"Treating NETs\"}]},{\"@type\":\"WebSite\",\"@id\":\"https:\/\/www.livingwithnets.com\/hu\/#website\",\"url\":\"https:\/\/www.livingwithnets.com\/hu\/\",\"name\":\"Living with NETS\",\"description\":\"Living with NETs - the home of neuroendocrine tumour information and support\",\"potentialAction\":[{\"@type\":\"SearchAction\",\"target\":{\"@type\":\"EntryPoint\",\"urlTemplate\":\"https:\/\/www.livingwithnets.com\/hu\/?s={search_term_string}\"},\"query-input\":{\"@type\":\"PropertyValueSpecification\",\"valueRequired\":true,\"valueName\":\"search_term_string\"}}],\"inLanguage\":\"hu\"}]}<\/script>\n<!-- \/ Yoast SEO plugin. -->","yoast_head_json":{"title":"A NET-ek kezel\u00e9se: Neuroendokrin tumorokkal kapcsolatos inform\u00e1ci\u00f3kNeuroendokrin tumorokkal kapcsolatos inform\u00e1ci\u00f3kNeuroendokrin tumorokkal kapcsolatos infrom\u00e1ci\u00f3k (NET)","description":"Olvassa el a neuroendokrin tumorok (NET) \u00e9s a karcinoid szindr\u00f3ma t\u00fcneteit, a NET-kezel\u00e9sek mell\u00e9khat\u00e1sait \u00e9s a neuroendokrin daganatok klinikai vizsg\u00e1latait.","robots":{"index":"index","follow":"follow","max-snippet":"max-snippet:-1","max-image-preview":"max-image-preview:large","max-video-preview":"max-video-preview:-1"},"canonical":"https:\/\/www.livingwithnets.com\/hu\/a-net-rol\/a-net-ek-kezelese\/","og_locale":"hu_HU","og_type":"article","og_title":"A NET-ek kezel\u00e9se: Neuroendokrin tumorokkal kapcsolatos inform\u00e1ci\u00f3kNeuroendokrin tumorokkal kapcsolatos inform\u00e1ci\u00f3kNeuroendokrin tumorokkal kapcsolatos infrom\u00e1ci\u00f3k (NET)","og_description":"Olvassa el a neuroendokrin tumorok (NET) \u00e9s a karcinoid szindr\u00f3ma t\u00fcneteit, a NET-kezel\u00e9sek mell\u00e9khat\u00e1sait \u00e9s a neuroendokrin daganatok klinikai vizsg\u00e1latait.","og_url":"https:\/\/www.livingwithnets.com\/hu\/a-net-rol\/a-net-ek-kezelese\/","og_site_name":"Living with NETS","article_modified_time":"2020-07-22T10:37:08+00:00","twitter_card":"summary_large_image","schema":{"@context":"https:\/\/schema.org","@graph":[{"@type":"WebPage","@id":"https:\/\/www.livingwithnets.com\/hu\/a-net-rol\/a-net-ek-kezelese\/","url":"https:\/\/www.livingwithnets.com\/hu\/a-net-rol\/a-net-ek-kezelese\/","name":"A NET-ek kezel\u00e9se: Neuroendokrin tumorokkal kapcsolatos inform\u00e1ci\u00f3kNeuroendokrin tumorokkal kapcsolatos inform\u00e1ci\u00f3kNeuroendokrin tumorokkal kapcsolatos infrom\u00e1ci\u00f3k (NET)","isPartOf":{"@id":"https:\/\/www.livingwithnets.com\/hu\/#website"},"datePublished":"2016-07-14T15:14:25+00:00","dateModified":"2020-07-22T10:37:08+00:00","description":"Olvassa el a neuroendokrin tumorok (NET) \u00e9s a karcinoid szindr\u00f3ma t\u00fcneteit, a NET-kezel\u00e9sek mell\u00e9khat\u00e1sait \u00e9s a neuroendokrin daganatok klinikai vizsg\u00e1latait.","breadcrumb":{"@id":"https:\/\/www.livingwithnets.com\/hu\/a-net-rol\/a-net-ek-kezelese\/#breadcrumb"},"inLanguage":"hu","potentialAction":[{"@type":"ReadAction","target":["https:\/\/www.livingwithnets.com\/hu\/a-net-rol\/a-net-ek-kezelese\/"]}]},{"@type":"BreadcrumbList","@id":"https:\/\/www.livingwithnets.com\/hu\/a-net-rol\/a-net-ek-kezelese\/#breadcrumb","itemListElement":[{"@type":"ListItem","position":1,"name":"Home","item":"https:\/\/www.livingwithnets.com\/hu\/"},{"@type":"ListItem","position":2,"name":"About NETs","item":"https:\/\/www.livingwithnets.com\/hu\/a-net-rol\/"},{"@type":"ListItem","position":3,"name":"Treating NETs"}]},{"@type":"WebSite","@id":"https:\/\/www.livingwithnets.com\/hu\/#website","url":"https:\/\/www.livingwithnets.com\/hu\/","name":"Living with NETS","description":"Living with NETs - the home of neuroendocrine tumour information and support","potentialAction":[{"@type":"SearchAction","target":{"@type":"EntryPoint","urlTemplate":"https:\/\/www.livingwithnets.com\/hu\/?s={search_term_string}"},"query-input":{"@type":"PropertyValueSpecification","valueRequired":true,"valueName":"search_term_string"}}],"inLanguage":"hu"}]}},"acf":[],"_links":{"self":[{"href":"https:\/\/www.livingwithnets.com\/hu\/wp-json\/wp\/v2\/pages\/21","targetHints":{"allow":["GET"]}}],"collection":[{"href":"https:\/\/www.livingwithnets.com\/hu\/wp-json\/wp\/v2\/pages"}],"about":[{"href":"https:\/\/www.livingwithnets.com\/hu\/wp-json\/wp\/v2\/types\/page"}],"author":[{"embeddable":true,"href":"https:\/\/www.livingwithnets.com\/hu\/wp-json\/wp\/v2\/users\/1"}],"replies":[{"embeddable":true,"href":"https:\/\/www.livingwithnets.com\/hu\/wp-json\/wp\/v2\/comments?post=21"}],"version-history":[{"count":3,"href":"https:\/\/www.livingwithnets.com\/hu\/wp-json\/wp\/v2\/pages\/21\/revisions"}],"predecessor-version":[{"id":4189,"href":"https:\/\/www.livingwithnets.com\/hu\/wp-json\/wp\/v2\/pages\/21\/revisions\/4189"}],"up":[{"embeddable":true,"href":"https:\/\/www.livingwithnets.com\/hu\/wp-json\/wp\/v2\/pages\/8"}],"wp:attachment":[{"href":"https:\/\/www.livingwithnets.com\/hu\/wp-json\/wp\/v2\/media?parent=21"}],"curies":[{"name":"wp","href":"https:\/\/api.w.org\/{rel}","templated":true}]}}