{"id":17,"date":"2016-07-14T16:07:37","date_gmt":"2016-07-14T15:07:37","guid":{"rendered":"\/?page_id=17"},"modified":"2020-06-18T21:35:00","modified_gmt":"2020-06-18T20:35:00","slug":"tanuljon-a-net-rol","status":"publish","type":"page","link":"https:\/\/www.livingwithnets.com\/hu\/a-net-rol\/tanuljon-a-net-rol\/","title":{"rendered":"Learn About NETs"},"content":{"rendered":"","protected":false},"excerpt":{"rendered":"","protected":false},"author":1,"featured_media":0,"parent":8,"menu_order":2,"comment_status":"closed","ping_status":"closed","template":"template-about-nets-bridging-page.php","meta":{"_acf_changed":false,"_monsterinsights_skip_tracking":false,"_monsterinsights_sitenote_active":false,"_monsterinsights_sitenote_note":"","_monsterinsights_sitenote_category":0,"footnotes":""},"class_list":["post-17","page","type-page","status-publish","hentry"],"yoast_head":"<!-- This site is optimized with the Yoast SEO plugin v25.9 - https:\/\/yoast.com\/wordpress\/plugins\/seo\/ -->\n<title>Tanuljon a NET-r\u0151l: A neuroendokrin tumorokr\u00f3l (NET)<\/title>\n<meta name=\"description\" content=\"Tanuljon a NET-r\u0151l, bele\u00e9rtve az ilyen jelleg\u0171 k\u00e9rd\u00e9sekre adott v\u00e1laszokat is: Mik a NET-ek t\u00fcnetei? Mi okozza a NET-eket? Mik a karcinoid tumorok \u00e9s a karcinoid szindr\u00f3ma?\" \/>\n<meta name=\"robots\" content=\"index, follow, max-snippet:-1, max-image-preview:large, max-video-preview:-1\" \/>\n<link rel=\"canonical\" href=\"https:\/\/www.livingwithnets.com\/hu\/a-net-rol\/tanuljon-a-net-rol\/\" \/>\n<meta property=\"og:locale\" content=\"hu_HU\" \/>\n<meta property=\"og:type\" content=\"article\" \/>\n<meta property=\"og:title\" content=\"Tanuljon a NET-r\u0151l: A neuroendokrin tumorokr\u00f3l (NET)\" \/>\n<meta property=\"og:description\" content=\"Tanuljon a NET-r\u0151l, bele\u00e9rtve az ilyen jelleg\u0171 k\u00e9rd\u00e9sekre adott v\u00e1laszokat is: Mik a NET-ek t\u00fcnetei? Mi okozza a NET-eket? Mik a karcinoid tumorok \u00e9s a karcinoid szindr\u00f3ma?\" \/>\n<meta property=\"og:url\" content=\"https:\/\/www.livingwithnets.com\/hu\/a-net-rol\/tanuljon-a-net-rol\/\" \/>\n<meta property=\"og:site_name\" content=\"Living with NETS\" \/>\n<meta property=\"article:modified_time\" content=\"2020-06-18T20:35:00+00:00\" \/>\n<meta name=\"twitter:card\" content=\"summary_large_image\" \/>\n<script type=\"application\/ld+json\" class=\"yoast-schema-graph\">{\"@context\":\"https:\/\/schema.org\",\"@graph\":[{\"@type\":\"WebPage\",\"@id\":\"https:\/\/www.livingwithnets.com\/hu\/a-net-rol\/tanuljon-a-net-rol\/\",\"url\":\"https:\/\/www.livingwithnets.com\/hu\/a-net-rol\/tanuljon-a-net-rol\/\",\"name\":\"Tanuljon a NET-r\u0151l: A neuroendokrin tumorokr\u00f3l (NET)\",\"isPartOf\":{\"@id\":\"https:\/\/www.livingwithnets.com\/hu\/#website\"},\"datePublished\":\"2016-07-14T15:07:37+00:00\",\"dateModified\":\"2020-06-18T20:35:00+00:00\",\"description\":\"Tanuljon a NET-r\u0151l, bele\u00e9rtve az ilyen jelleg\u0171 k\u00e9rd\u00e9sekre adott v\u00e1laszokat is: Mik a NET-ek t\u00fcnetei? Mi okozza a NET-eket? Mik a karcinoid tumorok \u00e9s a karcinoid szindr\u00f3ma?\",\"breadcrumb\":{\"@id\":\"https:\/\/www.livingwithnets.com\/hu\/a-net-rol\/tanuljon-a-net-rol\/#breadcrumb\"},\"inLanguage\":\"hu\",\"potentialAction\":[{\"@type\":\"ReadAction\",\"target\":[\"https:\/\/www.livingwithnets.com\/hu\/a-net-rol\/tanuljon-a-net-rol\/\"]}]},{\"@type\":\"BreadcrumbList\",\"@id\":\"https:\/\/www.livingwithnets.com\/hu\/a-net-rol\/tanuljon-a-net-rol\/#breadcrumb\",\"itemListElement\":[{\"@type\":\"ListItem\",\"position\":1,\"name\":\"Home\",\"item\":\"https:\/\/www.livingwithnets.com\/hu\/\"},{\"@type\":\"ListItem\",\"position\":2,\"name\":\"About NETs\",\"item\":\"https:\/\/www.livingwithnets.com\/hu\/a-net-rol\/\"},{\"@type\":\"ListItem\",\"position\":3,\"name\":\"Learn About NETs\"}]},{\"@type\":\"WebSite\",\"@id\":\"https:\/\/www.livingwithnets.com\/hu\/#website\",\"url\":\"https:\/\/www.livingwithnets.com\/hu\/\",\"name\":\"Living with NETS\",\"description\":\"Living with NETs - the home of neuroendocrine tumour information and support\",\"potentialAction\":[{\"@type\":\"SearchAction\",\"target\":{\"@type\":\"EntryPoint\",\"urlTemplate\":\"https:\/\/www.livingwithnets.com\/hu\/?s={search_term_string}\"},\"query-input\":{\"@type\":\"PropertyValueSpecification\",\"valueRequired\":true,\"valueName\":\"search_term_string\"}}],\"inLanguage\":\"hu\"}]}<\/script>\n<!-- \/ Yoast SEO plugin. -->","yoast_head_json":{"title":"Tanuljon a NET-r\u0151l: A neuroendokrin tumorokr\u00f3l (NET)","description":"Tanuljon a NET-r\u0151l, bele\u00e9rtve az ilyen jelleg\u0171 k\u00e9rd\u00e9sekre adott v\u00e1laszokat is: Mik a NET-ek t\u00fcnetei? Mi okozza a NET-eket? Mik a karcinoid tumorok \u00e9s a karcinoid szindr\u00f3ma?","robots":{"index":"index","follow":"follow","max-snippet":"max-snippet:-1","max-image-preview":"max-image-preview:large","max-video-preview":"max-video-preview:-1"},"canonical":"https:\/\/www.livingwithnets.com\/hu\/a-net-rol\/tanuljon-a-net-rol\/","og_locale":"hu_HU","og_type":"article","og_title":"Tanuljon a NET-r\u0151l: A neuroendokrin tumorokr\u00f3l (NET)","og_description":"Tanuljon a NET-r\u0151l, bele\u00e9rtve az ilyen jelleg\u0171 k\u00e9rd\u00e9sekre adott v\u00e1laszokat is: Mik a NET-ek t\u00fcnetei? Mi okozza a NET-eket? Mik a karcinoid tumorok \u00e9s a karcinoid szindr\u00f3ma?","og_url":"https:\/\/www.livingwithnets.com\/hu\/a-net-rol\/tanuljon-a-net-rol\/","og_site_name":"Living with NETS","article_modified_time":"2020-06-18T20:35:00+00:00","twitter_card":"summary_large_image","schema":{"@context":"https:\/\/schema.org","@graph":[{"@type":"WebPage","@id":"https:\/\/www.livingwithnets.com\/hu\/a-net-rol\/tanuljon-a-net-rol\/","url":"https:\/\/www.livingwithnets.com\/hu\/a-net-rol\/tanuljon-a-net-rol\/","name":"Tanuljon a NET-r\u0151l: A neuroendokrin tumorokr\u00f3l (NET)","isPartOf":{"@id":"https:\/\/www.livingwithnets.com\/hu\/#website"},"datePublished":"2016-07-14T15:07:37+00:00","dateModified":"2020-06-18T20:35:00+00:00","description":"Tanuljon a NET-r\u0151l, bele\u00e9rtve az ilyen jelleg\u0171 k\u00e9rd\u00e9sekre adott v\u00e1laszokat is: Mik a NET-ek t\u00fcnetei? Mi okozza a NET-eket? Mik a karcinoid tumorok \u00e9s a karcinoid szindr\u00f3ma?","breadcrumb":{"@id":"https:\/\/www.livingwithnets.com\/hu\/a-net-rol\/tanuljon-a-net-rol\/#breadcrumb"},"inLanguage":"hu","potentialAction":[{"@type":"ReadAction","target":["https:\/\/www.livingwithnets.com\/hu\/a-net-rol\/tanuljon-a-net-rol\/"]}]},{"@type":"BreadcrumbList","@id":"https:\/\/www.livingwithnets.com\/hu\/a-net-rol\/tanuljon-a-net-rol\/#breadcrumb","itemListElement":[{"@type":"ListItem","position":1,"name":"Home","item":"https:\/\/www.livingwithnets.com\/hu\/"},{"@type":"ListItem","position":2,"name":"About NETs","item":"https:\/\/www.livingwithnets.com\/hu\/a-net-rol\/"},{"@type":"ListItem","position":3,"name":"Learn About NETs"}]},{"@type":"WebSite","@id":"https:\/\/www.livingwithnets.com\/hu\/#website","url":"https:\/\/www.livingwithnets.com\/hu\/","name":"Living with NETS","description":"Living with NETs - the home of neuroendocrine tumour information and support","potentialAction":[{"@type":"SearchAction","target":{"@type":"EntryPoint","urlTemplate":"https:\/\/www.livingwithnets.com\/hu\/?s={search_term_string}"},"query-input":{"@type":"PropertyValueSpecification","valueRequired":true,"valueName":"search_term_string"}}],"inLanguage":"hu"}]}},"acf":[],"_links":{"self":[{"href":"https:\/\/www.livingwithnets.com\/hu\/wp-json\/wp\/v2\/pages\/17","targetHints":{"allow":["GET"]}}],"collection":[{"href":"https:\/\/www.livingwithnets.com\/hu\/wp-json\/wp\/v2\/pages"}],"about":[{"href":"https:\/\/www.livingwithnets.com\/hu\/wp-json\/wp\/v2\/types\/page"}],"author":[{"embeddable":true,"href":"https:\/\/www.livingwithnets.com\/hu\/wp-json\/wp\/v2\/users\/1"}],"replies":[{"embeddable":true,"href":"https:\/\/www.livingwithnets.com\/hu\/wp-json\/wp\/v2\/comments?post=17"}],"version-history":[{"count":2,"href":"https:\/\/www.livingwithnets.com\/hu\/wp-json\/wp\/v2\/pages\/17\/revisions"}],"predecessor-version":[{"id":4159,"href":"https:\/\/www.livingwithnets.com\/hu\/wp-json\/wp\/v2\/pages\/17\/revisions\/4159"}],"up":[{"embeddable":true,"href":"https:\/\/www.livingwithnets.com\/hu\/wp-json\/wp\/v2\/pages\/8"}],"wp:attachment":[{"href":"https:\/\/www.livingwithnets.com\/hu\/wp-json\/wp\/v2\/media?parent=17"}],"curies":[{"name":"wp","href":"https:\/\/api.w.org\/{rel}","templated":true}]}}