{"id":15,"date":"2016-07-14T16:04:06","date_gmt":"2016-07-14T15:04:06","guid":{"rendered":"\/?page_id=15"},"modified":"2021-08-31T12:12:57","modified_gmt":"2021-08-31T11:12:57","slug":"tamogatast-kapni","status":"publish","type":"page","link":"https:\/\/www.livingwithnets.com\/hu\/tamogatast-kapni\/","title":{"rendered":"Get Support"},"content":{"rendered":"","protected":false},"excerpt":{"rendered":"","protected":false},"author":1,"featured_media":0,"parent":0,"menu_order":6,"comment_status":"closed","ping_status":"closed","template":"template-online-support-bridging-page.php","meta":{"_acf_changed":false,"_monsterinsights_skip_tracking":false,"_monsterinsights_sitenote_active":false,"_monsterinsights_sitenote_note":"","_monsterinsights_sitenote_category":0,"footnotes":""},"class_list":["post-15","page","type-page","status-publish","hentry"],"yoast_head":"<!-- This site is optimized with the Yoast SEO plugin v23.8 - https:\/\/yoast.com\/wordpress\/plugins\/seo\/ -->\n<title>T\u00e1mogat\u00e1st kapni: Neuroendokrin tumorokkal kapcsolatos inform\u00e1ci\u00f3kNeuroendokrin tumorokkal kapcsolatos inform\u00e1ci\u00f3kNeuroendokrin tumorokkal kapcsolatos inform\u00e1ci\u00f3k (NET)<\/title>\n<meta name=\"description\" content=\"Keressen egy NET-es betegt\u00e1mogat\u00f3 csoportot, nyissa meg az eur\u00f3pai szakemberek list\u00e1j\u00e1t, \u00e9s kapjon v\u00e1laszokat a neuroendokrin r\u00e1kkal kapcsolatos gyakran feltett k\u00e9rd\u00e9sekre.\" \/>\n<meta name=\"robots\" content=\"index, follow, max-snippet:-1, max-image-preview:large, max-video-preview:-1\" \/>\n<link rel=\"canonical\" href=\"https:\/\/www.livingwithnets.com\/hu\/tamogatast-kapni\/\" \/>\n<meta property=\"og:locale\" content=\"hu_HU\" \/>\n<meta property=\"og:type\" content=\"article\" \/>\n<meta property=\"og:title\" content=\"T\u00e1mogat\u00e1st kapni: Neuroendokrin tumorokkal kapcsolatos inform\u00e1ci\u00f3kNeuroendokrin tumorokkal kapcsolatos inform\u00e1ci\u00f3kNeuroendokrin tumorokkal kapcsolatos inform\u00e1ci\u00f3k (NET)\" \/>\n<meta property=\"og:description\" content=\"Keressen egy NET-es betegt\u00e1mogat\u00f3 csoportot, nyissa meg az eur\u00f3pai szakemberek list\u00e1j\u00e1t, \u00e9s kapjon v\u00e1laszokat a neuroendokrin r\u00e1kkal kapcsolatos gyakran feltett k\u00e9rd\u00e9sekre.\" \/>\n<meta property=\"og:url\" content=\"https:\/\/www.livingwithnets.com\/hu\/tamogatast-kapni\/\" \/>\n<meta property=\"og:site_name\" content=\"Living with NETS\" \/>\n<meta property=\"article:modified_time\" content=\"2021-08-31T11:12:57+00:00\" \/>\n<meta name=\"twitter:card\" content=\"summary_large_image\" \/>\n<script type=\"application\/ld+json\" class=\"yoast-schema-graph\">{\"@context\":\"https:\/\/schema.org\",\"@graph\":[{\"@type\":\"WebPage\",\"@id\":\"https:\/\/www.livingwithnets.com\/hu\/tamogatast-kapni\/\",\"url\":\"https:\/\/www.livingwithnets.com\/hu\/tamogatast-kapni\/\",\"name\":\"T\u00e1mogat\u00e1st kapni: Neuroendokrin tumorokkal kapcsolatos inform\u00e1ci\u00f3kNeuroendokrin tumorokkal kapcsolatos inform\u00e1ci\u00f3kNeuroendokrin tumorokkal kapcsolatos inform\u00e1ci\u00f3k (NET)\",\"isPartOf\":{\"@id\":\"https:\/\/www.livingwithnets.com\/hu\/#website\"},\"datePublished\":\"2016-07-14T15:04:06+00:00\",\"dateModified\":\"2021-08-31T11:12:57+00:00\",\"description\":\"Keressen egy NET-es betegt\u00e1mogat\u00f3 csoportot, nyissa meg az eur\u00f3pai szakemberek list\u00e1j\u00e1t, \u00e9s kapjon v\u00e1laszokat a neuroendokrin r\u00e1kkal kapcsolatos gyakran feltett k\u00e9rd\u00e9sekre.\",\"breadcrumb\":{\"@id\":\"https:\/\/www.livingwithnets.com\/hu\/tamogatast-kapni\/#breadcrumb\"},\"inLanguage\":\"hu\",\"potentialAction\":[{\"@type\":\"ReadAction\",\"target\":[\"https:\/\/www.livingwithnets.com\/hu\/tamogatast-kapni\/\"]}]},{\"@type\":\"BreadcrumbList\",\"@id\":\"https:\/\/www.livingwithnets.com\/hu\/tamogatast-kapni\/#breadcrumb\",\"itemListElement\":[{\"@type\":\"ListItem\",\"position\":1,\"name\":\"Home\",\"item\":\"https:\/\/www.livingwithnets.com\/hu\/\"},{\"@type\":\"ListItem\",\"position\":2,\"name\":\"Get Support\"}]},{\"@type\":\"WebSite\",\"@id\":\"https:\/\/www.livingwithnets.com\/hu\/#website\",\"url\":\"https:\/\/www.livingwithnets.com\/hu\/\",\"name\":\"Living with NETS\",\"description\":\"Living with NETs - the home of neuroendocrine tumour information and support\",\"potentialAction\":[{\"@type\":\"SearchAction\",\"target\":{\"@type\":\"EntryPoint\",\"urlTemplate\":\"https:\/\/www.livingwithnets.com\/hu\/?s={search_term_string}\"},\"query-input\":{\"@type\":\"PropertyValueSpecification\",\"valueRequired\":true,\"valueName\":\"search_term_string\"}}],\"inLanguage\":\"hu\"}]}<\/script>\n<!-- \/ Yoast SEO plugin. -->","yoast_head_json":{"title":"T\u00e1mogat\u00e1st kapni: Neuroendokrin tumorokkal kapcsolatos inform\u00e1ci\u00f3kNeuroendokrin tumorokkal kapcsolatos inform\u00e1ci\u00f3kNeuroendokrin tumorokkal kapcsolatos inform\u00e1ci\u00f3k (NET)","description":"Keressen egy NET-es betegt\u00e1mogat\u00f3 csoportot, nyissa meg az eur\u00f3pai szakemberek list\u00e1j\u00e1t, \u00e9s kapjon v\u00e1laszokat a neuroendokrin r\u00e1kkal kapcsolatos gyakran feltett k\u00e9rd\u00e9sekre.","robots":{"index":"index","follow":"follow","max-snippet":"max-snippet:-1","max-image-preview":"max-image-preview:large","max-video-preview":"max-video-preview:-1"},"canonical":"https:\/\/www.livingwithnets.com\/hu\/tamogatast-kapni\/","og_locale":"hu_HU","og_type":"article","og_title":"T\u00e1mogat\u00e1st kapni: Neuroendokrin tumorokkal kapcsolatos inform\u00e1ci\u00f3kNeuroendokrin tumorokkal kapcsolatos inform\u00e1ci\u00f3kNeuroendokrin tumorokkal kapcsolatos inform\u00e1ci\u00f3k (NET)","og_description":"Keressen egy NET-es betegt\u00e1mogat\u00f3 csoportot, nyissa meg az eur\u00f3pai szakemberek list\u00e1j\u00e1t, \u00e9s kapjon v\u00e1laszokat a neuroendokrin r\u00e1kkal kapcsolatos gyakran feltett k\u00e9rd\u00e9sekre.","og_url":"https:\/\/www.livingwithnets.com\/hu\/tamogatast-kapni\/","og_site_name":"Living with NETS","article_modified_time":"2021-08-31T11:12:57+00:00","twitter_card":"summary_large_image","schema":{"@context":"https:\/\/schema.org","@graph":[{"@type":"WebPage","@id":"https:\/\/www.livingwithnets.com\/hu\/tamogatast-kapni\/","url":"https:\/\/www.livingwithnets.com\/hu\/tamogatast-kapni\/","name":"T\u00e1mogat\u00e1st kapni: Neuroendokrin tumorokkal kapcsolatos inform\u00e1ci\u00f3kNeuroendokrin tumorokkal kapcsolatos inform\u00e1ci\u00f3kNeuroendokrin tumorokkal kapcsolatos inform\u00e1ci\u00f3k (NET)","isPartOf":{"@id":"https:\/\/www.livingwithnets.com\/hu\/#website"},"datePublished":"2016-07-14T15:04:06+00:00","dateModified":"2021-08-31T11:12:57+00:00","description":"Keressen egy NET-es betegt\u00e1mogat\u00f3 csoportot, nyissa meg az eur\u00f3pai szakemberek list\u00e1j\u00e1t, \u00e9s kapjon v\u00e1laszokat a neuroendokrin r\u00e1kkal kapcsolatos gyakran feltett k\u00e9rd\u00e9sekre.","breadcrumb":{"@id":"https:\/\/www.livingwithnets.com\/hu\/tamogatast-kapni\/#breadcrumb"},"inLanguage":"hu","potentialAction":[{"@type":"ReadAction","target":["https:\/\/www.livingwithnets.com\/hu\/tamogatast-kapni\/"]}]},{"@type":"BreadcrumbList","@id":"https:\/\/www.livingwithnets.com\/hu\/tamogatast-kapni\/#breadcrumb","itemListElement":[{"@type":"ListItem","position":1,"name":"Home","item":"https:\/\/www.livingwithnets.com\/hu\/"},{"@type":"ListItem","position":2,"name":"Get Support"}]},{"@type":"WebSite","@id":"https:\/\/www.livingwithnets.com\/hu\/#website","url":"https:\/\/www.livingwithnets.com\/hu\/","name":"Living with NETS","description":"Living with NETs - the home of neuroendocrine tumour information and support","potentialAction":[{"@type":"SearchAction","target":{"@type":"EntryPoint","urlTemplate":"https:\/\/www.livingwithnets.com\/hu\/?s={search_term_string}"},"query-input":{"@type":"PropertyValueSpecification","valueRequired":true,"valueName":"search_term_string"}}],"inLanguage":"hu"}]}},"acf":[],"_links":{"self":[{"href":"https:\/\/www.livingwithnets.com\/hu\/wp-json\/wp\/v2\/pages\/15","targetHints":{"allow":["GET"]}}],"collection":[{"href":"https:\/\/www.livingwithnets.com\/hu\/wp-json\/wp\/v2\/pages"}],"about":[{"href":"https:\/\/www.livingwithnets.com\/hu\/wp-json\/wp\/v2\/types\/page"}],"author":[{"embeddable":true,"href":"https:\/\/www.livingwithnets.com\/hu\/wp-json\/wp\/v2\/users\/1"}],"replies":[{"embeddable":true,"href":"https:\/\/www.livingwithnets.com\/hu\/wp-json\/wp\/v2\/comments?post=15"}],"version-history":[{"count":3,"href":"https:\/\/www.livingwithnets.com\/hu\/wp-json\/wp\/v2\/pages\/15\/revisions"}],"predecessor-version":[{"id":4625,"href":"https:\/\/www.livingwithnets.com\/hu\/wp-json\/wp\/v2\/pages\/15\/revisions\/4625"}],"wp:attachment":[{"href":"https:\/\/www.livingwithnets.com\/hu\/wp-json\/wp\/v2\/media?parent=15"}],"curies":[{"name":"wp","href":"https:\/\/api.w.org\/{rel}","templated":true}]}}