{"id":1351,"date":"2016-08-24T14:05:28","date_gmt":"2016-08-24T13:05:28","guid":{"rendered":"\/?page_id=1351"},"modified":"2020-08-10T15:09:50","modified_gmt":"2020-08-10T14:09:50","slug":"az-egeszseg-megorzese","status":"publish","type":"page","link":"https:\/\/www.livingwithnets.com\/hu\/egyutteles-a-net-tel\/gyakorlati-tippek-es-eszkozok\/az-egeszseg-megorzese\/","title":{"rendered":"Keeping Healthy"},"content":{"rendered":"","protected":false},"excerpt":{"rendered":"","protected":false},"author":1,"featured_media":0,"parent":87,"menu_order":2,"comment_status":"closed","ping_status":"closed","template":"template-general-content.php","meta":{"_acf_changed":false,"_monsterinsights_skip_tracking":false,"_monsterinsights_sitenote_active":false,"_monsterinsights_sitenote_note":"","_monsterinsights_sitenote_category":0,"footnotes":""},"class_list":["post-1351","page","type-page","status-publish","hentry"],"yoast_head":"<!-- This site is optimized with the Yoast SEO plugin v23.8 - https:\/\/yoast.com\/wordpress\/plugins\/seo\/ -->\n<title>Az eg\u00e9szs\u00e9g meg\u0151rz\u00e9se: Gyakorlati tippek a neuroendokrin tumorokr\u00f3l (NET)<\/title>\n<meta name=\"description\" content=\"Inform\u00e1ci\u00f3 \u00e9s t\u00e1mogat\u00e1s a neuroendokrin tumorokkal (NET) rendelkez\u0151 emberek sz\u00e1m\u00e1ra. Tan\u00e1csok az eg\u00e9szs\u00e9g \u00e9s a fitts\u00e9g meg\u0151rz\u00e9s\u00e9re, ha NET-tel rendelkezik.\" \/>\n<meta name=\"robots\" content=\"index, follow, max-snippet:-1, max-image-preview:large, max-video-preview:-1\" \/>\n<link rel=\"canonical\" href=\"https:\/\/www.livingwithnets.com\/hu\/egyutteles-a-net-tel\/gyakorlati-tippek-es-eszkozok\/az-egeszseg-megorzese\/\" \/>\n<meta property=\"og:locale\" content=\"hu_HU\" \/>\n<meta property=\"og:type\" content=\"article\" \/>\n<meta property=\"og:title\" content=\"Az eg\u00e9szs\u00e9g meg\u0151rz\u00e9se: Gyakorlati tippek a neuroendokrin tumorokr\u00f3l (NET)\" \/>\n<meta property=\"og:description\" content=\"Inform\u00e1ci\u00f3 \u00e9s t\u00e1mogat\u00e1s a neuroendokrin tumorokkal (NET) rendelkez\u0151 emberek sz\u00e1m\u00e1ra. Tan\u00e1csok az eg\u00e9szs\u00e9g \u00e9s a fitts\u00e9g meg\u0151rz\u00e9s\u00e9re, ha NET-tel rendelkezik.\" \/>\n<meta property=\"og:url\" content=\"https:\/\/www.livingwithnets.com\/hu\/egyutteles-a-net-tel\/gyakorlati-tippek-es-eszkozok\/az-egeszseg-megorzese\/\" \/>\n<meta property=\"og:site_name\" content=\"Living with NETS\" \/>\n<meta property=\"article:modified_time\" content=\"2020-08-10T14:09:50+00:00\" \/>\n<meta name=\"twitter:card\" content=\"summary_large_image\" \/>\n<script type=\"application\/ld+json\" class=\"yoast-schema-graph\">{\"@context\":\"https:\/\/schema.org\",\"@graph\":[{\"@type\":\"WebPage\",\"@id\":\"https:\/\/www.livingwithnets.com\/hu\/egyutteles-a-net-tel\/gyakorlati-tippek-es-eszkozok\/az-egeszseg-megorzese\/\",\"url\":\"https:\/\/www.livingwithnets.com\/hu\/egyutteles-a-net-tel\/gyakorlati-tippek-es-eszkozok\/az-egeszseg-megorzese\/\",\"name\":\"Az eg\u00e9szs\u00e9g meg\u0151rz\u00e9se: Gyakorlati tippek a neuroendokrin tumorokr\u00f3l (NET)\",\"isPartOf\":{\"@id\":\"https:\/\/www.livingwithnets.com\/hu\/#website\"},\"datePublished\":\"2016-08-24T13:05:28+00:00\",\"dateModified\":\"2020-08-10T14:09:50+00:00\",\"description\":\"Inform\u00e1ci\u00f3 \u00e9s t\u00e1mogat\u00e1s a neuroendokrin tumorokkal (NET) rendelkez\u0151 emberek sz\u00e1m\u00e1ra. Tan\u00e1csok az eg\u00e9szs\u00e9g \u00e9s a fitts\u00e9g meg\u0151rz\u00e9s\u00e9re, ha NET-tel rendelkezik.\",\"breadcrumb\":{\"@id\":\"https:\/\/www.livingwithnets.com\/hu\/egyutteles-a-net-tel\/gyakorlati-tippek-es-eszkozok\/az-egeszseg-megorzese\/#breadcrumb\"},\"inLanguage\":\"hu\",\"potentialAction\":[{\"@type\":\"ReadAction\",\"target\":[\"https:\/\/www.livingwithnets.com\/hu\/egyutteles-a-net-tel\/gyakorlati-tippek-es-eszkozok\/az-egeszseg-megorzese\/\"]}]},{\"@type\":\"BreadcrumbList\",\"@id\":\"https:\/\/www.livingwithnets.com\/hu\/egyutteles-a-net-tel\/gyakorlati-tippek-es-eszkozok\/az-egeszseg-megorzese\/#breadcrumb\",\"itemListElement\":[{\"@type\":\"ListItem\",\"position\":1,\"name\":\"Home\",\"item\":\"https:\/\/www.livingwithnets.com\/hu\/\"},{\"@type\":\"ListItem\",\"position\":2,\"name\":\"Living With NETs\",\"item\":\"https:\/\/www.livingwithnets.com\/hu\/egyutteles-a-net-tel\/\"},{\"@type\":\"ListItem\",\"position\":3,\"name\":\"Practical Tips and Tools\",\"item\":\"https:\/\/www.livingwithnets.com\/hu\/egyutteles-a-net-tel\/gyakorlati-tippek-es-eszkozok\/\"},{\"@type\":\"ListItem\",\"position\":4,\"name\":\"Keeping Healthy\"}]},{\"@type\":\"WebSite\",\"@id\":\"https:\/\/www.livingwithnets.com\/hu\/#website\",\"url\":\"https:\/\/www.livingwithnets.com\/hu\/\",\"name\":\"Living with NETS\",\"description\":\"Living with NETs - the home of neuroendocrine tumour information and support\",\"potentialAction\":[{\"@type\":\"SearchAction\",\"target\":{\"@type\":\"EntryPoint\",\"urlTemplate\":\"https:\/\/www.livingwithnets.com\/hu\/?s={search_term_string}\"},\"query-input\":{\"@type\":\"PropertyValueSpecification\",\"valueRequired\":true,\"valueName\":\"search_term_string\"}}],\"inLanguage\":\"hu\"}]}<\/script>\n<!-- \/ Yoast SEO plugin. -->","yoast_head_json":{"title":"Az eg\u00e9szs\u00e9g meg\u0151rz\u00e9se: Gyakorlati tippek a neuroendokrin tumorokr\u00f3l (NET)","description":"Inform\u00e1ci\u00f3 \u00e9s t\u00e1mogat\u00e1s a neuroendokrin tumorokkal (NET) rendelkez\u0151 emberek sz\u00e1m\u00e1ra. Tan\u00e1csok az eg\u00e9szs\u00e9g \u00e9s a fitts\u00e9g meg\u0151rz\u00e9s\u00e9re, ha NET-tel rendelkezik.","robots":{"index":"index","follow":"follow","max-snippet":"max-snippet:-1","max-image-preview":"max-image-preview:large","max-video-preview":"max-video-preview:-1"},"canonical":"https:\/\/www.livingwithnets.com\/hu\/egyutteles-a-net-tel\/gyakorlati-tippek-es-eszkozok\/az-egeszseg-megorzese\/","og_locale":"hu_HU","og_type":"article","og_title":"Az eg\u00e9szs\u00e9g meg\u0151rz\u00e9se: Gyakorlati tippek a neuroendokrin tumorokr\u00f3l (NET)","og_description":"Inform\u00e1ci\u00f3 \u00e9s t\u00e1mogat\u00e1s a neuroendokrin tumorokkal (NET) rendelkez\u0151 emberek sz\u00e1m\u00e1ra. Tan\u00e1csok az eg\u00e9szs\u00e9g \u00e9s a fitts\u00e9g meg\u0151rz\u00e9s\u00e9re, ha NET-tel rendelkezik.","og_url":"https:\/\/www.livingwithnets.com\/hu\/egyutteles-a-net-tel\/gyakorlati-tippek-es-eszkozok\/az-egeszseg-megorzese\/","og_site_name":"Living with NETS","article_modified_time":"2020-08-10T14:09:50+00:00","twitter_card":"summary_large_image","schema":{"@context":"https:\/\/schema.org","@graph":[{"@type":"WebPage","@id":"https:\/\/www.livingwithnets.com\/hu\/egyutteles-a-net-tel\/gyakorlati-tippek-es-eszkozok\/az-egeszseg-megorzese\/","url":"https:\/\/www.livingwithnets.com\/hu\/egyutteles-a-net-tel\/gyakorlati-tippek-es-eszkozok\/az-egeszseg-megorzese\/","name":"Az eg\u00e9szs\u00e9g meg\u0151rz\u00e9se: Gyakorlati tippek a neuroendokrin tumorokr\u00f3l (NET)","isPartOf":{"@id":"https:\/\/www.livingwithnets.com\/hu\/#website"},"datePublished":"2016-08-24T13:05:28+00:00","dateModified":"2020-08-10T14:09:50+00:00","description":"Inform\u00e1ci\u00f3 \u00e9s t\u00e1mogat\u00e1s a neuroendokrin tumorokkal (NET) rendelkez\u0151 emberek sz\u00e1m\u00e1ra. Tan\u00e1csok az eg\u00e9szs\u00e9g \u00e9s a fitts\u00e9g meg\u0151rz\u00e9s\u00e9re, ha NET-tel rendelkezik.","breadcrumb":{"@id":"https:\/\/www.livingwithnets.com\/hu\/egyutteles-a-net-tel\/gyakorlati-tippek-es-eszkozok\/az-egeszseg-megorzese\/#breadcrumb"},"inLanguage":"hu","potentialAction":[{"@type":"ReadAction","target":["https:\/\/www.livingwithnets.com\/hu\/egyutteles-a-net-tel\/gyakorlati-tippek-es-eszkozok\/az-egeszseg-megorzese\/"]}]},{"@type":"BreadcrumbList","@id":"https:\/\/www.livingwithnets.com\/hu\/egyutteles-a-net-tel\/gyakorlati-tippek-es-eszkozok\/az-egeszseg-megorzese\/#breadcrumb","itemListElement":[{"@type":"ListItem","position":1,"name":"Home","item":"https:\/\/www.livingwithnets.com\/hu\/"},{"@type":"ListItem","position":2,"name":"Living With NETs","item":"https:\/\/www.livingwithnets.com\/hu\/egyutteles-a-net-tel\/"},{"@type":"ListItem","position":3,"name":"Practical Tips and Tools","item":"https:\/\/www.livingwithnets.com\/hu\/egyutteles-a-net-tel\/gyakorlati-tippek-es-eszkozok\/"},{"@type":"ListItem","position":4,"name":"Keeping Healthy"}]},{"@type":"WebSite","@id":"https:\/\/www.livingwithnets.com\/hu\/#website","url":"https:\/\/www.livingwithnets.com\/hu\/","name":"Living with NETS","description":"Living with NETs - the home of neuroendocrine tumour information and support","potentialAction":[{"@type":"SearchAction","target":{"@type":"EntryPoint","urlTemplate":"https:\/\/www.livingwithnets.com\/hu\/?s={search_term_string}"},"query-input":{"@type":"PropertyValueSpecification","valueRequired":true,"valueName":"search_term_string"}}],"inLanguage":"hu"}]}},"acf":[],"_links":{"self":[{"href":"https:\/\/www.livingwithnets.com\/hu\/wp-json\/wp\/v2\/pages\/1351","targetHints":{"allow":["GET"]}}],"collection":[{"href":"https:\/\/www.livingwithnets.com\/hu\/wp-json\/wp\/v2\/pages"}],"about":[{"href":"https:\/\/www.livingwithnets.com\/hu\/wp-json\/wp\/v2\/types\/page"}],"author":[{"embeddable":true,"href":"https:\/\/www.livingwithnets.com\/hu\/wp-json\/wp\/v2\/users\/1"}],"replies":[{"embeddable":true,"href":"https:\/\/www.livingwithnets.com\/hu\/wp-json\/wp\/v2\/comments?post=1351"}],"version-history":[{"count":5,"href":"https:\/\/www.livingwithnets.com\/hu\/wp-json\/wp\/v2\/pages\/1351\/revisions"}],"predecessor-version":[{"id":4557,"href":"https:\/\/www.livingwithnets.com\/hu\/wp-json\/wp\/v2\/pages\/1351\/revisions\/4557"}],"up":[{"embeddable":true,"href":"https:\/\/www.livingwithnets.com\/hu\/wp-json\/wp\/v2\/pages\/87"}],"wp:attachment":[{"href":"https:\/\/www.livingwithnets.com\/hu\/wp-json\/wp\/v2\/media?parent=1351"}],"curies":[{"name":"wp","href":"https:\/\/api.w.org\/{rel}","templated":true}]}}