{"id":87,"date":"2016-07-15T11:53:42","date_gmt":"2016-07-15T10:53:42","guid":{"rendered":"\/?page_id=87"},"modified":"2021-10-21T09:27:09","modified_gmt":"2021-10-21T08:27:09","slug":"conseils-pratiques-et-outils","status":"publish","type":"page","link":"https:\/\/www.livingwithnets.com\/fr-be\/vivre-avec-une-tne\/conseils-pratiques-et-outils\/","title":{"rendered":"Conseils pratiques et outils"},"content":{"rendered":"","protected":false},"excerpt":{"rendered":"","protected":false},"author":1,"featured_media":0,"parent":10,"menu_order":10,"comment_status":"closed","ping_status":"closed","template":"template-general-content.php","meta":{"_acf_changed":false,"_monsterinsights_skip_tracking":false,"_monsterinsights_sitenote_active":false,"_monsterinsights_sitenote_note":"","_monsterinsights_sitenote_category":0,"footnotes":""},"class_list":["post-87","page","type-page","status-publish","hentry"],"yoast_head":"<!-- This site is optimized with the Yoast SEO plugin v25.9 - https:\/\/yoast.com\/wordpress\/plugins\/seo\/ -->\n<title>Conseils pratiques: informations sur les tumeurs neuroendocrines (TNE)<\/title>\n<meta name=\"description\" content=\"Conseils et outils pratiques pour les personnes diagnostiqu\u00e9es avec des tumeurs neuroendocrines (TNE). D\u00e9couvrez comment rester en bonne sant\u00e9 et pr\u00e9parer les examens d\u2019imagerie.\" \/>\n<meta name=\"robots\" content=\"index, follow, max-snippet:-1, max-image-preview:large, max-video-preview:-1\" \/>\n<link rel=\"canonical\" href=\"https:\/\/www.livingwithnets.com\/fr-be\/vivre-avec-une-tne\/conseils-pratiques-et-outils\/\" \/>\n<meta property=\"og:locale\" content=\"fr_FR\" \/>\n<meta property=\"og:type\" content=\"article\" \/>\n<meta property=\"og:title\" content=\"Conseils pratiques: informations sur les tumeurs neuroendocrines (TNE)\" \/>\n<meta property=\"og:description\" content=\"Conseils et outils pratiques pour les personnes diagnostiqu\u00e9es avec des tumeurs neuroendocrines (TNE). D\u00e9couvrez comment rester en bonne sant\u00e9 et pr\u00e9parer les examens d\u2019imagerie.\" \/>\n<meta property=\"og:url\" content=\"https:\/\/www.livingwithnets.com\/fr-be\/vivre-avec-une-tne\/conseils-pratiques-et-outils\/\" \/>\n<meta property=\"og:site_name\" content=\"Living with NETS - French (Belgium)\" \/>\n<meta property=\"article:modified_time\" content=\"2021-10-21T08:27:09+00:00\" \/>\n<meta name=\"twitter:card\" content=\"summary_large_image\" \/>\n<script type=\"application\/ld+json\" class=\"yoast-schema-graph\">{\"@context\":\"https:\/\/schema.org\",\"@graph\":[{\"@type\":\"WebPage\",\"@id\":\"https:\/\/www.livingwithnets.com\/fr-be\/vivre-avec-une-tne\/conseils-pratiques-et-outils\/\",\"url\":\"https:\/\/www.livingwithnets.com\/fr-be\/vivre-avec-une-tne\/conseils-pratiques-et-outils\/\",\"name\":\"Conseils pratiques: informations sur les tumeurs neuroendocrines (TNE)\",\"isPartOf\":{\"@id\":\"https:\/\/www.livingwithnets.com\/fr-be\/#website\"},\"datePublished\":\"2016-07-15T10:53:42+00:00\",\"dateModified\":\"2021-10-21T08:27:09+00:00\",\"description\":\"Conseils et outils pratiques pour les personnes diagnostiqu\u00e9es avec des tumeurs neuroendocrines (TNE). D\u00e9couvrez comment rester en bonne sant\u00e9 et pr\u00e9parer les examens d\u2019imagerie.\",\"breadcrumb\":{\"@id\":\"https:\/\/www.livingwithnets.com\/fr-be\/vivre-avec-une-tne\/conseils-pratiques-et-outils\/#breadcrumb\"},\"inLanguage\":\"fr-BE\",\"potentialAction\":[{\"@type\":\"ReadAction\",\"target\":[\"https:\/\/www.livingwithnets.com\/fr-be\/vivre-avec-une-tne\/conseils-pratiques-et-outils\/\"]}]},{\"@type\":\"BreadcrumbList\",\"@id\":\"https:\/\/www.livingwithnets.com\/fr-be\/vivre-avec-une-tne\/conseils-pratiques-et-outils\/#breadcrumb\",\"itemListElement\":[{\"@type\":\"ListItem\",\"position\":1,\"name\":\"Home\",\"item\":\"https:\/\/www.livingwithnets.com\/fr-be\/\"},{\"@type\":\"ListItem\",\"position\":2,\"name\":\"Vivre avec une TNE\",\"item\":\"https:\/\/www.livingwithnets.com\/fr-be\/vivre-avec-une-tne\/\"},{\"@type\":\"ListItem\",\"position\":3,\"name\":\"Conseils pratiques et outils\"}]},{\"@type\":\"WebSite\",\"@id\":\"https:\/\/www.livingwithnets.com\/fr-be\/#website\",\"url\":\"https:\/\/www.livingwithnets.com\/fr-be\/\",\"name\":\"Living with NETS - French (Belgium)\",\"description\":\"Living with NETs - the home of neuroendocrine tumour information and support\",\"potentialAction\":[{\"@type\":\"SearchAction\",\"target\":{\"@type\":\"EntryPoint\",\"urlTemplate\":\"https:\/\/www.livingwithnets.com\/fr-be\/?s={search_term_string}\"},\"query-input\":{\"@type\":\"PropertyValueSpecification\",\"valueRequired\":true,\"valueName\":\"search_term_string\"}}],\"inLanguage\":\"fr-BE\"}]}<\/script>\n<!-- \/ Yoast SEO plugin. -->","yoast_head_json":{"title":"Conseils pratiques: informations sur les tumeurs neuroendocrines (TNE)","description":"Conseils et outils pratiques pour les personnes diagnostiqu\u00e9es avec des tumeurs neuroendocrines (TNE). D\u00e9couvrez comment rester en bonne sant\u00e9 et pr\u00e9parer les examens d\u2019imagerie.","robots":{"index":"index","follow":"follow","max-snippet":"max-snippet:-1","max-image-preview":"max-image-preview:large","max-video-preview":"max-video-preview:-1"},"canonical":"https:\/\/www.livingwithnets.com\/fr-be\/vivre-avec-une-tne\/conseils-pratiques-et-outils\/","og_locale":"fr_FR","og_type":"article","og_title":"Conseils pratiques: informations sur les tumeurs neuroendocrines (TNE)","og_description":"Conseils et outils pratiques pour les personnes diagnostiqu\u00e9es avec des tumeurs neuroendocrines (TNE). D\u00e9couvrez comment rester en bonne sant\u00e9 et pr\u00e9parer les examens d\u2019imagerie.","og_url":"https:\/\/www.livingwithnets.com\/fr-be\/vivre-avec-une-tne\/conseils-pratiques-et-outils\/","og_site_name":"Living with NETS - French (Belgium)","article_modified_time":"2021-10-21T08:27:09+00:00","twitter_card":"summary_large_image","schema":{"@context":"https:\/\/schema.org","@graph":[{"@type":"WebPage","@id":"https:\/\/www.livingwithnets.com\/fr-be\/vivre-avec-une-tne\/conseils-pratiques-et-outils\/","url":"https:\/\/www.livingwithnets.com\/fr-be\/vivre-avec-une-tne\/conseils-pratiques-et-outils\/","name":"Conseils pratiques: informations sur les tumeurs neuroendocrines (TNE)","isPartOf":{"@id":"https:\/\/www.livingwithnets.com\/fr-be\/#website"},"datePublished":"2016-07-15T10:53:42+00:00","dateModified":"2021-10-21T08:27:09+00:00","description":"Conseils et outils pratiques pour les personnes diagnostiqu\u00e9es avec des tumeurs neuroendocrines (TNE). D\u00e9couvrez comment rester en bonne sant\u00e9 et pr\u00e9parer les examens d\u2019imagerie.","breadcrumb":{"@id":"https:\/\/www.livingwithnets.com\/fr-be\/vivre-avec-une-tne\/conseils-pratiques-et-outils\/#breadcrumb"},"inLanguage":"fr-BE","potentialAction":[{"@type":"ReadAction","target":["https:\/\/www.livingwithnets.com\/fr-be\/vivre-avec-une-tne\/conseils-pratiques-et-outils\/"]}]},{"@type":"BreadcrumbList","@id":"https:\/\/www.livingwithnets.com\/fr-be\/vivre-avec-une-tne\/conseils-pratiques-et-outils\/#breadcrumb","itemListElement":[{"@type":"ListItem","position":1,"name":"Home","item":"https:\/\/www.livingwithnets.com\/fr-be\/"},{"@type":"ListItem","position":2,"name":"Vivre avec une TNE","item":"https:\/\/www.livingwithnets.com\/fr-be\/vivre-avec-une-tne\/"},{"@type":"ListItem","position":3,"name":"Conseils pratiques et outils"}]},{"@type":"WebSite","@id":"https:\/\/www.livingwithnets.com\/fr-be\/#website","url":"https:\/\/www.livingwithnets.com\/fr-be\/","name":"Living with NETS - French (Belgium)","description":"Living with NETs - the home of neuroendocrine tumour information and support","potentialAction":[{"@type":"SearchAction","target":{"@type":"EntryPoint","urlTemplate":"https:\/\/www.livingwithnets.com\/fr-be\/?s={search_term_string}"},"query-input":{"@type":"PropertyValueSpecification","valueRequired":true,"valueName":"search_term_string"}}],"inLanguage":"fr-BE"}]}},"acf":[],"_links":{"self":[{"href":"https:\/\/www.livingwithnets.com\/fr-be\/wp-json\/wp\/v2\/pages\/87","targetHints":{"allow":["GET"]}}],"collection":[{"href":"https:\/\/www.livingwithnets.com\/fr-be\/wp-json\/wp\/v2\/pages"}],"about":[{"href":"https:\/\/www.livingwithnets.com\/fr-be\/wp-json\/wp\/v2\/types\/page"}],"author":[{"embeddable":true,"href":"https:\/\/www.livingwithnets.com\/fr-be\/wp-json\/wp\/v2\/users\/1"}],"replies":[{"embeddable":true,"href":"https:\/\/www.livingwithnets.com\/fr-be\/wp-json\/wp\/v2\/comments?post=87"}],"version-history":[{"count":5,"href":"https:\/\/www.livingwithnets.com\/fr-be\/wp-json\/wp\/v2\/pages\/87\/revisions"}],"predecessor-version":[{"id":5555,"href":"https:\/\/www.livingwithnets.com\/fr-be\/wp-json\/wp\/v2\/pages\/87\/revisions\/5555"}],"up":[{"embeddable":true,"href":"https:\/\/www.livingwithnets.com\/fr-be\/wp-json\/wp\/v2\/pages\/10"}],"wp:attachment":[{"href":"https:\/\/www.livingwithnets.com\/fr-be\/wp-json\/wp\/v2\/media?parent=87"}],"curies":[{"name":"wp","href":"https:\/\/api.w.org\/{rel}","templated":true}]}}