{"id":81,"date":"2016-07-15T11:46:43","date_gmt":"2016-07-15T10:46:43","guid":{"rendered":"\/?page_id=81"},"modified":"2021-07-07T15:52:03","modified_gmt":"2021-07-07T14:52:03","slug":"suivi-de-vos-soins-medicaux","status":"publish","type":"page","link":"https:\/\/www.livingwithnets.com\/fr-be\/vivre-avec-une-tne\/suivi-de-vos-soins-medicaux\/","title":{"rendered":"Suivi de vos soins m\u00e9dicaux"},"content":{"rendered":"","protected":false},"excerpt":{"rendered":"","protected":false},"author":1,"featured_media":0,"parent":10,"menu_order":7,"comment_status":"closed","ping_status":"closed","template":"template-general-content.php","meta":{"_acf_changed":false,"_monsterinsights_skip_tracking":false,"_monsterinsights_sitenote_active":false,"_monsterinsights_sitenote_note":"","_monsterinsights_sitenote_category":0,"footnotes":""},"class_list":["post-81","page","type-page","status-publish","hentry"],"yoast_head":"<!-- This site is optimized with the Yoast SEO plugin v25.9 - https:\/\/yoast.com\/wordpress\/plugins\/seo\/ -->\n<title>Suivi des soins: vivre avec une tumeur neuroendocrine (TNE)<\/title>\n<meta name=\"description\" content=\"T\u00e9l\u00e9chargez les informations m\u00e9dicales et le suivi des traitements Vivre avec une TNE pour vous aider \u00e0 conserver les informations importantes sur vos tumeurs neuroendocrines (TNE) en un seul endroit.\" \/>\n<meta name=\"robots\" content=\"index, follow, max-snippet:-1, max-image-preview:large, max-video-preview:-1\" \/>\n<link rel=\"canonical\" href=\"https:\/\/www.livingwithnets.com\/fr-be\/vivre-avec-une-tne\/suivi-de-vos-soins-medicaux\/\" \/>\n<meta property=\"og:locale\" content=\"fr_FR\" \/>\n<meta property=\"og:type\" content=\"article\" \/>\n<meta property=\"og:title\" content=\"Suivi des soins: vivre avec une tumeur neuroendocrine (TNE)\" \/>\n<meta property=\"og:description\" content=\"T\u00e9l\u00e9chargez les informations m\u00e9dicales et le suivi des traitements Vivre avec une TNE pour vous aider \u00e0 conserver les informations importantes sur vos tumeurs neuroendocrines (TNE) en un seul endroit.\" \/>\n<meta property=\"og:url\" content=\"https:\/\/www.livingwithnets.com\/fr-be\/vivre-avec-une-tne\/suivi-de-vos-soins-medicaux\/\" \/>\n<meta property=\"og:site_name\" content=\"Living with NETS - French (Belgium)\" \/>\n<meta property=\"article:modified_time\" content=\"2021-07-07T14:52:03+00:00\" \/>\n<meta name=\"twitter:card\" content=\"summary_large_image\" \/>\n<script type=\"application\/ld+json\" class=\"yoast-schema-graph\">{\"@context\":\"https:\/\/schema.org\",\"@graph\":[{\"@type\":\"WebPage\",\"@id\":\"https:\/\/www.livingwithnets.com\/fr-be\/vivre-avec-une-tne\/suivi-de-vos-soins-medicaux\/\",\"url\":\"https:\/\/www.livingwithnets.com\/fr-be\/vivre-avec-une-tne\/suivi-de-vos-soins-medicaux\/\",\"name\":\"Suivi des soins: vivre avec une tumeur neuroendocrine (TNE)\",\"isPartOf\":{\"@id\":\"https:\/\/www.livingwithnets.com\/fr-be\/#website\"},\"datePublished\":\"2016-07-15T10:46:43+00:00\",\"dateModified\":\"2021-07-07T14:52:03+00:00\",\"description\":\"T\u00e9l\u00e9chargez les informations m\u00e9dicales et le suivi des traitements Vivre avec une TNE pour vous aider \u00e0 conserver les informations importantes sur vos tumeurs neuroendocrines (TNE) en un seul endroit.\",\"breadcrumb\":{\"@id\":\"https:\/\/www.livingwithnets.com\/fr-be\/vivre-avec-une-tne\/suivi-de-vos-soins-medicaux\/#breadcrumb\"},\"inLanguage\":\"fr-BE\",\"potentialAction\":[{\"@type\":\"ReadAction\",\"target\":[\"https:\/\/www.livingwithnets.com\/fr-be\/vivre-avec-une-tne\/suivi-de-vos-soins-medicaux\/\"]}]},{\"@type\":\"BreadcrumbList\",\"@id\":\"https:\/\/www.livingwithnets.com\/fr-be\/vivre-avec-une-tne\/suivi-de-vos-soins-medicaux\/#breadcrumb\",\"itemListElement\":[{\"@type\":\"ListItem\",\"position\":1,\"name\":\"Home\",\"item\":\"https:\/\/www.livingwithnets.com\/fr-be\/\"},{\"@type\":\"ListItem\",\"position\":2,\"name\":\"Vivre avec une TNE\",\"item\":\"https:\/\/www.livingwithnets.com\/fr-be\/vivre-avec-une-tne\/\"},{\"@type\":\"ListItem\",\"position\":3,\"name\":\"Suivi de vos soins m\u00e9dicaux\"}]},{\"@type\":\"WebSite\",\"@id\":\"https:\/\/www.livingwithnets.com\/fr-be\/#website\",\"url\":\"https:\/\/www.livingwithnets.com\/fr-be\/\",\"name\":\"Living with NETS - French (Belgium)\",\"description\":\"Living with NETs - the home of neuroendocrine tumour information and support\",\"potentialAction\":[{\"@type\":\"SearchAction\",\"target\":{\"@type\":\"EntryPoint\",\"urlTemplate\":\"https:\/\/www.livingwithnets.com\/fr-be\/?s={search_term_string}\"},\"query-input\":{\"@type\":\"PropertyValueSpecification\",\"valueRequired\":true,\"valueName\":\"search_term_string\"}}],\"inLanguage\":\"fr-BE\"}]}<\/script>\n<!-- \/ Yoast SEO plugin. -->","yoast_head_json":{"title":"Suivi des soins: vivre avec une tumeur neuroendocrine (TNE)","description":"T\u00e9l\u00e9chargez les informations m\u00e9dicales et le suivi des traitements Vivre avec une TNE pour vous aider \u00e0 conserver les informations importantes sur vos tumeurs neuroendocrines (TNE) en un seul endroit.","robots":{"index":"index","follow":"follow","max-snippet":"max-snippet:-1","max-image-preview":"max-image-preview:large","max-video-preview":"max-video-preview:-1"},"canonical":"https:\/\/www.livingwithnets.com\/fr-be\/vivre-avec-une-tne\/suivi-de-vos-soins-medicaux\/","og_locale":"fr_FR","og_type":"article","og_title":"Suivi des soins: vivre avec une tumeur neuroendocrine (TNE)","og_description":"T\u00e9l\u00e9chargez les informations m\u00e9dicales et le suivi des traitements Vivre avec une TNE pour vous aider \u00e0 conserver les informations importantes sur vos tumeurs neuroendocrines (TNE) en un seul endroit.","og_url":"https:\/\/www.livingwithnets.com\/fr-be\/vivre-avec-une-tne\/suivi-de-vos-soins-medicaux\/","og_site_name":"Living with NETS - French (Belgium)","article_modified_time":"2021-07-07T14:52:03+00:00","twitter_card":"summary_large_image","schema":{"@context":"https:\/\/schema.org","@graph":[{"@type":"WebPage","@id":"https:\/\/www.livingwithnets.com\/fr-be\/vivre-avec-une-tne\/suivi-de-vos-soins-medicaux\/","url":"https:\/\/www.livingwithnets.com\/fr-be\/vivre-avec-une-tne\/suivi-de-vos-soins-medicaux\/","name":"Suivi des soins: vivre avec une tumeur neuroendocrine (TNE)","isPartOf":{"@id":"https:\/\/www.livingwithnets.com\/fr-be\/#website"},"datePublished":"2016-07-15T10:46:43+00:00","dateModified":"2021-07-07T14:52:03+00:00","description":"T\u00e9l\u00e9chargez les informations m\u00e9dicales et le suivi des traitements Vivre avec une TNE pour vous aider \u00e0 conserver les informations importantes sur vos tumeurs neuroendocrines (TNE) en un seul endroit.","breadcrumb":{"@id":"https:\/\/www.livingwithnets.com\/fr-be\/vivre-avec-une-tne\/suivi-de-vos-soins-medicaux\/#breadcrumb"},"inLanguage":"fr-BE","potentialAction":[{"@type":"ReadAction","target":["https:\/\/www.livingwithnets.com\/fr-be\/vivre-avec-une-tne\/suivi-de-vos-soins-medicaux\/"]}]},{"@type":"BreadcrumbList","@id":"https:\/\/www.livingwithnets.com\/fr-be\/vivre-avec-une-tne\/suivi-de-vos-soins-medicaux\/#breadcrumb","itemListElement":[{"@type":"ListItem","position":1,"name":"Home","item":"https:\/\/www.livingwithnets.com\/fr-be\/"},{"@type":"ListItem","position":2,"name":"Vivre avec une TNE","item":"https:\/\/www.livingwithnets.com\/fr-be\/vivre-avec-une-tne\/"},{"@type":"ListItem","position":3,"name":"Suivi de vos soins m\u00e9dicaux"}]},{"@type":"WebSite","@id":"https:\/\/www.livingwithnets.com\/fr-be\/#website","url":"https:\/\/www.livingwithnets.com\/fr-be\/","name":"Living with NETS - French (Belgium)","description":"Living with NETs - the home of neuroendocrine tumour information and support","potentialAction":[{"@type":"SearchAction","target":{"@type":"EntryPoint","urlTemplate":"https:\/\/www.livingwithnets.com\/fr-be\/?s={search_term_string}"},"query-input":{"@type":"PropertyValueSpecification","valueRequired":true,"valueName":"search_term_string"}}],"inLanguage":"fr-BE"}]}},"acf":[],"_links":{"self":[{"href":"https:\/\/www.livingwithnets.com\/fr-be\/wp-json\/wp\/v2\/pages\/81","targetHints":{"allow":["GET"]}}],"collection":[{"href":"https:\/\/www.livingwithnets.com\/fr-be\/wp-json\/wp\/v2\/pages"}],"about":[{"href":"https:\/\/www.livingwithnets.com\/fr-be\/wp-json\/wp\/v2\/types\/page"}],"author":[{"embeddable":true,"href":"https:\/\/www.livingwithnets.com\/fr-be\/wp-json\/wp\/v2\/users\/1"}],"replies":[{"embeddable":true,"href":"https:\/\/www.livingwithnets.com\/fr-be\/wp-json\/wp\/v2\/comments?post=81"}],"version-history":[{"count":5,"href":"https:\/\/www.livingwithnets.com\/fr-be\/wp-json\/wp\/v2\/pages\/81\/revisions"}],"predecessor-version":[{"id":5518,"href":"https:\/\/www.livingwithnets.com\/fr-be\/wp-json\/wp\/v2\/pages\/81\/revisions\/5518"}],"up":[{"embeddable":true,"href":"https:\/\/www.livingwithnets.com\/fr-be\/wp-json\/wp\/v2\/pages\/10"}],"wp:attachment":[{"href":"https:\/\/www.livingwithnets.com\/fr-be\/wp-json\/wp\/v2\/media?parent=81"}],"curies":[{"name":"wp","href":"https:\/\/api.w.org\/{rel}","templated":true}]}}