{"id":71,"date":"2016-07-15T11:18:25","date_gmt":"2016-07-15T10:18:25","guid":{"rendered":"\/?page_id=71"},"modified":"2021-06-21T15:16:16","modified_gmt":"2021-06-21T14:16:16","slug":"faire-face-aux-emotions","status":"publish","type":"page","link":"https:\/\/www.livingwithnets.com\/fr-be\/vivre-avec-une-tne\/faire-face-aux-emotions\/","title":{"rendered":"Faire face aux \u00e9motions"},"content":{"rendered":"","protected":false},"excerpt":{"rendered":"","protected":false},"author":1,"featured_media":0,"parent":10,"menu_order":2,"comment_status":"closed","ping_status":"closed","template":"template-general-content.php","meta":{"_acf_changed":false,"_monsterinsights_skip_tracking":false,"_monsterinsights_sitenote_active":false,"_monsterinsights_sitenote_note":"","_monsterinsights_sitenote_category":0,"footnotes":""},"class_list":["post-71","page","type-page","status-publish","hentry"],"yoast_head":"<!-- This site is optimized with the Yoast SEO plugin v25.9 - https:\/\/yoast.com\/wordpress\/plugins\/seo\/ -->\n<title>Faire face \u00e9motionnellement: vivre avec une tumeur neuroendocrine (TNE)<\/title>\n<meta name=\"description\" content=\"D\u00e9couvrez comment d&#039;autres ont fait face \u00e0 leur diagnostic de tumeurs neuroendocrines (TNE) ou de cancer neuroendocrinien (cancer carcino\u00efde) et se sont adapt\u00e9s \u00e0 vivre avec les TNE.\" \/>\n<meta name=\"robots\" content=\"index, follow, max-snippet:-1, max-image-preview:large, max-video-preview:-1\" \/>\n<link rel=\"canonical\" href=\"https:\/\/www.livingwithnets.com\/fr-be\/vivre-avec-une-tne\/faire-face-aux-emotions\/\" \/>\n<meta property=\"og:locale\" content=\"fr_FR\" \/>\n<meta property=\"og:type\" content=\"article\" \/>\n<meta property=\"og:title\" content=\"Faire face \u00e9motionnellement: vivre avec une tumeur neuroendocrine (TNE)\" \/>\n<meta property=\"og:description\" content=\"D\u00e9couvrez comment d&#039;autres ont fait face \u00e0 leur diagnostic de tumeurs neuroendocrines (TNE) ou de cancer neuroendocrinien (cancer carcino\u00efde) et se sont adapt\u00e9s \u00e0 vivre avec les TNE.\" \/>\n<meta property=\"og:url\" content=\"https:\/\/www.livingwithnets.com\/fr-be\/vivre-avec-une-tne\/faire-face-aux-emotions\/\" \/>\n<meta property=\"og:site_name\" content=\"Living with NETS - French (Belgium)\" \/>\n<meta property=\"article:modified_time\" content=\"2021-06-21T14:16:16+00:00\" \/>\n<meta name=\"twitter:card\" content=\"summary_large_image\" \/>\n<script type=\"application\/ld+json\" class=\"yoast-schema-graph\">{\"@context\":\"https:\/\/schema.org\",\"@graph\":[{\"@type\":\"WebPage\",\"@id\":\"https:\/\/www.livingwithnets.com\/fr-be\/vivre-avec-une-tne\/faire-face-aux-emotions\/\",\"url\":\"https:\/\/www.livingwithnets.com\/fr-be\/vivre-avec-une-tne\/faire-face-aux-emotions\/\",\"name\":\"Faire face \u00e9motionnellement: vivre avec une tumeur neuroendocrine (TNE)\",\"isPartOf\":{\"@id\":\"https:\/\/www.livingwithnets.com\/fr-be\/#website\"},\"datePublished\":\"2016-07-15T10:18:25+00:00\",\"dateModified\":\"2021-06-21T14:16:16+00:00\",\"description\":\"D\u00e9couvrez comment d'autres ont fait face \u00e0 leur diagnostic de tumeurs neuroendocrines (TNE) ou de cancer neuroendocrinien (cancer carcino\u00efde) et se sont adapt\u00e9s \u00e0 vivre avec les TNE.\",\"breadcrumb\":{\"@id\":\"https:\/\/www.livingwithnets.com\/fr-be\/vivre-avec-une-tne\/faire-face-aux-emotions\/#breadcrumb\"},\"inLanguage\":\"fr-BE\",\"potentialAction\":[{\"@type\":\"ReadAction\",\"target\":[\"https:\/\/www.livingwithnets.com\/fr-be\/vivre-avec-une-tne\/faire-face-aux-emotions\/\"]}]},{\"@type\":\"BreadcrumbList\",\"@id\":\"https:\/\/www.livingwithnets.com\/fr-be\/vivre-avec-une-tne\/faire-face-aux-emotions\/#breadcrumb\",\"itemListElement\":[{\"@type\":\"ListItem\",\"position\":1,\"name\":\"Home\",\"item\":\"https:\/\/www.livingwithnets.com\/fr-be\/\"},{\"@type\":\"ListItem\",\"position\":2,\"name\":\"Vivre avec une TNE\",\"item\":\"https:\/\/www.livingwithnets.com\/fr-be\/vivre-avec-une-tne\/\"},{\"@type\":\"ListItem\",\"position\":3,\"name\":\"Faire face aux \u00e9motions\"}]},{\"@type\":\"WebSite\",\"@id\":\"https:\/\/www.livingwithnets.com\/fr-be\/#website\",\"url\":\"https:\/\/www.livingwithnets.com\/fr-be\/\",\"name\":\"Living with NETS - French (Belgium)\",\"description\":\"Living with NETs - the home of neuroendocrine tumour information and support\",\"potentialAction\":[{\"@type\":\"SearchAction\",\"target\":{\"@type\":\"EntryPoint\",\"urlTemplate\":\"https:\/\/www.livingwithnets.com\/fr-be\/?s={search_term_string}\"},\"query-input\":{\"@type\":\"PropertyValueSpecification\",\"valueRequired\":true,\"valueName\":\"search_term_string\"}}],\"inLanguage\":\"fr-BE\"}]}<\/script>\n<!-- \/ Yoast SEO plugin. -->","yoast_head_json":{"title":"Faire face \u00e9motionnellement: vivre avec une tumeur neuroendocrine (TNE)","description":"D\u00e9couvrez comment d'autres ont fait face \u00e0 leur diagnostic de tumeurs neuroendocrines (TNE) ou de cancer neuroendocrinien (cancer carcino\u00efde) et se sont adapt\u00e9s \u00e0 vivre avec les TNE.","robots":{"index":"index","follow":"follow","max-snippet":"max-snippet:-1","max-image-preview":"max-image-preview:large","max-video-preview":"max-video-preview:-1"},"canonical":"https:\/\/www.livingwithnets.com\/fr-be\/vivre-avec-une-tne\/faire-face-aux-emotions\/","og_locale":"fr_FR","og_type":"article","og_title":"Faire face \u00e9motionnellement: vivre avec une tumeur neuroendocrine (TNE)","og_description":"D\u00e9couvrez comment d'autres ont fait face \u00e0 leur diagnostic de tumeurs neuroendocrines (TNE) ou de cancer neuroendocrinien (cancer carcino\u00efde) et se sont adapt\u00e9s \u00e0 vivre avec les TNE.","og_url":"https:\/\/www.livingwithnets.com\/fr-be\/vivre-avec-une-tne\/faire-face-aux-emotions\/","og_site_name":"Living with NETS - French (Belgium)","article_modified_time":"2021-06-21T14:16:16+00:00","twitter_card":"summary_large_image","schema":{"@context":"https:\/\/schema.org","@graph":[{"@type":"WebPage","@id":"https:\/\/www.livingwithnets.com\/fr-be\/vivre-avec-une-tne\/faire-face-aux-emotions\/","url":"https:\/\/www.livingwithnets.com\/fr-be\/vivre-avec-une-tne\/faire-face-aux-emotions\/","name":"Faire face \u00e9motionnellement: vivre avec une tumeur neuroendocrine (TNE)","isPartOf":{"@id":"https:\/\/www.livingwithnets.com\/fr-be\/#website"},"datePublished":"2016-07-15T10:18:25+00:00","dateModified":"2021-06-21T14:16:16+00:00","description":"D\u00e9couvrez comment d'autres ont fait face \u00e0 leur diagnostic de tumeurs neuroendocrines (TNE) ou de cancer neuroendocrinien (cancer carcino\u00efde) et se sont adapt\u00e9s \u00e0 vivre avec les TNE.","breadcrumb":{"@id":"https:\/\/www.livingwithnets.com\/fr-be\/vivre-avec-une-tne\/faire-face-aux-emotions\/#breadcrumb"},"inLanguage":"fr-BE","potentialAction":[{"@type":"ReadAction","target":["https:\/\/www.livingwithnets.com\/fr-be\/vivre-avec-une-tne\/faire-face-aux-emotions\/"]}]},{"@type":"BreadcrumbList","@id":"https:\/\/www.livingwithnets.com\/fr-be\/vivre-avec-une-tne\/faire-face-aux-emotions\/#breadcrumb","itemListElement":[{"@type":"ListItem","position":1,"name":"Home","item":"https:\/\/www.livingwithnets.com\/fr-be\/"},{"@type":"ListItem","position":2,"name":"Vivre avec une TNE","item":"https:\/\/www.livingwithnets.com\/fr-be\/vivre-avec-une-tne\/"},{"@type":"ListItem","position":3,"name":"Faire face aux \u00e9motions"}]},{"@type":"WebSite","@id":"https:\/\/www.livingwithnets.com\/fr-be\/#website","url":"https:\/\/www.livingwithnets.com\/fr-be\/","name":"Living with NETS - French (Belgium)","description":"Living with NETs - the home of neuroendocrine tumour information and support","potentialAction":[{"@type":"SearchAction","target":{"@type":"EntryPoint","urlTemplate":"https:\/\/www.livingwithnets.com\/fr-be\/?s={search_term_string}"},"query-input":{"@type":"PropertyValueSpecification","valueRequired":true,"valueName":"search_term_string"}}],"inLanguage":"fr-BE"}]}},"acf":[],"_links":{"self":[{"href":"https:\/\/www.livingwithnets.com\/fr-be\/wp-json\/wp\/v2\/pages\/71","targetHints":{"allow":["GET"]}}],"collection":[{"href":"https:\/\/www.livingwithnets.com\/fr-be\/wp-json\/wp\/v2\/pages"}],"about":[{"href":"https:\/\/www.livingwithnets.com\/fr-be\/wp-json\/wp\/v2\/types\/page"}],"author":[{"embeddable":true,"href":"https:\/\/www.livingwithnets.com\/fr-be\/wp-json\/wp\/v2\/users\/1"}],"replies":[{"embeddable":true,"href":"https:\/\/www.livingwithnets.com\/fr-be\/wp-json\/wp\/v2\/comments?post=71"}],"version-history":[{"count":5,"href":"https:\/\/www.livingwithnets.com\/fr-be\/wp-json\/wp\/v2\/pages\/71\/revisions"}],"predecessor-version":[{"id":5487,"href":"https:\/\/www.livingwithnets.com\/fr-be\/wp-json\/wp\/v2\/pages\/71\/revisions\/5487"}],"up":[{"embeddable":true,"href":"https:\/\/www.livingwithnets.com\/fr-be\/wp-json\/wp\/v2\/pages\/10"}],"wp:attachment":[{"href":"https:\/\/www.livingwithnets.com\/fr-be\/wp-json\/wp\/v2\/media?parent=71"}],"curies":[{"name":"wp","href":"https:\/\/api.w.org\/{rel}","templated":true}]}}