{"id":49,"date":"2016-07-14T17:00:36","date_gmt":"2016-07-14T16:00:36","guid":{"rendered":"\/?page_id=49"},"modified":"2021-07-07T16:27:19","modified_gmt":"2021-07-07T15:27:19","slug":"methodes-dimagerie","status":"publish","type":"page","link":"https:\/\/www.livingwithnets.com\/fr-be\/a-propos-des-tne\/diagnostiquer-les-tne\/methodes-dimagerie\/","title":{"rendered":"M\u00e9thodes d\u2019imagerie"},"content":{"rendered":"","protected":false},"excerpt":{"rendered":"","protected":false},"author":1,"featured_media":0,"parent":19,"menu_order":3,"comment_status":"closed","ping_status":"closed","template":"template-general-content.php","meta":{"_acf_changed":false,"_monsterinsights_skip_tracking":false,"_monsterinsights_sitenote_active":false,"_monsterinsights_sitenote_note":"","_monsterinsights_sitenote_category":0,"footnotes":""},"class_list":["post-49","page","type-page","status-publish","hentry"],"yoast_head":"<!-- This site is optimized with the Yoast SEO plugin v25.9 - https:\/\/yoast.com\/wordpress\/plugins\/seo\/ -->\n<title>M\u00e9thodes d&#039;imagerie: diagnostic des tumeurs neuroendocrines (TNE)<\/title>\n<meta name=\"description\" content=\"Des m\u00e9thodes d&#039;imagerie telles que les tomodensitogrammes, les IRM et les TEP peuvent \u00eatre utilis\u00e9es pour diagnostiquer les tumeurs neuroendocrines (TNE).\" \/>\n<meta name=\"robots\" content=\"index, follow, max-snippet:-1, max-image-preview:large, max-video-preview:-1\" \/>\n<link rel=\"canonical\" href=\"https:\/\/www.livingwithnets.com\/fr-be\/a-propos-des-tne\/diagnostiquer-les-tne\/methodes-dimagerie\/\" \/>\n<meta property=\"og:locale\" content=\"fr_FR\" \/>\n<meta property=\"og:type\" content=\"article\" \/>\n<meta property=\"og:title\" content=\"M\u00e9thodes d&#039;imagerie: diagnostic des tumeurs neuroendocrines (TNE)\" \/>\n<meta property=\"og:description\" content=\"Des m\u00e9thodes d&#039;imagerie telles que les tomodensitogrammes, les IRM et les TEP peuvent \u00eatre utilis\u00e9es pour diagnostiquer les tumeurs neuroendocrines (TNE).\" \/>\n<meta property=\"og:url\" content=\"https:\/\/www.livingwithnets.com\/fr-be\/a-propos-des-tne\/diagnostiquer-les-tne\/methodes-dimagerie\/\" \/>\n<meta property=\"og:site_name\" content=\"Living with NETS - French (Belgium)\" \/>\n<meta property=\"article:modified_time\" content=\"2021-07-07T15:27:19+00:00\" \/>\n<meta name=\"twitter:card\" content=\"summary_large_image\" \/>\n<script type=\"application\/ld+json\" class=\"yoast-schema-graph\">{\"@context\":\"https:\/\/schema.org\",\"@graph\":[{\"@type\":\"WebPage\",\"@id\":\"https:\/\/www.livingwithnets.com\/fr-be\/a-propos-des-tne\/diagnostiquer-les-tne\/methodes-dimagerie\/\",\"url\":\"https:\/\/www.livingwithnets.com\/fr-be\/a-propos-des-tne\/diagnostiquer-les-tne\/methodes-dimagerie\/\",\"name\":\"M\u00e9thodes d'imagerie: diagnostic des tumeurs neuroendocrines (TNE)\",\"isPartOf\":{\"@id\":\"https:\/\/www.livingwithnets.com\/fr-be\/#website\"},\"datePublished\":\"2016-07-14T16:00:36+00:00\",\"dateModified\":\"2021-07-07T15:27:19+00:00\",\"description\":\"Des m\u00e9thodes d'imagerie telles que les tomodensitogrammes, les IRM et les TEP peuvent \u00eatre utilis\u00e9es pour diagnostiquer les tumeurs neuroendocrines (TNE).\",\"breadcrumb\":{\"@id\":\"https:\/\/www.livingwithnets.com\/fr-be\/a-propos-des-tne\/diagnostiquer-les-tne\/methodes-dimagerie\/#breadcrumb\"},\"inLanguage\":\"fr-BE\",\"potentialAction\":[{\"@type\":\"ReadAction\",\"target\":[\"https:\/\/www.livingwithnets.com\/fr-be\/a-propos-des-tne\/diagnostiquer-les-tne\/methodes-dimagerie\/\"]}]},{\"@type\":\"BreadcrumbList\",\"@id\":\"https:\/\/www.livingwithnets.com\/fr-be\/a-propos-des-tne\/diagnostiquer-les-tne\/methodes-dimagerie\/#breadcrumb\",\"itemListElement\":[{\"@type\":\"ListItem\",\"position\":1,\"name\":\"Home\",\"item\":\"https:\/\/www.livingwithnets.com\/fr-be\/\"},{\"@type\":\"ListItem\",\"position\":2,\"name\":\"\u00c0 propos des TNE\",\"item\":\"https:\/\/www.livingwithnets.com\/fr-be\/a-propos-des-tne\/\"},{\"@type\":\"ListItem\",\"position\":3,\"name\":\"Diagnostiquer les TNE\",\"item\":\"https:\/\/www.livingwithnets.com\/fr-be\/a-propos-des-tne\/diagnostiquer-les-tne\/\"},{\"@type\":\"ListItem\",\"position\":4,\"name\":\"M\u00e9thodes d\u2019imagerie\"}]},{\"@type\":\"WebSite\",\"@id\":\"https:\/\/www.livingwithnets.com\/fr-be\/#website\",\"url\":\"https:\/\/www.livingwithnets.com\/fr-be\/\",\"name\":\"Living with NETS - French (Belgium)\",\"description\":\"Living with NETs - the home of neuroendocrine tumour information and support\",\"potentialAction\":[{\"@type\":\"SearchAction\",\"target\":{\"@type\":\"EntryPoint\",\"urlTemplate\":\"https:\/\/www.livingwithnets.com\/fr-be\/?s={search_term_string}\"},\"query-input\":{\"@type\":\"PropertyValueSpecification\",\"valueRequired\":true,\"valueName\":\"search_term_string\"}}],\"inLanguage\":\"fr-BE\"}]}<\/script>\n<!-- \/ Yoast SEO plugin. -->","yoast_head_json":{"title":"M\u00e9thodes d'imagerie: diagnostic des tumeurs neuroendocrines (TNE)","description":"Des m\u00e9thodes d'imagerie telles que les tomodensitogrammes, les IRM et les TEP peuvent \u00eatre utilis\u00e9es pour diagnostiquer les tumeurs neuroendocrines (TNE).","robots":{"index":"index","follow":"follow","max-snippet":"max-snippet:-1","max-image-preview":"max-image-preview:large","max-video-preview":"max-video-preview:-1"},"canonical":"https:\/\/www.livingwithnets.com\/fr-be\/a-propos-des-tne\/diagnostiquer-les-tne\/methodes-dimagerie\/","og_locale":"fr_FR","og_type":"article","og_title":"M\u00e9thodes d'imagerie: diagnostic des tumeurs neuroendocrines (TNE)","og_description":"Des m\u00e9thodes d'imagerie telles que les tomodensitogrammes, les IRM et les TEP peuvent \u00eatre utilis\u00e9es pour diagnostiquer les tumeurs neuroendocrines (TNE).","og_url":"https:\/\/www.livingwithnets.com\/fr-be\/a-propos-des-tne\/diagnostiquer-les-tne\/methodes-dimagerie\/","og_site_name":"Living with NETS - French (Belgium)","article_modified_time":"2021-07-07T15:27:19+00:00","twitter_card":"summary_large_image","schema":{"@context":"https:\/\/schema.org","@graph":[{"@type":"WebPage","@id":"https:\/\/www.livingwithnets.com\/fr-be\/a-propos-des-tne\/diagnostiquer-les-tne\/methodes-dimagerie\/","url":"https:\/\/www.livingwithnets.com\/fr-be\/a-propos-des-tne\/diagnostiquer-les-tne\/methodes-dimagerie\/","name":"M\u00e9thodes d'imagerie: diagnostic des tumeurs neuroendocrines (TNE)","isPartOf":{"@id":"https:\/\/www.livingwithnets.com\/fr-be\/#website"},"datePublished":"2016-07-14T16:00:36+00:00","dateModified":"2021-07-07T15:27:19+00:00","description":"Des m\u00e9thodes d'imagerie telles que les tomodensitogrammes, les IRM et les TEP peuvent \u00eatre utilis\u00e9es pour diagnostiquer les tumeurs neuroendocrines (TNE).","breadcrumb":{"@id":"https:\/\/www.livingwithnets.com\/fr-be\/a-propos-des-tne\/diagnostiquer-les-tne\/methodes-dimagerie\/#breadcrumb"},"inLanguage":"fr-BE","potentialAction":[{"@type":"ReadAction","target":["https:\/\/www.livingwithnets.com\/fr-be\/a-propos-des-tne\/diagnostiquer-les-tne\/methodes-dimagerie\/"]}]},{"@type":"BreadcrumbList","@id":"https:\/\/www.livingwithnets.com\/fr-be\/a-propos-des-tne\/diagnostiquer-les-tne\/methodes-dimagerie\/#breadcrumb","itemListElement":[{"@type":"ListItem","position":1,"name":"Home","item":"https:\/\/www.livingwithnets.com\/fr-be\/"},{"@type":"ListItem","position":2,"name":"\u00c0 propos des TNE","item":"https:\/\/www.livingwithnets.com\/fr-be\/a-propos-des-tne\/"},{"@type":"ListItem","position":3,"name":"Diagnostiquer les TNE","item":"https:\/\/www.livingwithnets.com\/fr-be\/a-propos-des-tne\/diagnostiquer-les-tne\/"},{"@type":"ListItem","position":4,"name":"M\u00e9thodes d\u2019imagerie"}]},{"@type":"WebSite","@id":"https:\/\/www.livingwithnets.com\/fr-be\/#website","url":"https:\/\/www.livingwithnets.com\/fr-be\/","name":"Living with NETS - French (Belgium)","description":"Living with NETs - the home of neuroendocrine tumour information and support","potentialAction":[{"@type":"SearchAction","target":{"@type":"EntryPoint","urlTemplate":"https:\/\/www.livingwithnets.com\/fr-be\/?s={search_term_string}"},"query-input":{"@type":"PropertyValueSpecification","valueRequired":true,"valueName":"search_term_string"}}],"inLanguage":"fr-BE"}]}},"acf":[],"_links":{"self":[{"href":"https:\/\/www.livingwithnets.com\/fr-be\/wp-json\/wp\/v2\/pages\/49","targetHints":{"allow":["GET"]}}],"collection":[{"href":"https:\/\/www.livingwithnets.com\/fr-be\/wp-json\/wp\/v2\/pages"}],"about":[{"href":"https:\/\/www.livingwithnets.com\/fr-be\/wp-json\/wp\/v2\/types\/page"}],"author":[{"embeddable":true,"href":"https:\/\/www.livingwithnets.com\/fr-be\/wp-json\/wp\/v2\/users\/1"}],"replies":[{"embeddable":true,"href":"https:\/\/www.livingwithnets.com\/fr-be\/wp-json\/wp\/v2\/comments?post=49"}],"version-history":[{"count":6,"href":"https:\/\/www.livingwithnets.com\/fr-be\/wp-json\/wp\/v2\/pages\/49\/revisions"}],"predecessor-version":[{"id":5519,"href":"https:\/\/www.livingwithnets.com\/fr-be\/wp-json\/wp\/v2\/pages\/49\/revisions\/5519"}],"up":[{"embeddable":true,"href":"https:\/\/www.livingwithnets.com\/fr-be\/wp-json\/wp\/v2\/pages\/19"}],"wp:attachment":[{"href":"https:\/\/www.livingwithnets.com\/fr-be\/wp-json\/wp\/v2\/media?parent=49"}],"curies":[{"name":"wp","href":"https:\/\/api.w.org\/{rel}","templated":true}]}}