{"id":39,"date":"2016-07-14T16:36:47","date_gmt":"2016-07-14T15:36:47","guid":{"rendered":"\/?page_id=39"},"modified":"2021-06-27T22:48:09","modified_gmt":"2021-06-27T21:48:09","slug":"votre-equipe-de-soins","status":"publish","type":"page","link":"https:\/\/www.livingwithnets.com\/fr-be\/a-propos-des-tne\/en-savoir-plus-sur-les-tne\/votre-equipe-de-soins\/","title":{"rendered":"Votre \u00e9quipe de soins"},"content":{"rendered":"","protected":false},"excerpt":{"rendered":"","protected":false},"author":1,"featured_media":0,"parent":17,"menu_order":7,"comment_status":"closed","ping_status":"closed","template":"template-general-content.php","meta":{"_acf_changed":false,"_monsterinsights_skip_tracking":false,"_monsterinsights_sitenote_active":false,"_monsterinsights_sitenote_note":"","_monsterinsights_sitenote_category":0,"footnotes":""},"class_list":["post-39","page","type-page","status-publish","hentry"],"yoast_head":"<!-- This site is optimized with the Yoast SEO plugin v25.9 - https:\/\/yoast.com\/wordpress\/plugins\/seo\/ -->\n<title>L&#039;\u00e9quipe de soins multidisciplinaire: \u00e0 propos des tumeurs neuroendocrines (TNE)<\/title>\n<meta name=\"description\" content=\"Renseignez-vous sur les m\u00e9decins sp\u00e9cialistes et les professionnels de la sant\u00e9 qui diagnostiquent et traitent les tumeurs neuroendocrines (TNE) et le carcinome neuroendocrinien (NEC).\" \/>\n<meta name=\"robots\" content=\"index, follow, max-snippet:-1, max-image-preview:large, max-video-preview:-1\" \/>\n<link rel=\"canonical\" href=\"https:\/\/www.livingwithnets.com\/fr-be\/a-propos-des-tne\/en-savoir-plus-sur-les-tne\/votre-equipe-de-soins\/\" \/>\n<meta property=\"og:locale\" content=\"fr_FR\" \/>\n<meta property=\"og:type\" content=\"article\" \/>\n<meta property=\"og:title\" content=\"L&#039;\u00e9quipe de soins multidisciplinaire: \u00e0 propos des tumeurs neuroendocrines (TNE)\" \/>\n<meta property=\"og:description\" content=\"Renseignez-vous sur les m\u00e9decins sp\u00e9cialistes et les professionnels de la sant\u00e9 qui diagnostiquent et traitent les tumeurs neuroendocrines (TNE) et le carcinome neuroendocrinien (NEC).\" \/>\n<meta property=\"og:url\" content=\"https:\/\/www.livingwithnets.com\/fr-be\/a-propos-des-tne\/en-savoir-plus-sur-les-tne\/votre-equipe-de-soins\/\" \/>\n<meta property=\"og:site_name\" content=\"Living with NETS - French (Belgium)\" \/>\n<meta property=\"article:modified_time\" content=\"2021-06-27T21:48:09+00:00\" \/>\n<meta name=\"twitter:card\" content=\"summary_large_image\" \/>\n<script type=\"application\/ld+json\" class=\"yoast-schema-graph\">{\"@context\":\"https:\/\/schema.org\",\"@graph\":[{\"@type\":\"WebPage\",\"@id\":\"https:\/\/www.livingwithnets.com\/fr-be\/a-propos-des-tne\/en-savoir-plus-sur-les-tne\/votre-equipe-de-soins\/\",\"url\":\"https:\/\/www.livingwithnets.com\/fr-be\/a-propos-des-tne\/en-savoir-plus-sur-les-tne\/votre-equipe-de-soins\/\",\"name\":\"L'\u00e9quipe de soins multidisciplinaire: \u00e0 propos des tumeurs neuroendocrines (TNE)\",\"isPartOf\":{\"@id\":\"https:\/\/www.livingwithnets.com\/fr-be\/#website\"},\"datePublished\":\"2016-07-14T15:36:47+00:00\",\"dateModified\":\"2021-06-27T21:48:09+00:00\",\"description\":\"Renseignez-vous sur les m\u00e9decins sp\u00e9cialistes et les professionnels de la sant\u00e9 qui diagnostiquent et traitent les tumeurs neuroendocrines (TNE) et le carcinome neuroendocrinien (NEC).\",\"breadcrumb\":{\"@id\":\"https:\/\/www.livingwithnets.com\/fr-be\/a-propos-des-tne\/en-savoir-plus-sur-les-tne\/votre-equipe-de-soins\/#breadcrumb\"},\"inLanguage\":\"fr-BE\",\"potentialAction\":[{\"@type\":\"ReadAction\",\"target\":[\"https:\/\/www.livingwithnets.com\/fr-be\/a-propos-des-tne\/en-savoir-plus-sur-les-tne\/votre-equipe-de-soins\/\"]}]},{\"@type\":\"BreadcrumbList\",\"@id\":\"https:\/\/www.livingwithnets.com\/fr-be\/a-propos-des-tne\/en-savoir-plus-sur-les-tne\/votre-equipe-de-soins\/#breadcrumb\",\"itemListElement\":[{\"@type\":\"ListItem\",\"position\":1,\"name\":\"Home\",\"item\":\"https:\/\/www.livingwithnets.com\/fr-be\/\"},{\"@type\":\"ListItem\",\"position\":2,\"name\":\"\u00c0 propos des TNE\",\"item\":\"https:\/\/www.livingwithnets.com\/fr-be\/a-propos-des-tne\/\"},{\"@type\":\"ListItem\",\"position\":3,\"name\":\"En savoir plus sur les TNE\",\"item\":\"https:\/\/www.livingwithnets.com\/fr-be\/a-propos-des-tne\/en-savoir-plus-sur-les-tne\/\"},{\"@type\":\"ListItem\",\"position\":4,\"name\":\"Votre \u00e9quipe de soins\"}]},{\"@type\":\"WebSite\",\"@id\":\"https:\/\/www.livingwithnets.com\/fr-be\/#website\",\"url\":\"https:\/\/www.livingwithnets.com\/fr-be\/\",\"name\":\"Living with NETS - French (Belgium)\",\"description\":\"Living with NETs - the home of neuroendocrine tumour information and support\",\"potentialAction\":[{\"@type\":\"SearchAction\",\"target\":{\"@type\":\"EntryPoint\",\"urlTemplate\":\"https:\/\/www.livingwithnets.com\/fr-be\/?s={search_term_string}\"},\"query-input\":{\"@type\":\"PropertyValueSpecification\",\"valueRequired\":true,\"valueName\":\"search_term_string\"}}],\"inLanguage\":\"fr-BE\"}]}<\/script>\n<!-- \/ Yoast SEO plugin. -->","yoast_head_json":{"title":"L'\u00e9quipe de soins multidisciplinaire: \u00e0 propos des tumeurs neuroendocrines (TNE)","description":"Renseignez-vous sur les m\u00e9decins sp\u00e9cialistes et les professionnels de la sant\u00e9 qui diagnostiquent et traitent les tumeurs neuroendocrines (TNE) et le carcinome neuroendocrinien (NEC).","robots":{"index":"index","follow":"follow","max-snippet":"max-snippet:-1","max-image-preview":"max-image-preview:large","max-video-preview":"max-video-preview:-1"},"canonical":"https:\/\/www.livingwithnets.com\/fr-be\/a-propos-des-tne\/en-savoir-plus-sur-les-tne\/votre-equipe-de-soins\/","og_locale":"fr_FR","og_type":"article","og_title":"L'\u00e9quipe de soins multidisciplinaire: \u00e0 propos des tumeurs neuroendocrines (TNE)","og_description":"Renseignez-vous sur les m\u00e9decins sp\u00e9cialistes et les professionnels de la sant\u00e9 qui diagnostiquent et traitent les tumeurs neuroendocrines (TNE) et le carcinome neuroendocrinien (NEC).","og_url":"https:\/\/www.livingwithnets.com\/fr-be\/a-propos-des-tne\/en-savoir-plus-sur-les-tne\/votre-equipe-de-soins\/","og_site_name":"Living with NETS - French (Belgium)","article_modified_time":"2021-06-27T21:48:09+00:00","twitter_card":"summary_large_image","schema":{"@context":"https:\/\/schema.org","@graph":[{"@type":"WebPage","@id":"https:\/\/www.livingwithnets.com\/fr-be\/a-propos-des-tne\/en-savoir-plus-sur-les-tne\/votre-equipe-de-soins\/","url":"https:\/\/www.livingwithnets.com\/fr-be\/a-propos-des-tne\/en-savoir-plus-sur-les-tne\/votre-equipe-de-soins\/","name":"L'\u00e9quipe de soins multidisciplinaire: \u00e0 propos des tumeurs neuroendocrines (TNE)","isPartOf":{"@id":"https:\/\/www.livingwithnets.com\/fr-be\/#website"},"datePublished":"2016-07-14T15:36:47+00:00","dateModified":"2021-06-27T21:48:09+00:00","description":"Renseignez-vous sur les m\u00e9decins sp\u00e9cialistes et les professionnels de la sant\u00e9 qui diagnostiquent et traitent les tumeurs neuroendocrines (TNE) et le carcinome neuroendocrinien (NEC).","breadcrumb":{"@id":"https:\/\/www.livingwithnets.com\/fr-be\/a-propos-des-tne\/en-savoir-plus-sur-les-tne\/votre-equipe-de-soins\/#breadcrumb"},"inLanguage":"fr-BE","potentialAction":[{"@type":"ReadAction","target":["https:\/\/www.livingwithnets.com\/fr-be\/a-propos-des-tne\/en-savoir-plus-sur-les-tne\/votre-equipe-de-soins\/"]}]},{"@type":"BreadcrumbList","@id":"https:\/\/www.livingwithnets.com\/fr-be\/a-propos-des-tne\/en-savoir-plus-sur-les-tne\/votre-equipe-de-soins\/#breadcrumb","itemListElement":[{"@type":"ListItem","position":1,"name":"Home","item":"https:\/\/www.livingwithnets.com\/fr-be\/"},{"@type":"ListItem","position":2,"name":"\u00c0 propos des TNE","item":"https:\/\/www.livingwithnets.com\/fr-be\/a-propos-des-tne\/"},{"@type":"ListItem","position":3,"name":"En savoir plus sur les TNE","item":"https:\/\/www.livingwithnets.com\/fr-be\/a-propos-des-tne\/en-savoir-plus-sur-les-tne\/"},{"@type":"ListItem","position":4,"name":"Votre \u00e9quipe de soins"}]},{"@type":"WebSite","@id":"https:\/\/www.livingwithnets.com\/fr-be\/#website","url":"https:\/\/www.livingwithnets.com\/fr-be\/","name":"Living with NETS - French (Belgium)","description":"Living with NETs - the home of neuroendocrine tumour information and support","potentialAction":[{"@type":"SearchAction","target":{"@type":"EntryPoint","urlTemplate":"https:\/\/www.livingwithnets.com\/fr-be\/?s={search_term_string}"},"query-input":{"@type":"PropertyValueSpecification","valueRequired":true,"valueName":"search_term_string"}}],"inLanguage":"fr-BE"}]}},"acf":[],"_links":{"self":[{"href":"https:\/\/www.livingwithnets.com\/fr-be\/wp-json\/wp\/v2\/pages\/39","targetHints":{"allow":["GET"]}}],"collection":[{"href":"https:\/\/www.livingwithnets.com\/fr-be\/wp-json\/wp\/v2\/pages"}],"about":[{"href":"https:\/\/www.livingwithnets.com\/fr-be\/wp-json\/wp\/v2\/types\/page"}],"author":[{"embeddable":true,"href":"https:\/\/www.livingwithnets.com\/fr-be\/wp-json\/wp\/v2\/users\/1"}],"replies":[{"embeddable":true,"href":"https:\/\/www.livingwithnets.com\/fr-be\/wp-json\/wp\/v2\/comments?post=39"}],"version-history":[{"count":6,"href":"https:\/\/www.livingwithnets.com\/fr-be\/wp-json\/wp\/v2\/pages\/39\/revisions"}],"predecessor-version":[{"id":5506,"href":"https:\/\/www.livingwithnets.com\/fr-be\/wp-json\/wp\/v2\/pages\/39\/revisions\/5506"}],"up":[{"embeddable":true,"href":"https:\/\/www.livingwithnets.com\/fr-be\/wp-json\/wp\/v2\/pages\/17"}],"wp:attachment":[{"href":"https:\/\/www.livingwithnets.com\/fr-be\/wp-json\/wp\/v2\/media?parent=39"}],"curies":[{"name":"wp","href":"https:\/\/api.w.org\/{rel}","templated":true}]}}