{"id":3168,"date":"2016-10-29T17:21:28","date_gmt":"2016-10-29T16:21:28","guid":{"rendered":"http:\/\/be-fr.dev-live.livingwithnets.com\/?page_id=3168"},"modified":"2021-11-17T10:58:10","modified_gmt":"2021-11-17T10:58:10","slug":"a-propos-de-ce-site-web","status":"publish","type":"page","link":"https:\/\/www.livingwithnets.com\/fr-be\/a-propos-de-ce-site-web\/","title":{"rendered":"\u00c0 propos de ce site Web"},"content":{"rendered":"","protected":false},"excerpt":{"rendered":"","protected":false},"author":3,"featured_media":0,"parent":0,"menu_order":0,"comment_status":"closed","ping_status":"closed","template":"template-general-content.php","meta":{"_acf_changed":false,"_monsterinsights_skip_tracking":false,"_monsterinsights_sitenote_active":false,"_monsterinsights_sitenote_note":"","_monsterinsights_sitenote_category":0,"footnotes":""},"class_list":["post-3168","page","type-page","status-publish","hentry"],"yoast_head":"<!-- This site is optimized with the Yoast SEO plugin v25.9 - https:\/\/yoast.com\/wordpress\/plugins\/seo\/ -->\n<title>\u00c0 propos de \u00ab Vivre avec une TNE\u00bb: informations et soutien sur les tumeurs neuroendocrines<\/title>\n<meta name=\"description\" content=\"Pour les patients atteints de cancer neuroendocrinien, \u00e9galement connu sous le nom de tumeurs neuroendocrines (TNE) ou n\u00e9oplasies neuroendocrines (NEN), anciennement tumeurs carcino\u00efdes.\" \/>\n<meta name=\"robots\" content=\"index, follow, max-snippet:-1, max-image-preview:large, max-video-preview:-1\" \/>\n<link rel=\"canonical\" href=\"https:\/\/www.livingwithnets.com\/fr-be\/a-propos-de-ce-site-web\/\" \/>\n<meta property=\"og:locale\" content=\"fr_FR\" \/>\n<meta property=\"og:type\" content=\"article\" \/>\n<meta property=\"og:title\" content=\"\u00c0 propos de \u00ab Vivre avec une TNE\u00bb: informations et soutien sur les tumeurs neuroendocrines\" \/>\n<meta property=\"og:description\" content=\"Pour les patients atteints de cancer neuroendocrinien, \u00e9galement connu sous le nom de tumeurs neuroendocrines (TNE) ou n\u00e9oplasies neuroendocrines (NEN), anciennement tumeurs carcino\u00efdes.\" \/>\n<meta property=\"og:url\" content=\"https:\/\/www.livingwithnets.com\/fr-be\/a-propos-de-ce-site-web\/\" \/>\n<meta property=\"og:site_name\" content=\"Living with NETS - French (Belgium)\" \/>\n<meta property=\"article:modified_time\" content=\"2021-11-17T10:58:10+00:00\" \/>\n<meta name=\"twitter:card\" content=\"summary_large_image\" \/>\n<script type=\"application\/ld+json\" class=\"yoast-schema-graph\">{\"@context\":\"https:\/\/schema.org\",\"@graph\":[{\"@type\":\"WebPage\",\"@id\":\"https:\/\/www.livingwithnets.com\/fr-be\/a-propos-de-ce-site-web\/\",\"url\":\"https:\/\/www.livingwithnets.com\/fr-be\/a-propos-de-ce-site-web\/\",\"name\":\"\u00c0 propos de \u00ab Vivre avec une TNE\u00bb: informations et soutien sur les tumeurs neuroendocrines\",\"isPartOf\":{\"@id\":\"https:\/\/www.livingwithnets.com\/fr-be\/#website\"},\"datePublished\":\"2016-10-29T16:21:28+00:00\",\"dateModified\":\"2021-11-17T10:58:10+00:00\",\"description\":\"Pour les patients atteints de cancer neuroendocrinien, \u00e9galement connu sous le nom de tumeurs neuroendocrines (TNE) ou n\u00e9oplasies neuroendocrines (NEN), anciennement tumeurs carcino\u00efdes.\",\"breadcrumb\":{\"@id\":\"https:\/\/www.livingwithnets.com\/fr-be\/a-propos-de-ce-site-web\/#breadcrumb\"},\"inLanguage\":\"fr-BE\",\"potentialAction\":[{\"@type\":\"ReadAction\",\"target\":[\"https:\/\/www.livingwithnets.com\/fr-be\/a-propos-de-ce-site-web\/\"]}]},{\"@type\":\"BreadcrumbList\",\"@id\":\"https:\/\/www.livingwithnets.com\/fr-be\/a-propos-de-ce-site-web\/#breadcrumb\",\"itemListElement\":[{\"@type\":\"ListItem\",\"position\":1,\"name\":\"Home\",\"item\":\"https:\/\/www.livingwithnets.com\/fr-be\/\"},{\"@type\":\"ListItem\",\"position\":2,\"name\":\"\u00c0 propos de ce site Web\"}]},{\"@type\":\"WebSite\",\"@id\":\"https:\/\/www.livingwithnets.com\/fr-be\/#website\",\"url\":\"https:\/\/www.livingwithnets.com\/fr-be\/\",\"name\":\"Living with NETS - French (Belgium)\",\"description\":\"Living with NETs - the home of neuroendocrine tumour information and support\",\"potentialAction\":[{\"@type\":\"SearchAction\",\"target\":{\"@type\":\"EntryPoint\",\"urlTemplate\":\"https:\/\/www.livingwithnets.com\/fr-be\/?s={search_term_string}\"},\"query-input\":{\"@type\":\"PropertyValueSpecification\",\"valueRequired\":true,\"valueName\":\"search_term_string\"}}],\"inLanguage\":\"fr-BE\"}]}<\/script>\n<!-- \/ Yoast SEO plugin. -->","yoast_head_json":{"title":"\u00c0 propos de \u00ab Vivre avec une TNE\u00bb: informations et soutien sur les tumeurs neuroendocrines","description":"Pour les patients atteints de cancer neuroendocrinien, \u00e9galement connu sous le nom de tumeurs neuroendocrines (TNE) ou n\u00e9oplasies neuroendocrines (NEN), anciennement tumeurs carcino\u00efdes.","robots":{"index":"index","follow":"follow","max-snippet":"max-snippet:-1","max-image-preview":"max-image-preview:large","max-video-preview":"max-video-preview:-1"},"canonical":"https:\/\/www.livingwithnets.com\/fr-be\/a-propos-de-ce-site-web\/","og_locale":"fr_FR","og_type":"article","og_title":"\u00c0 propos de \u00ab Vivre avec une TNE\u00bb: informations et soutien sur les tumeurs neuroendocrines","og_description":"Pour les patients atteints de cancer neuroendocrinien, \u00e9galement connu sous le nom de tumeurs neuroendocrines (TNE) ou n\u00e9oplasies neuroendocrines (NEN), anciennement tumeurs carcino\u00efdes.","og_url":"https:\/\/www.livingwithnets.com\/fr-be\/a-propos-de-ce-site-web\/","og_site_name":"Living with NETS - French (Belgium)","article_modified_time":"2021-11-17T10:58:10+00:00","twitter_card":"summary_large_image","schema":{"@context":"https:\/\/schema.org","@graph":[{"@type":"WebPage","@id":"https:\/\/www.livingwithnets.com\/fr-be\/a-propos-de-ce-site-web\/","url":"https:\/\/www.livingwithnets.com\/fr-be\/a-propos-de-ce-site-web\/","name":"\u00c0 propos de \u00ab Vivre avec une TNE\u00bb: informations et soutien sur les tumeurs neuroendocrines","isPartOf":{"@id":"https:\/\/www.livingwithnets.com\/fr-be\/#website"},"datePublished":"2016-10-29T16:21:28+00:00","dateModified":"2021-11-17T10:58:10+00:00","description":"Pour les patients atteints de cancer neuroendocrinien, \u00e9galement connu sous le nom de tumeurs neuroendocrines (TNE) ou n\u00e9oplasies neuroendocrines (NEN), anciennement tumeurs carcino\u00efdes.","breadcrumb":{"@id":"https:\/\/www.livingwithnets.com\/fr-be\/a-propos-de-ce-site-web\/#breadcrumb"},"inLanguage":"fr-BE","potentialAction":[{"@type":"ReadAction","target":["https:\/\/www.livingwithnets.com\/fr-be\/a-propos-de-ce-site-web\/"]}]},{"@type":"BreadcrumbList","@id":"https:\/\/www.livingwithnets.com\/fr-be\/a-propos-de-ce-site-web\/#breadcrumb","itemListElement":[{"@type":"ListItem","position":1,"name":"Home","item":"https:\/\/www.livingwithnets.com\/fr-be\/"},{"@type":"ListItem","position":2,"name":"\u00c0 propos de ce site Web"}]},{"@type":"WebSite","@id":"https:\/\/www.livingwithnets.com\/fr-be\/#website","url":"https:\/\/www.livingwithnets.com\/fr-be\/","name":"Living with NETS - French (Belgium)","description":"Living with NETs - the home of neuroendocrine tumour information and support","potentialAction":[{"@type":"SearchAction","target":{"@type":"EntryPoint","urlTemplate":"https:\/\/www.livingwithnets.com\/fr-be\/?s={search_term_string}"},"query-input":{"@type":"PropertyValueSpecification","valueRequired":true,"valueName":"search_term_string"}}],"inLanguage":"fr-BE"}]}},"acf":[],"_links":{"self":[{"href":"https:\/\/www.livingwithnets.com\/fr-be\/wp-json\/wp\/v2\/pages\/3168","targetHints":{"allow":["GET"]}}],"collection":[{"href":"https:\/\/www.livingwithnets.com\/fr-be\/wp-json\/wp\/v2\/pages"}],"about":[{"href":"https:\/\/www.livingwithnets.com\/fr-be\/wp-json\/wp\/v2\/types\/page"}],"author":[{"embeddable":true,"href":"https:\/\/www.livingwithnets.com\/fr-be\/wp-json\/wp\/v2\/users\/3"}],"replies":[{"embeddable":true,"href":"https:\/\/www.livingwithnets.com\/fr-be\/wp-json\/wp\/v2\/comments?post=3168"}],"version-history":[{"count":5,"href":"https:\/\/www.livingwithnets.com\/fr-be\/wp-json\/wp\/v2\/pages\/3168\/revisions"}],"predecessor-version":[{"id":5622,"href":"https:\/\/www.livingwithnets.com\/fr-be\/wp-json\/wp\/v2\/pages\/3168\/revisions\/5622"}],"wp:attachment":[{"href":"https:\/\/www.livingwithnets.com\/fr-be\/wp-json\/wp\/v2\/media?parent=3168"}],"curies":[{"name":"wp","href":"https:\/\/api.w.org\/{rel}","templated":true}]}}