{"id":29,"date":"2016-07-14T16:34:02","date_gmt":"2016-07-14T15:34:02","guid":{"rendered":"\/?page_id=29"},"modified":"2021-04-08T13:27:16","modified_gmt":"2021-04-08T12:27:16","slug":"quelle-est-la-frequence-des-tne","status":"publish","type":"page","link":"https:\/\/www.livingwithnets.com\/fr-be\/a-propos-des-tne\/en-savoir-plus-sur-les-tne\/quelle-est-la-frequence-des-tne\/","title":{"rendered":"Quelle est la fr\u00e9quence des TNE?"},"content":{"rendered":"","protected":false},"excerpt":{"rendered":"","protected":false},"author":1,"featured_media":0,"parent":17,"menu_order":3,"comment_status":"closed","ping_status":"closed","template":"template-general-content.php","meta":{"_acf_changed":false,"_monsterinsights_skip_tracking":false,"_monsterinsights_sitenote_active":false,"_monsterinsights_sitenote_note":"","_monsterinsights_sitenote_category":0,"footnotes":""},"class_list":["post-29","page","type-page","status-publish","hentry"],"yoast_head":"<!-- This site is optimized with the Yoast SEO plugin v25.9 - https:\/\/yoast.com\/wordpress\/plugins\/seo\/ -->\n<title>Quelle est la fr\u00e9quence des TNE? \u00c0 propos des tumeurs neuroendocrines (TNE)<\/title>\n<meta name=\"description\" content=\"Les TNE sont la classe de cancers \u00e0 la croissance la plus rapide dans le monde, repr\u00e9sentant environ 2% de tous les cancers \u00e0 un moment donn\u00e9. Ils surviennent chez les hommes et les femmes \u00e0 tout \u00e2ge.\" \/>\n<meta name=\"robots\" content=\"index, follow, max-snippet:-1, max-image-preview:large, max-video-preview:-1\" \/>\n<link rel=\"canonical\" href=\"https:\/\/www.livingwithnets.com\/fr-be\/a-propos-des-tne\/en-savoir-plus-sur-les-tne\/quelle-est-la-frequence-des-tne\/\" \/>\n<meta property=\"og:locale\" content=\"fr_FR\" \/>\n<meta property=\"og:type\" content=\"article\" \/>\n<meta property=\"og:title\" content=\"Quelle est la fr\u00e9quence des TNE? \u00c0 propos des tumeurs neuroendocrines (TNE)\" \/>\n<meta property=\"og:description\" content=\"Les TNE sont la classe de cancers \u00e0 la croissance la plus rapide dans le monde, repr\u00e9sentant environ 2% de tous les cancers \u00e0 un moment donn\u00e9. Ils surviennent chez les hommes et les femmes \u00e0 tout \u00e2ge.\" \/>\n<meta property=\"og:url\" content=\"https:\/\/www.livingwithnets.com\/fr-be\/a-propos-des-tne\/en-savoir-plus-sur-les-tne\/quelle-est-la-frequence-des-tne\/\" \/>\n<meta property=\"og:site_name\" content=\"Living with NETS - French (Belgium)\" \/>\n<meta property=\"article:modified_time\" content=\"2021-04-08T12:27:16+00:00\" \/>\n<meta name=\"twitter:card\" content=\"summary_large_image\" \/>\n<script type=\"application\/ld+json\" class=\"yoast-schema-graph\">{\"@context\":\"https:\/\/schema.org\",\"@graph\":[{\"@type\":\"WebPage\",\"@id\":\"https:\/\/www.livingwithnets.com\/fr-be\/a-propos-des-tne\/en-savoir-plus-sur-les-tne\/quelle-est-la-frequence-des-tne\/\",\"url\":\"https:\/\/www.livingwithnets.com\/fr-be\/a-propos-des-tne\/en-savoir-plus-sur-les-tne\/quelle-est-la-frequence-des-tne\/\",\"name\":\"Quelle est la fr\u00e9quence des TNE? \u00c0 propos des tumeurs neuroendocrines (TNE)\",\"isPartOf\":{\"@id\":\"https:\/\/www.livingwithnets.com\/fr-be\/#website\"},\"datePublished\":\"2016-07-14T15:34:02+00:00\",\"dateModified\":\"2021-04-08T12:27:16+00:00\",\"description\":\"Les TNE sont la classe de cancers \u00e0 la croissance la plus rapide dans le monde, repr\u00e9sentant environ 2% de tous les cancers \u00e0 un moment donn\u00e9. Ils surviennent chez les hommes et les femmes \u00e0 tout \u00e2ge.\",\"breadcrumb\":{\"@id\":\"https:\/\/www.livingwithnets.com\/fr-be\/a-propos-des-tne\/en-savoir-plus-sur-les-tne\/quelle-est-la-frequence-des-tne\/#breadcrumb\"},\"inLanguage\":\"fr-BE\",\"potentialAction\":[{\"@type\":\"ReadAction\",\"target\":[\"https:\/\/www.livingwithnets.com\/fr-be\/a-propos-des-tne\/en-savoir-plus-sur-les-tne\/quelle-est-la-frequence-des-tne\/\"]}]},{\"@type\":\"BreadcrumbList\",\"@id\":\"https:\/\/www.livingwithnets.com\/fr-be\/a-propos-des-tne\/en-savoir-plus-sur-les-tne\/quelle-est-la-frequence-des-tne\/#breadcrumb\",\"itemListElement\":[{\"@type\":\"ListItem\",\"position\":1,\"name\":\"Home\",\"item\":\"https:\/\/www.livingwithnets.com\/fr-be\/\"},{\"@type\":\"ListItem\",\"position\":2,\"name\":\"\u00c0 propos des TNE\",\"item\":\"https:\/\/www.livingwithnets.com\/fr-be\/a-propos-des-tne\/\"},{\"@type\":\"ListItem\",\"position\":3,\"name\":\"En savoir plus sur les TNE\",\"item\":\"https:\/\/www.livingwithnets.com\/fr-be\/a-propos-des-tne\/en-savoir-plus-sur-les-tne\/\"},{\"@type\":\"ListItem\",\"position\":4,\"name\":\"Quelle est la fr\u00e9quence des TNE?\"}]},{\"@type\":\"WebSite\",\"@id\":\"https:\/\/www.livingwithnets.com\/fr-be\/#website\",\"url\":\"https:\/\/www.livingwithnets.com\/fr-be\/\",\"name\":\"Living with NETS - French (Belgium)\",\"description\":\"Living with NETs - the home of neuroendocrine tumour information and support\",\"potentialAction\":[{\"@type\":\"SearchAction\",\"target\":{\"@type\":\"EntryPoint\",\"urlTemplate\":\"https:\/\/www.livingwithnets.com\/fr-be\/?s={search_term_string}\"},\"query-input\":{\"@type\":\"PropertyValueSpecification\",\"valueRequired\":true,\"valueName\":\"search_term_string\"}}],\"inLanguage\":\"fr-BE\"}]}<\/script>\n<!-- \/ Yoast SEO plugin. -->","yoast_head_json":{"title":"Quelle est la fr\u00e9quence des TNE? \u00c0 propos des tumeurs neuroendocrines (TNE)","description":"Les TNE sont la classe de cancers \u00e0 la croissance la plus rapide dans le monde, repr\u00e9sentant environ 2% de tous les cancers \u00e0 un moment donn\u00e9. Ils surviennent chez les hommes et les femmes \u00e0 tout \u00e2ge.","robots":{"index":"index","follow":"follow","max-snippet":"max-snippet:-1","max-image-preview":"max-image-preview:large","max-video-preview":"max-video-preview:-1"},"canonical":"https:\/\/www.livingwithnets.com\/fr-be\/a-propos-des-tne\/en-savoir-plus-sur-les-tne\/quelle-est-la-frequence-des-tne\/","og_locale":"fr_FR","og_type":"article","og_title":"Quelle est la fr\u00e9quence des TNE? \u00c0 propos des tumeurs neuroendocrines (TNE)","og_description":"Les TNE sont la classe de cancers \u00e0 la croissance la plus rapide dans le monde, repr\u00e9sentant environ 2% de tous les cancers \u00e0 un moment donn\u00e9. Ils surviennent chez les hommes et les femmes \u00e0 tout \u00e2ge.","og_url":"https:\/\/www.livingwithnets.com\/fr-be\/a-propos-des-tne\/en-savoir-plus-sur-les-tne\/quelle-est-la-frequence-des-tne\/","og_site_name":"Living with NETS - French (Belgium)","article_modified_time":"2021-04-08T12:27:16+00:00","twitter_card":"summary_large_image","schema":{"@context":"https:\/\/schema.org","@graph":[{"@type":"WebPage","@id":"https:\/\/www.livingwithnets.com\/fr-be\/a-propos-des-tne\/en-savoir-plus-sur-les-tne\/quelle-est-la-frequence-des-tne\/","url":"https:\/\/www.livingwithnets.com\/fr-be\/a-propos-des-tne\/en-savoir-plus-sur-les-tne\/quelle-est-la-frequence-des-tne\/","name":"Quelle est la fr\u00e9quence des TNE? \u00c0 propos des tumeurs neuroendocrines (TNE)","isPartOf":{"@id":"https:\/\/www.livingwithnets.com\/fr-be\/#website"},"datePublished":"2016-07-14T15:34:02+00:00","dateModified":"2021-04-08T12:27:16+00:00","description":"Les TNE sont la classe de cancers \u00e0 la croissance la plus rapide dans le monde, repr\u00e9sentant environ 2% de tous les cancers \u00e0 un moment donn\u00e9. Ils surviennent chez les hommes et les femmes \u00e0 tout \u00e2ge.","breadcrumb":{"@id":"https:\/\/www.livingwithnets.com\/fr-be\/a-propos-des-tne\/en-savoir-plus-sur-les-tne\/quelle-est-la-frequence-des-tne\/#breadcrumb"},"inLanguage":"fr-BE","potentialAction":[{"@type":"ReadAction","target":["https:\/\/www.livingwithnets.com\/fr-be\/a-propos-des-tne\/en-savoir-plus-sur-les-tne\/quelle-est-la-frequence-des-tne\/"]}]},{"@type":"BreadcrumbList","@id":"https:\/\/www.livingwithnets.com\/fr-be\/a-propos-des-tne\/en-savoir-plus-sur-les-tne\/quelle-est-la-frequence-des-tne\/#breadcrumb","itemListElement":[{"@type":"ListItem","position":1,"name":"Home","item":"https:\/\/www.livingwithnets.com\/fr-be\/"},{"@type":"ListItem","position":2,"name":"\u00c0 propos des TNE","item":"https:\/\/www.livingwithnets.com\/fr-be\/a-propos-des-tne\/"},{"@type":"ListItem","position":3,"name":"En savoir plus sur les TNE","item":"https:\/\/www.livingwithnets.com\/fr-be\/a-propos-des-tne\/en-savoir-plus-sur-les-tne\/"},{"@type":"ListItem","position":4,"name":"Quelle est la fr\u00e9quence des TNE?"}]},{"@type":"WebSite","@id":"https:\/\/www.livingwithnets.com\/fr-be\/#website","url":"https:\/\/www.livingwithnets.com\/fr-be\/","name":"Living with NETS - French (Belgium)","description":"Living with NETs - the home of neuroendocrine tumour information and support","potentialAction":[{"@type":"SearchAction","target":{"@type":"EntryPoint","urlTemplate":"https:\/\/www.livingwithnets.com\/fr-be\/?s={search_term_string}"},"query-input":{"@type":"PropertyValueSpecification","valueRequired":true,"valueName":"search_term_string"}}],"inLanguage":"fr-BE"}]}},"acf":[],"_links":{"self":[{"href":"https:\/\/www.livingwithnets.com\/fr-be\/wp-json\/wp\/v2\/pages\/29","targetHints":{"allow":["GET"]}}],"collection":[{"href":"https:\/\/www.livingwithnets.com\/fr-be\/wp-json\/wp\/v2\/pages"}],"about":[{"href":"https:\/\/www.livingwithnets.com\/fr-be\/wp-json\/wp\/v2\/types\/page"}],"author":[{"embeddable":true,"href":"https:\/\/www.livingwithnets.com\/fr-be\/wp-json\/wp\/v2\/users\/1"}],"replies":[{"embeddable":true,"href":"https:\/\/www.livingwithnets.com\/fr-be\/wp-json\/wp\/v2\/comments?post=29"}],"version-history":[{"count":5,"href":"https:\/\/www.livingwithnets.com\/fr-be\/wp-json\/wp\/v2\/pages\/29\/revisions"}],"predecessor-version":[{"id":5420,"href":"https:\/\/www.livingwithnets.com\/fr-be\/wp-json\/wp\/v2\/pages\/29\/revisions\/5420"}],"up":[{"embeddable":true,"href":"https:\/\/www.livingwithnets.com\/fr-be\/wp-json\/wp\/v2\/pages\/17"}],"wp:attachment":[{"href":"https:\/\/www.livingwithnets.com\/fr-be\/wp-json\/wp\/v2\/media?parent=29"}],"curies":[{"name":"wp","href":"https:\/\/api.w.org\/{rel}","templated":true}]}}