{"id":17,"date":"2016-07-14T16:07:37","date_gmt":"2016-07-14T15:07:37","guid":{"rendered":"\/?page_id=17"},"modified":"2021-11-08T14:07:33","modified_gmt":"2021-11-08T14:07:33","slug":"en-savoir-plus-sur-les-tne","status":"publish","type":"page","link":"https:\/\/www.livingwithnets.com\/fr-be\/a-propos-des-tne\/en-savoir-plus-sur-les-tne\/","title":{"rendered":"En savoir plus sur les TNE"},"content":{"rendered":"","protected":false},"excerpt":{"rendered":"","protected":false},"author":1,"featured_media":0,"parent":8,"menu_order":2,"comment_status":"closed","ping_status":"closed","template":"template-about-nets-bridging-page.php","meta":{"_acf_changed":false,"_monsterinsights_skip_tracking":false,"_monsterinsights_sitenote_active":false,"_monsterinsights_sitenote_note":"","_monsterinsights_sitenote_category":0,"footnotes":""},"class_list":["post-17","page","type-page","status-publish","hentry"],"yoast_head":"<!-- This site is optimized with the Yoast SEO plugin v23.8 - https:\/\/yoast.com\/wordpress\/plugins\/seo\/ -->\n<title>En savoir plus sur les TNE: \u00e0 propos des tumeurs neuroendocrines (TNE)<\/title>\n<meta name=\"description\" content=\"En savoir plus sur les TNE, y compris des r\u00e9ponses \u00e0 des questions telles que: Quels sont les sympt\u00f4mes des TNE? Qu&#039;est-ce qui cause les TNE? Que sont les tumeurs carcino\u00efdes et le syndrome carcino\u00efde?\" \/>\n<meta name=\"robots\" content=\"index, follow, max-snippet:-1, max-image-preview:large, max-video-preview:-1\" \/>\n<link rel=\"canonical\" href=\"https:\/\/www.livingwithnets.com\/fr-be\/a-propos-des-tne\/en-savoir-plus-sur-les-tne\/\" \/>\n<meta property=\"og:locale\" content=\"fr_FR\" \/>\n<meta property=\"og:type\" content=\"article\" \/>\n<meta property=\"og:title\" content=\"En savoir plus sur les TNE: \u00e0 propos des tumeurs neuroendocrines (TNE)\" \/>\n<meta property=\"og:description\" content=\"En savoir plus sur les TNE, y compris des r\u00e9ponses \u00e0 des questions telles que: Quels sont les sympt\u00f4mes des TNE? Qu&#039;est-ce qui cause les TNE? Que sont les tumeurs carcino\u00efdes et le syndrome carcino\u00efde?\" \/>\n<meta property=\"og:url\" content=\"https:\/\/www.livingwithnets.com\/fr-be\/a-propos-des-tne\/en-savoir-plus-sur-les-tne\/\" \/>\n<meta property=\"og:site_name\" content=\"Living with NETS - French (Belgium)\" \/>\n<meta property=\"article:modified_time\" content=\"2021-11-08T14:07:33+00:00\" \/>\n<meta name=\"twitter:card\" content=\"summary_large_image\" \/>\n<script type=\"application\/ld+json\" class=\"yoast-schema-graph\">{\"@context\":\"https:\/\/schema.org\",\"@graph\":[{\"@type\":\"WebPage\",\"@id\":\"https:\/\/www.livingwithnets.com\/fr-be\/a-propos-des-tne\/en-savoir-plus-sur-les-tne\/\",\"url\":\"https:\/\/www.livingwithnets.com\/fr-be\/a-propos-des-tne\/en-savoir-plus-sur-les-tne\/\",\"name\":\"En savoir plus sur les TNE: \u00e0 propos des tumeurs neuroendocrines (TNE)\",\"isPartOf\":{\"@id\":\"https:\/\/www.livingwithnets.com\/fr-be\/#website\"},\"datePublished\":\"2016-07-14T15:07:37+00:00\",\"dateModified\":\"2021-11-08T14:07:33+00:00\",\"description\":\"En savoir plus sur les TNE, y compris des r\u00e9ponses \u00e0 des questions telles que: Quels sont les sympt\u00f4mes des TNE? Qu'est-ce qui cause les TNE? Que sont les tumeurs carcino\u00efdes et le syndrome carcino\u00efde?\",\"breadcrumb\":{\"@id\":\"https:\/\/www.livingwithnets.com\/fr-be\/a-propos-des-tne\/en-savoir-plus-sur-les-tne\/#breadcrumb\"},\"inLanguage\":\"fr-BE\",\"potentialAction\":[{\"@type\":\"ReadAction\",\"target\":[\"https:\/\/www.livingwithnets.com\/fr-be\/a-propos-des-tne\/en-savoir-plus-sur-les-tne\/\"]}]},{\"@type\":\"BreadcrumbList\",\"@id\":\"https:\/\/www.livingwithnets.com\/fr-be\/a-propos-des-tne\/en-savoir-plus-sur-les-tne\/#breadcrumb\",\"itemListElement\":[{\"@type\":\"ListItem\",\"position\":1,\"name\":\"Home\",\"item\":\"https:\/\/www.livingwithnets.com\/fr-be\/\"},{\"@type\":\"ListItem\",\"position\":2,\"name\":\"\u00c0 propos des TNE\",\"item\":\"https:\/\/www.livingwithnets.com\/fr-be\/a-propos-des-tne\/\"},{\"@type\":\"ListItem\",\"position\":3,\"name\":\"En savoir plus sur les TNE\"}]},{\"@type\":\"WebSite\",\"@id\":\"https:\/\/www.livingwithnets.com\/fr-be\/#website\",\"url\":\"https:\/\/www.livingwithnets.com\/fr-be\/\",\"name\":\"Living with NETS - French (Belgium)\",\"description\":\"Living with NETs - the home of neuroendocrine tumour information and support\",\"potentialAction\":[{\"@type\":\"SearchAction\",\"target\":{\"@type\":\"EntryPoint\",\"urlTemplate\":\"https:\/\/www.livingwithnets.com\/fr-be\/?s={search_term_string}\"},\"query-input\":{\"@type\":\"PropertyValueSpecification\",\"valueRequired\":true,\"valueName\":\"search_term_string\"}}],\"inLanguage\":\"fr-BE\"}]}<\/script>\n<!-- \/ Yoast SEO plugin. -->","yoast_head_json":{"title":"En savoir plus sur les TNE: \u00e0 propos des tumeurs neuroendocrines (TNE)","description":"En savoir plus sur les TNE, y compris des r\u00e9ponses \u00e0 des questions telles que: Quels sont les sympt\u00f4mes des TNE? Qu'est-ce qui cause les TNE? Que sont les tumeurs carcino\u00efdes et le syndrome carcino\u00efde?","robots":{"index":"index","follow":"follow","max-snippet":"max-snippet:-1","max-image-preview":"max-image-preview:large","max-video-preview":"max-video-preview:-1"},"canonical":"https:\/\/www.livingwithnets.com\/fr-be\/a-propos-des-tne\/en-savoir-plus-sur-les-tne\/","og_locale":"fr_FR","og_type":"article","og_title":"En savoir plus sur les TNE: \u00e0 propos des tumeurs neuroendocrines (TNE)","og_description":"En savoir plus sur les TNE, y compris des r\u00e9ponses \u00e0 des questions telles que: Quels sont les sympt\u00f4mes des TNE? Qu'est-ce qui cause les TNE? Que sont les tumeurs carcino\u00efdes et le syndrome carcino\u00efde?","og_url":"https:\/\/www.livingwithnets.com\/fr-be\/a-propos-des-tne\/en-savoir-plus-sur-les-tne\/","og_site_name":"Living with NETS - French (Belgium)","article_modified_time":"2021-11-08T14:07:33+00:00","twitter_card":"summary_large_image","schema":{"@context":"https:\/\/schema.org","@graph":[{"@type":"WebPage","@id":"https:\/\/www.livingwithnets.com\/fr-be\/a-propos-des-tne\/en-savoir-plus-sur-les-tne\/","url":"https:\/\/www.livingwithnets.com\/fr-be\/a-propos-des-tne\/en-savoir-plus-sur-les-tne\/","name":"En savoir plus sur les TNE: \u00e0 propos des tumeurs neuroendocrines (TNE)","isPartOf":{"@id":"https:\/\/www.livingwithnets.com\/fr-be\/#website"},"datePublished":"2016-07-14T15:07:37+00:00","dateModified":"2021-11-08T14:07:33+00:00","description":"En savoir plus sur les TNE, y compris des r\u00e9ponses \u00e0 des questions telles que: Quels sont les sympt\u00f4mes des TNE? Qu'est-ce qui cause les TNE? Que sont les tumeurs carcino\u00efdes et le syndrome carcino\u00efde?","breadcrumb":{"@id":"https:\/\/www.livingwithnets.com\/fr-be\/a-propos-des-tne\/en-savoir-plus-sur-les-tne\/#breadcrumb"},"inLanguage":"fr-BE","potentialAction":[{"@type":"ReadAction","target":["https:\/\/www.livingwithnets.com\/fr-be\/a-propos-des-tne\/en-savoir-plus-sur-les-tne\/"]}]},{"@type":"BreadcrumbList","@id":"https:\/\/www.livingwithnets.com\/fr-be\/a-propos-des-tne\/en-savoir-plus-sur-les-tne\/#breadcrumb","itemListElement":[{"@type":"ListItem","position":1,"name":"Home","item":"https:\/\/www.livingwithnets.com\/fr-be\/"},{"@type":"ListItem","position":2,"name":"\u00c0 propos des TNE","item":"https:\/\/www.livingwithnets.com\/fr-be\/a-propos-des-tne\/"},{"@type":"ListItem","position":3,"name":"En savoir plus sur les TNE"}]},{"@type":"WebSite","@id":"https:\/\/www.livingwithnets.com\/fr-be\/#website","url":"https:\/\/www.livingwithnets.com\/fr-be\/","name":"Living with NETS - French (Belgium)","description":"Living with NETs - the home of neuroendocrine tumour information and support","potentialAction":[{"@type":"SearchAction","target":{"@type":"EntryPoint","urlTemplate":"https:\/\/www.livingwithnets.com\/fr-be\/?s={search_term_string}"},"query-input":{"@type":"PropertyValueSpecification","valueRequired":true,"valueName":"search_term_string"}}],"inLanguage":"fr-BE"}]}},"acf":[],"_links":{"self":[{"href":"https:\/\/www.livingwithnets.com\/fr-be\/wp-json\/wp\/v2\/pages\/17","targetHints":{"allow":["GET"]}}],"collection":[{"href":"https:\/\/www.livingwithnets.com\/fr-be\/wp-json\/wp\/v2\/pages"}],"about":[{"href":"https:\/\/www.livingwithnets.com\/fr-be\/wp-json\/wp\/v2\/types\/page"}],"author":[{"embeddable":true,"href":"https:\/\/www.livingwithnets.com\/fr-be\/wp-json\/wp\/v2\/users\/1"}],"replies":[{"embeddable":true,"href":"https:\/\/www.livingwithnets.com\/fr-be\/wp-json\/wp\/v2\/comments?post=17"}],"version-history":[{"count":5,"href":"https:\/\/www.livingwithnets.com\/fr-be\/wp-json\/wp\/v2\/pages\/17\/revisions"}],"predecessor-version":[{"id":5566,"href":"https:\/\/www.livingwithnets.com\/fr-be\/wp-json\/wp\/v2\/pages\/17\/revisions\/5566"}],"up":[{"embeddable":true,"href":"https:\/\/www.livingwithnets.com\/fr-be\/wp-json\/wp\/v2\/pages\/8"}],"wp:attachment":[{"href":"https:\/\/www.livingwithnets.com\/fr-be\/wp-json\/wp\/v2\/media?parent=17"}],"curies":[{"name":"wp","href":"https:\/\/api.w.org\/{rel}","templated":true}]}}