{"id":1268,"date":"2016-08-23T19:07:02","date_gmt":"2016-08-23T18:07:02","guid":{"rendered":"\/?page_id=1268"},"modified":"2021-06-27T22:22:38","modified_gmt":"2021-06-27T21:22:38","slug":"que-se-passera-t-il-a-long-terme","status":"publish","type":"page","link":"https:\/\/www.livingwithnets.com\/fr-be\/a-propos-des-tne\/en-savoir-plus-sur-les-tne\/que-se-passera-t-il-a-long-terme\/","title":{"rendered":"Que se passera-t-il \u00e0 long terme?"},"content":{"rendered":"","protected":false},"excerpt":{"rendered":"","protected":false},"author":3,"featured_media":0,"parent":17,"menu_order":6,"comment_status":"closed","ping_status":"closed","template":"template-general-content.php","meta":{"_acf_changed":false,"_monsterinsights_skip_tracking":false,"_monsterinsights_sitenote_active":false,"_monsterinsights_sitenote_note":"","_monsterinsights_sitenote_category":0,"footnotes":""},"class_list":["post-1268","page","type-page","status-publish","hentry"],"yoast_head":"<!-- This site is optimized with the Yoast SEO plugin v25.9 - https:\/\/yoast.com\/wordpress\/plugins\/seo\/ -->\n<title>Que se passera-t-il \u00e0 long terme? \u00c0 propos des tumeurs neuroendocrines (TNE)<\/title>\n<meta name=\"description\" content=\"D\u00e9couvrez comment les tumeurs neuroendocrines (TNE) affectent l&#039;esp\u00e9rance de vie et comment la localisation, la taille et le grade des TNE peuvent aider les m\u00e9decins \u00e0 d\u00e9cider comment traiter le cancer neuroendocrinien.\" \/>\n<meta name=\"robots\" content=\"index, follow, max-snippet:-1, max-image-preview:large, max-video-preview:-1\" \/>\n<link rel=\"canonical\" href=\"https:\/\/www.livingwithnets.com\/fr-be\/a-propos-des-tne\/en-savoir-plus-sur-les-tne\/que-se-passera-t-il-a-long-terme\/\" \/>\n<meta property=\"og:locale\" content=\"fr_FR\" \/>\n<meta property=\"og:type\" content=\"article\" \/>\n<meta property=\"og:title\" content=\"Que se passera-t-il \u00e0 long terme? \u00c0 propos des tumeurs neuroendocrines (TNE)\" \/>\n<meta property=\"og:description\" content=\"D\u00e9couvrez comment les tumeurs neuroendocrines (TNE) affectent l&#039;esp\u00e9rance de vie et comment la localisation, la taille et le grade des TNE peuvent aider les m\u00e9decins \u00e0 d\u00e9cider comment traiter le cancer neuroendocrinien.\" \/>\n<meta property=\"og:url\" content=\"https:\/\/www.livingwithnets.com\/fr-be\/a-propos-des-tne\/en-savoir-plus-sur-les-tne\/que-se-passera-t-il-a-long-terme\/\" \/>\n<meta property=\"og:site_name\" content=\"Living with NETS - French (Belgium)\" \/>\n<meta property=\"article:modified_time\" content=\"2021-06-27T21:22:38+00:00\" \/>\n<meta name=\"twitter:card\" content=\"summary_large_image\" \/>\n<script type=\"application\/ld+json\" class=\"yoast-schema-graph\">{\"@context\":\"https:\/\/schema.org\",\"@graph\":[{\"@type\":\"WebPage\",\"@id\":\"https:\/\/www.livingwithnets.com\/fr-be\/a-propos-des-tne\/en-savoir-plus-sur-les-tne\/que-se-passera-t-il-a-long-terme\/\",\"url\":\"https:\/\/www.livingwithnets.com\/fr-be\/a-propos-des-tne\/en-savoir-plus-sur-les-tne\/que-se-passera-t-il-a-long-terme\/\",\"name\":\"Que se passera-t-il \u00e0 long terme? \u00c0 propos des tumeurs neuroendocrines (TNE)\",\"isPartOf\":{\"@id\":\"https:\/\/www.livingwithnets.com\/fr-be\/#website\"},\"datePublished\":\"2016-08-23T18:07:02+00:00\",\"dateModified\":\"2021-06-27T21:22:38+00:00\",\"description\":\"D\u00e9couvrez comment les tumeurs neuroendocrines (TNE) affectent l'esp\u00e9rance de vie et comment la localisation, la taille et le grade des TNE peuvent aider les m\u00e9decins \u00e0 d\u00e9cider comment traiter le cancer neuroendocrinien.\",\"breadcrumb\":{\"@id\":\"https:\/\/www.livingwithnets.com\/fr-be\/a-propos-des-tne\/en-savoir-plus-sur-les-tne\/que-se-passera-t-il-a-long-terme\/#breadcrumb\"},\"inLanguage\":\"fr-BE\",\"potentialAction\":[{\"@type\":\"ReadAction\",\"target\":[\"https:\/\/www.livingwithnets.com\/fr-be\/a-propos-des-tne\/en-savoir-plus-sur-les-tne\/que-se-passera-t-il-a-long-terme\/\"]}]},{\"@type\":\"BreadcrumbList\",\"@id\":\"https:\/\/www.livingwithnets.com\/fr-be\/a-propos-des-tne\/en-savoir-plus-sur-les-tne\/que-se-passera-t-il-a-long-terme\/#breadcrumb\",\"itemListElement\":[{\"@type\":\"ListItem\",\"position\":1,\"name\":\"Home\",\"item\":\"https:\/\/www.livingwithnets.com\/fr-be\/\"},{\"@type\":\"ListItem\",\"position\":2,\"name\":\"\u00c0 propos des TNE\",\"item\":\"https:\/\/www.livingwithnets.com\/fr-be\/a-propos-des-tne\/\"},{\"@type\":\"ListItem\",\"position\":3,\"name\":\"En savoir plus sur les TNE\",\"item\":\"https:\/\/www.livingwithnets.com\/fr-be\/a-propos-des-tne\/en-savoir-plus-sur-les-tne\/\"},{\"@type\":\"ListItem\",\"position\":4,\"name\":\"Que se passera-t-il \u00e0 long terme?\"}]},{\"@type\":\"WebSite\",\"@id\":\"https:\/\/www.livingwithnets.com\/fr-be\/#website\",\"url\":\"https:\/\/www.livingwithnets.com\/fr-be\/\",\"name\":\"Living with NETS - French (Belgium)\",\"description\":\"Living with NETs - the home of neuroendocrine tumour information and support\",\"potentialAction\":[{\"@type\":\"SearchAction\",\"target\":{\"@type\":\"EntryPoint\",\"urlTemplate\":\"https:\/\/www.livingwithnets.com\/fr-be\/?s={search_term_string}\"},\"query-input\":{\"@type\":\"PropertyValueSpecification\",\"valueRequired\":true,\"valueName\":\"search_term_string\"}}],\"inLanguage\":\"fr-BE\"}]}<\/script>\n<!-- \/ Yoast SEO plugin. -->","yoast_head_json":{"title":"Que se passera-t-il \u00e0 long terme? \u00c0 propos des tumeurs neuroendocrines (TNE)","description":"D\u00e9couvrez comment les tumeurs neuroendocrines (TNE) affectent l'esp\u00e9rance de vie et comment la localisation, la taille et le grade des TNE peuvent aider les m\u00e9decins \u00e0 d\u00e9cider comment traiter le cancer neuroendocrinien.","robots":{"index":"index","follow":"follow","max-snippet":"max-snippet:-1","max-image-preview":"max-image-preview:large","max-video-preview":"max-video-preview:-1"},"canonical":"https:\/\/www.livingwithnets.com\/fr-be\/a-propos-des-tne\/en-savoir-plus-sur-les-tne\/que-se-passera-t-il-a-long-terme\/","og_locale":"fr_FR","og_type":"article","og_title":"Que se passera-t-il \u00e0 long terme? \u00c0 propos des tumeurs neuroendocrines (TNE)","og_description":"D\u00e9couvrez comment les tumeurs neuroendocrines (TNE) affectent l'esp\u00e9rance de vie et comment la localisation, la taille et le grade des TNE peuvent aider les m\u00e9decins \u00e0 d\u00e9cider comment traiter le cancer neuroendocrinien.","og_url":"https:\/\/www.livingwithnets.com\/fr-be\/a-propos-des-tne\/en-savoir-plus-sur-les-tne\/que-se-passera-t-il-a-long-terme\/","og_site_name":"Living with NETS - French (Belgium)","article_modified_time":"2021-06-27T21:22:38+00:00","twitter_card":"summary_large_image","schema":{"@context":"https:\/\/schema.org","@graph":[{"@type":"WebPage","@id":"https:\/\/www.livingwithnets.com\/fr-be\/a-propos-des-tne\/en-savoir-plus-sur-les-tne\/que-se-passera-t-il-a-long-terme\/","url":"https:\/\/www.livingwithnets.com\/fr-be\/a-propos-des-tne\/en-savoir-plus-sur-les-tne\/que-se-passera-t-il-a-long-terme\/","name":"Que se passera-t-il \u00e0 long terme? \u00c0 propos des tumeurs neuroendocrines (TNE)","isPartOf":{"@id":"https:\/\/www.livingwithnets.com\/fr-be\/#website"},"datePublished":"2016-08-23T18:07:02+00:00","dateModified":"2021-06-27T21:22:38+00:00","description":"D\u00e9couvrez comment les tumeurs neuroendocrines (TNE) affectent l'esp\u00e9rance de vie et comment la localisation, la taille et le grade des TNE peuvent aider les m\u00e9decins \u00e0 d\u00e9cider comment traiter le cancer neuroendocrinien.","breadcrumb":{"@id":"https:\/\/www.livingwithnets.com\/fr-be\/a-propos-des-tne\/en-savoir-plus-sur-les-tne\/que-se-passera-t-il-a-long-terme\/#breadcrumb"},"inLanguage":"fr-BE","potentialAction":[{"@type":"ReadAction","target":["https:\/\/www.livingwithnets.com\/fr-be\/a-propos-des-tne\/en-savoir-plus-sur-les-tne\/que-se-passera-t-il-a-long-terme\/"]}]},{"@type":"BreadcrumbList","@id":"https:\/\/www.livingwithnets.com\/fr-be\/a-propos-des-tne\/en-savoir-plus-sur-les-tne\/que-se-passera-t-il-a-long-terme\/#breadcrumb","itemListElement":[{"@type":"ListItem","position":1,"name":"Home","item":"https:\/\/www.livingwithnets.com\/fr-be\/"},{"@type":"ListItem","position":2,"name":"\u00c0 propos des TNE","item":"https:\/\/www.livingwithnets.com\/fr-be\/a-propos-des-tne\/"},{"@type":"ListItem","position":3,"name":"En savoir plus sur les TNE","item":"https:\/\/www.livingwithnets.com\/fr-be\/a-propos-des-tne\/en-savoir-plus-sur-les-tne\/"},{"@type":"ListItem","position":4,"name":"Que se passera-t-il \u00e0 long terme?"}]},{"@type":"WebSite","@id":"https:\/\/www.livingwithnets.com\/fr-be\/#website","url":"https:\/\/www.livingwithnets.com\/fr-be\/","name":"Living with NETS - French (Belgium)","description":"Living with NETs - the home of neuroendocrine tumour information and support","potentialAction":[{"@type":"SearchAction","target":{"@type":"EntryPoint","urlTemplate":"https:\/\/www.livingwithnets.com\/fr-be\/?s={search_term_string}"},"query-input":{"@type":"PropertyValueSpecification","valueRequired":true,"valueName":"search_term_string"}}],"inLanguage":"fr-BE"}]}},"acf":[],"_links":{"self":[{"href":"https:\/\/www.livingwithnets.com\/fr-be\/wp-json\/wp\/v2\/pages\/1268","targetHints":{"allow":["GET"]}}],"collection":[{"href":"https:\/\/www.livingwithnets.com\/fr-be\/wp-json\/wp\/v2\/pages"}],"about":[{"href":"https:\/\/www.livingwithnets.com\/fr-be\/wp-json\/wp\/v2\/types\/page"}],"author":[{"embeddable":true,"href":"https:\/\/www.livingwithnets.com\/fr-be\/wp-json\/wp\/v2\/users\/3"}],"replies":[{"embeddable":true,"href":"https:\/\/www.livingwithnets.com\/fr-be\/wp-json\/wp\/v2\/comments?post=1268"}],"version-history":[{"count":5,"href":"https:\/\/www.livingwithnets.com\/fr-be\/wp-json\/wp\/v2\/pages\/1268\/revisions"}],"predecessor-version":[{"id":5499,"href":"https:\/\/www.livingwithnets.com\/fr-be\/wp-json\/wp\/v2\/pages\/1268\/revisions\/5499"}],"up":[{"embeddable":true,"href":"https:\/\/www.livingwithnets.com\/fr-be\/wp-json\/wp\/v2\/pages\/17"}],"wp:attachment":[{"href":"https:\/\/www.livingwithnets.com\/fr-be\/wp-json\/wp\/v2\/media?parent=1268"}],"curies":[{"name":"wp","href":"https:\/\/api.w.org\/{rel}","templated":true}]}}