{"id":10,"date":"2016-07-14T16:01:14","date_gmt":"2016-07-14T15:01:14","guid":{"rendered":"\/?page_id=10"},"modified":"2021-11-17T10:49:18","modified_gmt":"2021-11-17T10:49:18","slug":"vivre-avec-une-tne","status":"publish","type":"page","link":"https:\/\/www.livingwithnets.com\/fr-be\/vivre-avec-une-tne\/","title":{"rendered":"Vivre avec une TNE"},"content":{"rendered":"","protected":false},"excerpt":{"rendered":"","protected":false},"author":1,"featured_media":0,"parent":0,"menu_order":4,"comment_status":"closed","ping_status":"closed","template":"template-living-with-nets-bridging-page.php","meta":{"_acf_changed":false,"_monsterinsights_skip_tracking":false,"_monsterinsights_sitenote_active":false,"_monsterinsights_sitenote_note":"","_monsterinsights_sitenote_category":0,"footnotes":""},"class_list":["post-10","page","type-page","status-publish","hentry"],"yoast_head":"<!-- This site is optimized with the Yoast SEO plugin v25.9 - https:\/\/yoast.com\/wordpress\/plugins\/seo\/ -->\n<title>Vivre avec une TNE: informations sur les tumeurs neuroendocrines (TNE)<\/title>\n<meta name=\"description\" content=\"D\u00e9couvrez ce que c&#039;est que de vivre \u00e0 long terme avec des tumeurs neuroendocrines (TNE). Obtenez des conseils sur la mani\u00e8re de parler des TNE, de travailler avec une TNE et de voyager avec une TNE.\" \/>\n<meta name=\"robots\" content=\"index, follow, max-snippet:-1, max-image-preview:large, max-video-preview:-1\" \/>\n<link rel=\"canonical\" href=\"https:\/\/www.livingwithnets.com\/fr-be\/vivre-avec-une-tne\/\" \/>\n<meta property=\"og:locale\" content=\"fr_FR\" \/>\n<meta property=\"og:type\" content=\"article\" \/>\n<meta property=\"og:title\" content=\"Vivre avec une TNE: informations sur les tumeurs neuroendocrines (TNE)\" \/>\n<meta property=\"og:description\" content=\"D\u00e9couvrez ce que c&#039;est que de vivre \u00e0 long terme avec des tumeurs neuroendocrines (TNE). Obtenez des conseils sur la mani\u00e8re de parler des TNE, de travailler avec une TNE et de voyager avec une TNE.\" \/>\n<meta property=\"og:url\" content=\"https:\/\/www.livingwithnets.com\/fr-be\/vivre-avec-une-tne\/\" \/>\n<meta property=\"og:site_name\" content=\"Living with NETS - French (Belgium)\" \/>\n<meta property=\"article:modified_time\" content=\"2021-11-17T10:49:18+00:00\" \/>\n<meta name=\"twitter:card\" content=\"summary_large_image\" \/>\n<script type=\"application\/ld+json\" class=\"yoast-schema-graph\">{\"@context\":\"https:\/\/schema.org\",\"@graph\":[{\"@type\":\"WebPage\",\"@id\":\"https:\/\/www.livingwithnets.com\/fr-be\/vivre-avec-une-tne\/\",\"url\":\"https:\/\/www.livingwithnets.com\/fr-be\/vivre-avec-une-tne\/\",\"name\":\"Vivre avec une TNE: informations sur les tumeurs neuroendocrines (TNE)\",\"isPartOf\":{\"@id\":\"https:\/\/www.livingwithnets.com\/fr-be\/#website\"},\"datePublished\":\"2016-07-14T15:01:14+00:00\",\"dateModified\":\"2021-11-17T10:49:18+00:00\",\"description\":\"D\u00e9couvrez ce que c'est que de vivre \u00e0 long terme avec des tumeurs neuroendocrines (TNE). Obtenez des conseils sur la mani\u00e8re de parler des TNE, de travailler avec une TNE et de voyager avec une TNE.\",\"breadcrumb\":{\"@id\":\"https:\/\/www.livingwithnets.com\/fr-be\/vivre-avec-une-tne\/#breadcrumb\"},\"inLanguage\":\"fr-BE\",\"potentialAction\":[{\"@type\":\"ReadAction\",\"target\":[\"https:\/\/www.livingwithnets.com\/fr-be\/vivre-avec-une-tne\/\"]}]},{\"@type\":\"BreadcrumbList\",\"@id\":\"https:\/\/www.livingwithnets.com\/fr-be\/vivre-avec-une-tne\/#breadcrumb\",\"itemListElement\":[{\"@type\":\"ListItem\",\"position\":1,\"name\":\"Home\",\"item\":\"https:\/\/www.livingwithnets.com\/fr-be\/\"},{\"@type\":\"ListItem\",\"position\":2,\"name\":\"Vivre avec une TNE\"}]},{\"@type\":\"WebSite\",\"@id\":\"https:\/\/www.livingwithnets.com\/fr-be\/#website\",\"url\":\"https:\/\/www.livingwithnets.com\/fr-be\/\",\"name\":\"Living with NETS - French (Belgium)\",\"description\":\"Living with NETs - the home of neuroendocrine tumour information and support\",\"potentialAction\":[{\"@type\":\"SearchAction\",\"target\":{\"@type\":\"EntryPoint\",\"urlTemplate\":\"https:\/\/www.livingwithnets.com\/fr-be\/?s={search_term_string}\"},\"query-input\":{\"@type\":\"PropertyValueSpecification\",\"valueRequired\":true,\"valueName\":\"search_term_string\"}}],\"inLanguage\":\"fr-BE\"}]}<\/script>\n<!-- \/ Yoast SEO plugin. -->","yoast_head_json":{"title":"Vivre avec une TNE: informations sur les tumeurs neuroendocrines (TNE)","description":"D\u00e9couvrez ce que c'est que de vivre \u00e0 long terme avec des tumeurs neuroendocrines (TNE). Obtenez des conseils sur la mani\u00e8re de parler des TNE, de travailler avec une TNE et de voyager avec une TNE.","robots":{"index":"index","follow":"follow","max-snippet":"max-snippet:-1","max-image-preview":"max-image-preview:large","max-video-preview":"max-video-preview:-1"},"canonical":"https:\/\/www.livingwithnets.com\/fr-be\/vivre-avec-une-tne\/","og_locale":"fr_FR","og_type":"article","og_title":"Vivre avec une TNE: informations sur les tumeurs neuroendocrines (TNE)","og_description":"D\u00e9couvrez ce que c'est que de vivre \u00e0 long terme avec des tumeurs neuroendocrines (TNE). Obtenez des conseils sur la mani\u00e8re de parler des TNE, de travailler avec une TNE et de voyager avec une TNE.","og_url":"https:\/\/www.livingwithnets.com\/fr-be\/vivre-avec-une-tne\/","og_site_name":"Living with NETS - French (Belgium)","article_modified_time":"2021-11-17T10:49:18+00:00","twitter_card":"summary_large_image","schema":{"@context":"https:\/\/schema.org","@graph":[{"@type":"WebPage","@id":"https:\/\/www.livingwithnets.com\/fr-be\/vivre-avec-une-tne\/","url":"https:\/\/www.livingwithnets.com\/fr-be\/vivre-avec-une-tne\/","name":"Vivre avec une TNE: informations sur les tumeurs neuroendocrines (TNE)","isPartOf":{"@id":"https:\/\/www.livingwithnets.com\/fr-be\/#website"},"datePublished":"2016-07-14T15:01:14+00:00","dateModified":"2021-11-17T10:49:18+00:00","description":"D\u00e9couvrez ce que c'est que de vivre \u00e0 long terme avec des tumeurs neuroendocrines (TNE). Obtenez des conseils sur la mani\u00e8re de parler des TNE, de travailler avec une TNE et de voyager avec une TNE.","breadcrumb":{"@id":"https:\/\/www.livingwithnets.com\/fr-be\/vivre-avec-une-tne\/#breadcrumb"},"inLanguage":"fr-BE","potentialAction":[{"@type":"ReadAction","target":["https:\/\/www.livingwithnets.com\/fr-be\/vivre-avec-une-tne\/"]}]},{"@type":"BreadcrumbList","@id":"https:\/\/www.livingwithnets.com\/fr-be\/vivre-avec-une-tne\/#breadcrumb","itemListElement":[{"@type":"ListItem","position":1,"name":"Home","item":"https:\/\/www.livingwithnets.com\/fr-be\/"},{"@type":"ListItem","position":2,"name":"Vivre avec une TNE"}]},{"@type":"WebSite","@id":"https:\/\/www.livingwithnets.com\/fr-be\/#website","url":"https:\/\/www.livingwithnets.com\/fr-be\/","name":"Living with NETS - French (Belgium)","description":"Living with NETs - the home of neuroendocrine tumour information and support","potentialAction":[{"@type":"SearchAction","target":{"@type":"EntryPoint","urlTemplate":"https:\/\/www.livingwithnets.com\/fr-be\/?s={search_term_string}"},"query-input":{"@type":"PropertyValueSpecification","valueRequired":true,"valueName":"search_term_string"}}],"inLanguage":"fr-BE"}]}},"acf":[],"_links":{"self":[{"href":"https:\/\/www.livingwithnets.com\/fr-be\/wp-json\/wp\/v2\/pages\/10","targetHints":{"allow":["GET"]}}],"collection":[{"href":"https:\/\/www.livingwithnets.com\/fr-be\/wp-json\/wp\/v2\/pages"}],"about":[{"href":"https:\/\/www.livingwithnets.com\/fr-be\/wp-json\/wp\/v2\/types\/page"}],"author":[{"embeddable":true,"href":"https:\/\/www.livingwithnets.com\/fr-be\/wp-json\/wp\/v2\/users\/1"}],"replies":[{"embeddable":true,"href":"https:\/\/www.livingwithnets.com\/fr-be\/wp-json\/wp\/v2\/comments?post=10"}],"version-history":[{"count":5,"href":"https:\/\/www.livingwithnets.com\/fr-be\/wp-json\/wp\/v2\/pages\/10\/revisions"}],"predecessor-version":[{"id":5618,"href":"https:\/\/www.livingwithnets.com\/fr-be\/wp-json\/wp\/v2\/pages\/10\/revisions\/5618"}],"wp:attachment":[{"href":"https:\/\/www.livingwithnets.com\/fr-be\/wp-json\/wp\/v2\/media?parent=10"}],"curies":[{"name":"wp","href":"https:\/\/api.w.org\/{rel}","templated":true}]}}